{"id":612,"date":"2021-03-26T10:04:13","date_gmt":"2021-03-26T10:04:13","guid":{"rendered":"http:\/\/localhost\/nuss\/?page_id=612"},"modified":"2026-04-04T08:57:48","modified_gmt":"2026-04-04T08:57:48","slug":"restaurant","status":"publish","type":"page","link":"https:\/\/sumlodolcampingpark.com\/it\/restaurant\/","title":{"rendered":"Ristorante"},"content":{"rendered":"<div data-elementor-type=\"wp-page\" data-elementor-id=\"612\" class=\"elementor elementor-612\">\n\t\t\t\t\t\t<section class=\"elementor-section elementor-top-section elementor-element elementor-element-e2effe8 elementor-section-boxed elementor-section-gap-beside-yes elementor-section-height-default elementor-section-height-default elementor-section-column-vertical-align-stretch\" data-id=\"e2effe8\" data-element_type=\"section\" data-e-type=\"section\">\n\t\t\t\t\t\t<div class=\"elementor-container elementor-column-gap-extended\">\n\t\t\t\t\t<div class=\"elementor-column elementor-col-100 elementor-top-column elementor-element elementor-element-e18f688\" data-id=\"e18f688\" data-element_type=\"column\" data-e-type=\"column\">\n\t\t\t<div class=\"elementor-widget-wrap elementor-element-populated\">\n\t\t\t\t\t\t<div class=\"elementor-element elementor-element-6db146d elementor-widget__width-initial elementor-invisible elementor-widget elementor-widget-text-editor\" data-id=\"6db146d\" data-element_type=\"widget\" data-e-type=\"widget\" data-settings=\"{&quot;_animation&quot;:&quot;nussFadeInUp&quot;}\" data-widget_type=\"text-editor.default\">\n\t\t\t\t\t\t\t\t\tAssapora il momento: l&#039;eccellenza culinaria nell&#039;esperienza gastronomica esclusiva del campeggio Hengqin Sumlodol.\t\t\t\t\t\t\t\t<\/div>\n\t\t\t\t\t<\/div>\n\t\t<\/div>\n\t\t\t\t\t<\/div>\n\t\t<\/section>\n\t\t<div class=\"elementor-element elementor-element-d192a97 e-flex e-con-boxed e-con e-parent\" data-id=\"d192a97\" data-element_type=\"container\" data-e-type=\"container\">\n\t\t\t\t\t<div class=\"e-con-inner\">\n\t\t\t\t<div class=\"elementor-element elementor-element-6de5d5d elementor-widget elementor-widget-nuss-image-gallery\" data-id=\"6de5d5d\" data-element_type=\"widget\" data-e-type=\"widget\" data-widget_type=\"nuss-image-gallery.default\">\n\t\t\t\t<div class=\"elementor-widget-container\">\n\t\t\t\t\t\t\t<div class=\"nuss-grid-wrapper\" data-grid=\"{&quot;type&quot;:&quot;grid&quot;,&quot;ratio&quot;:null,&quot;columns&quot;:3,&quot;gutter&quot;:30}\">\r\n\t\t\t<div class=\"nuss-grid lazy-grid\">\r\n\t\t\t\t<div class=\"grid-sizer\"><\/div>\r\n\r\n\t\t\t\t\t\t\t\t\t\t\t\t<div class=\"grid-item\">\r\n\t\t\t\t\t\t<div class=\"nuss-box\">\t\t<div class=\"nuss-image image\">\r\n\t\t\t<img decoding=\"async\"  src=\"https:\/\/sumlodolcampingpark.com\/wp-content\/uploads\/2026\/04\/Hengqin-Sumlodol-Camping-Park-Dining-1.webp\" alt=\"Hengqin Sumlodol Camping Park Dining (1)\" \/>\t\t<\/div>\r\n\t\t\t\t<\/div>\t\t\t\t\t<\/div>\r\n\t\t\t\t\t\t<div class=\"grid-item\">\r\n\t\t\t\t\t\t<div class=\"nuss-box\">\t\t<div class=\"nuss-image image\">\r\n\t\t\t<img decoding=\"async\"  src=\"https:\/\/sumlodolcampingpark.com\/wp-content\/uploads\/2026\/04\/Hengqin-Sumlodol-Camping-Park-Dining-6.webp\" alt=\"Hengqin Sumlodol Camping Park Dining (6)\" \/>\t\t<\/div>\r\n\t\t\t\t<\/div>\t\t\t\t\t<\/div>\r\n\t\t\t\t\t\t<div class=\"grid-item\">\r\n\t\t\t\t\t\t<div class=\"nuss-box\">\t\t<div class=\"nuss-image image\">\r\n\t\t\t<img decoding=\"async\"  src=\"https:\/\/sumlodolcampingpark.com\/wp-content\/uploads\/2026\/04\/Hengqin-Sumlodol-Camping-Park-Dining-5.webp\" alt=\"Hengqin Sumlodol Camping Park Dining (5)\" \/>\t\t<\/div>\r\n\t\t\t\t<\/div>\t\t\t\t\t<\/div>\r\n\t\t\t\t\t\t<div class=\"grid-item\">\r\n\t\t\t\t\t\t<div class=\"nuss-box\">\t\t<div class=\"nuss-image image\">\r\n\t\t\t<img decoding=\"async\"  src=\"https:\/\/sumlodolcampingpark.com\/wp-content\/uploads\/2026\/04\/Hengqin-Sumlodol-Camping-Park-Dining-4.webp\" alt=\"Hengqin Sumlodol Camping Park Dining (4)\" \/>\t\t<\/div>\r\n\t\t\t\t<\/div>\t\t\t\t\t<\/div>\r\n\t\t\t\t\t\t<div class=\"grid-item\">\r\n\t\t\t\t\t\t<div class=\"nuss-box\">\t\t<div class=\"nuss-image image\">\r\n\t\t\t<img decoding=\"async\"  src=\"https:\/\/sumlodolcampingpark.com\/wp-content\/uploads\/2026\/04\/Hengqin-Sumlodol-Camping-Park-Dining-3.webp\" alt=\"Hengqin Sumlodol Camping Park Dining (3)\" \/>\t\t<\/div>\r\n\t\t\t\t<\/div>\t\t\t\t\t<\/div>\r\n\t\t\t\t\t\t<div class=\"grid-item\">\r\n\t\t\t\t\t\t<div class=\"nuss-box\">\t\t<div class=\"nuss-image image\">\r\n\t\t\t<img decoding=\"async\"  src=\"https:\/\/sumlodolcampingpark.com\/wp-content\/uploads\/2026\/04\/Hengqin-Sumlodol-Camping-Park-Dining-2.webp\" alt=\"Hengqin Sumlodol Camping Park Dining (2)\" \/>\t\t<\/div>\r\n\t\t\t\t<\/div>\t\t\t\t\t<\/div>\r\n\t\t\t\t\t\t\t\r\n\t\t\t<\/div>\r\n\t\t<\/div>\r\n\t\t\t\t\t\t<\/div>\n\t\t\t\t<\/div>\n\t\t\t\t\t<\/div>\n\t\t\t\t<\/div>\n\t\t<div class=\"elementor-element elementor-element-7ec243a e-flex e-con-boxed e-con e-parent\" data-id=\"7ec243a\" data-element_type=\"container\" data-e-type=\"container\">\n\t\t\t\t\t<div class=\"e-con-inner\">\n\t\t\t\t<div class=\"elementor-element elementor-element-16f96f4 elementor-widget elementor-widget-text-editor\" data-id=\"16f96f4\" data-element_type=\"widget\" data-e-type=\"widget\" data-widget_type=\"text-editor.default\">\n\t\t\t\t\t\t\t\t\t<div class=\"qwen-markdown-paragraph\"><span class=\"qwen-markdown-text\" data-spm-anchor-id=\"a2ty_o01.29997173.0.i45.578051710XUOvK\">Immerso nel lussureggiante e sereno paesaggio dell&#039;isola di Hengqin al numero 108 di Hengqin Huandao North Road, distretto di Xiangzhou, Zhuhai, Guangdong, Cina, l&#039;esperienza culinaria presso <\/span><strong class=\"qwen-markdown-strong\"><span class=\"qwen-markdown-text\">Campeggio Hengqin Sumlodol<\/span><\/strong><span class=\"qwen-markdown-text\"> Trascende la tradizionale cucina da resort. Qui, ogni pasto \u00e8 un invito a connettersi: con la natura, con i propri cari e con il ricco patrimonio culinario del Guangdong. Che si tratti di gustare una colazione rilassante sotto lucernari panoramici, di grigliare specialit\u00e0 fresche nel proprio cortile privato o di riunirsi attorno a un fal\u00f2 scoppiettante sotto un cielo stellato, i nostri ristoranti e servizi di ristorazione sono pensati per nutrire corpo e anima.<\/span><\/div><div class=\"qwen-markdown-space\">\u00a0<\/div><h2 class=\"qwen-markdown-heading\"><span class=\"qwen-markdown-text\">Ristorante Xinglv: dove i sapori locali incontrano il comfort raffinato.<\/span><\/h2><div class=\"qwen-markdown-paragraph\"><span class=\"qwen-markdown-text\">Al centro della nostra offerta culinaria c&#039;\u00e8 <\/span><strong class=\"qwen-markdown-strong\"><span class=\"qwen-markdown-text\">Ristorante Xinglv<\/span><\/strong><span class=\"qwen-markdown-text\">, Un ambiente accogliente dove il fascino rustico incontra l&#039;ospitalit\u00e0 contemporanea. Progettato per integrarsi perfettamente con la filosofia del resort, incentrata sulla natura, il ristorante vanta ampie vetrate che incorniciano la vista su giardini lussureggianti e laghi tranquilli, creando un&#039;atmosfera rilassante per ogni pasto. Il nostro men\u00f9 celebra i prodotti del Delta del Fiume delle Perle, proponendo ingredienti freschi e locali, preparati con tecniche tradizionali cantonesi e un tocco culinario moderno.<\/span><\/div><div class=\"qwen-markdown-space\">\u00a0<\/div><div class=\"qwen-markdown-paragraph\"><span class=\"qwen-markdown-text\">Inizia la giornata con il nostro celebre <\/span><strong class=\"qwen-markdown-strong\"><span class=\"qwen-markdown-text\">servizio colazione prolungato<\/span><\/strong><span class=\"qwen-markdown-text\">, Disponibile fino alle 14:00, \u00e8 uno dei punti di forza del nostro hotel, ideale per iniziare la giornata con calma e concedersi avventure improvvisate. Lasciatevi tentare da un ricco buffet con dim sum fatti a mano, congee a cottura lenta con una variet\u00e0 di condimenti tradizionali, pasticcini appena sfornati, frutta di stagione e postazioni per la preparazione di uova al momento. I viaggiatori internazionali apprezzeranno la presenza di piatti familiari accanto a specialit\u00e0 regionali, per deliziare ogni palato.<\/span><\/div><div class=\"qwen-markdown-space\">\u00a0<\/div><div class=\"qwen-markdown-paragraph\"><span class=\"qwen-markdown-text\">A pranzo e a cena, il ristorante Xinglv si trasforma in una vetrina della cucina costiera di Zhuhai. Assaporate il delicato pesce al vapore pescato quotidianamente nelle acque circostanti, il profumato riso in terracotta, le verdure di stagione saltate in wok e piatti d&#039;autore come la frittata di ostriche in stile Hengqin e il maiale locale brasato. I nostri chef privilegiano la freschezza e l&#039;autenticit\u00e0, collaborando con fidati agricoltori e pescatori locali per portare in tavola il vero sapore del Guangdong. Men\u00f9 vegetariani, vegani, senza glutine e adatti ai bambini sono disponibili su richiesta, garantendo un&#039;esperienza culinaria inclusiva per tutti gli ospiti.<\/span><\/div><div class=\"qwen-markdown-space\">\u00a0<\/div><h2 class=\"qwen-markdown-heading\"><span class=\"qwen-markdown-text\">Barbecue privati in cortile: cene all&#039;aperto sotto le stelle<\/span><\/h2><div class=\"qwen-markdown-paragraph\"><span class=\"qwen-markdown-text\">Una delle esperienze pi\u00f9 preziose di Sumlodol \u00e8 la <\/span><strong class=\"qwen-markdown-strong\"><span class=\"qwen-markdown-text\">barbecue in cortile privato<\/span><\/strong><span class=\"qwen-markdown-text\">, Disponibile per gli ospiti che soggiornano in Cabin Villa, Family Container e in alcune sistemazioni per camper. Immaginate di riunirvi con la famiglia o gli amici attorno al vostro barbecue privato mentre il sole tramonta sullo skyline di Hengqin. I pacchetti barbecue pre-organizzati includono carni marinate di prima qualit\u00e0, pesce fresco, verdure di stagione, salse fatte in casa e tutti gli utensili necessari per grigliare, cos\u00ec potrete concentrarvi sulla convivialit\u00e0, non sulla preparazione.<\/span><\/div><div class=\"qwen-markdown-space\">\u00a0<\/div><div class=\"qwen-markdown-paragraph\"><span class=\"qwen-markdown-text\">Arricchisci la tua serata con le nostre opzioni <\/span><strong class=\"qwen-markdown-strong\"><span class=\"qwen-markdown-text\">componente aggiuntivo fal\u00f2<\/span><\/strong><span class=\"qwen-markdown-text\">, Il tutto completo di kit gourmet per s&#039;mores, marshmallow artigianali, cioccolata calda artigianale e playlist selezionate. Per celebrazioni speciali, il nostro team pu\u00f2 organizzare tocchi personalizzati come centrotavola floreali, menu su misura o musica acustica dal vivo. Questo formato di cena intimo e flessibile \u00e8 diventato un segno distintivo dell&#039;esperienza Sumlodol, perfetto per compleanni, anniversari, feste di gruppo o semplicemente per una serata memorabile sotto le stelle.<\/span><\/div><div class=\"qwen-markdown-space\">\u00a0<\/div><h2 class=\"qwen-markdown-heading\"><span class=\"qwen-markdown-text\">Ristorazione disponibile tutto il giorno e servizi pensati per il comfort del cliente.<\/span><\/h2><div class=\"qwen-markdown-paragraph\"><span class=\"qwen-markdown-text\">Consapevoli che l&#039;avventura non segue orari rigidi, offriamo soluzioni di ristorazione flessibili pensate per il viaggiatore moderno:<\/span><\/div><div class=\"qwen-markdown-space\">\u00a0<\/div><ul class=\"qwen-markdown-list\" dir=\"auto\"><li><strong class=\"qwen-markdown-strong\"><span class=\"qwen-markdown-text\">Servizio in camera<\/span><\/strong><span class=\"qwen-markdown-text\">: Godetevi una selezione di piatti del menu consegnati direttamente al vostro alloggio, per pasti privati e rilassanti.<\/span><\/li><li><strong class=\"qwen-markdown-strong\"><span class=\"qwen-markdown-text\">Angolo &quot;Prendi e vai&quot;<\/span><\/strong><span class=\"qwen-markdown-text\">Panini freschi, insalate, macedonie e bevande per gli ospiti in movimento.<\/span><\/li><li><strong class=\"qwen-markdown-strong\"><span class=\"qwen-markdown-text\">Men\u00f9 per bambini<\/span><\/strong><span class=\"qwen-markdown-text\">Opzioni nutrienti e invitanti, pensate per deliziare i palati dei pi\u00f9 piccoli e presentate in modo giocoso.<\/span><\/li><li><strong class=\"qwen-markdown-strong\"><span class=\"qwen-markdown-text\">Postazione specializzata in caff\u00e8 e t\u00e8<\/span><\/strong><span class=\"qwen-markdown-text\">Birre artigianali, t\u00e8 locali e pasticcini fatti in casa disponibili tutto il giorno.<\/span><\/li><li><strong class=\"qwen-markdown-strong\"><span class=\"qwen-markdown-text\">Cene stagionali e a tema<\/span><\/strong><span class=\"qwen-markdown-text\">Dalle feste della torta lunare alle serate estive a base di frutti di mare, il nostro team culinario propone esperienze a tempo limitato che celebrano la cultura e la stagionalit\u00e0.<\/span><\/li><\/ul><div class=\"qwen-markdown-space\">\u00a0<\/div><h2 class=\"qwen-markdown-heading\"><span class=\"qwen-markdown-text\">Approvvigionamento sostenibile, ospitalit\u00e0 responsabile<\/span><\/h2><div class=\"qwen-markdown-paragraph\"><span class=\"qwen-markdown-text\">Al campeggio Hengqin Sumlodol, il gusto eccezionale si unisce al rispetto per l&#039;ambiente. La nostra cucina d\u00e0 priorit\u00e0 a:<\/span><\/div><div class=\"qwen-markdown-space\">\u00a0<\/div><div class=\"qwen-markdown-paragraph\"><span class=\"qwen-markdown-text\">\ud83c\udf31 <\/span><strong class=\"qwen-markdown-strong\"><span class=\"qwen-markdown-text\">Partenariati locali<\/span><\/strong><span class=\"qwen-markdown-text\">Ingredienti provenienti da aziende agricole, attivit\u00e0 di pesca e artigiani di Zhuhai e della Grande Baia.<\/span><br \/><span class=\"qwen-markdown-text\">\ud83c\udf31 <\/span><strong class=\"qwen-markdown-strong\"><span class=\"qwen-markdown-text\">Iniziative a rifiuti zero<\/span><\/strong><span class=\"qwen-markdown-text\">Programmi di compostaggio, stoviglie riutilizzabili per i pasti all&#039;aperto e pianificazione creativa dei menu per ridurre al minimo gli sprechi alimentari.<\/span><br \/><span class=\"qwen-markdown-text\">\ud83c\udf31 <\/span><strong class=\"qwen-markdown-strong\"><span class=\"qwen-markdown-text\">Operazioni eco-consapevoli<\/span><\/strong><span class=\"qwen-markdown-text\">Attrezzature da cucina a basso consumo energetico, pratiche di risparmio idrico e imballaggi biodegradabili per i prodotti da asporto. <\/span><\/div><div class=\"qwen-markdown-space\">\u00a0<\/div><div class=\"qwen-markdown-paragraph\"><span class=\"qwen-markdown-text\">Crediamo che mangiare in modo responsabile esalti sia il gusto che lo scopo, permettendo agli ospiti di concedersi un piacere con serenit\u00e0.<\/span><\/div><div class=\"qwen-markdown-space\">\u00a0<\/div><h2 class=\"qwen-markdown-heading\"><span class=\"qwen-markdown-text\">Festeggia i momenti pi\u00f9 belli della vita con un servizio di catering personalizzato.<\/span><\/h2><div class=\"qwen-markdown-paragraph\"><span class=\"qwen-markdown-text\">Oltre ai pasti quotidiani, il nostro team culinario \u00e8 specializzato in <\/span><strong class=\"qwen-markdown-strong\"><span class=\"qwen-markdown-text\">catering personalizzato per eventi<\/span><\/strong><span class=\"qwen-markdown-text\"> Ideale per eventi aziendali, matrimoni, riunioni di famiglia e celebrazioni importanti. Che sogniate un banchetto in riva al lago, una festa a tema in un parco avventura o un&#039;elegante cena servita al tavolo in un padiglione privato, collaboriamo a stretto contatto con voi per progettare menu, atmosfera e servizio che rispecchino la vostra visione. Dalle esigenze dietetiche specifiche ai dettagli decorativi, il nostro servizio di catering per eventi garantisce che ogni celebrazione sia impeccabile e spettacolare.<\/span><\/div><div class=\"qwen-markdown-space\">\u00a0<\/div><h2 class=\"qwen-markdown-heading\"><span class=\"qwen-markdown-text\">Perch\u00e9 gli ospiti amano cenare al campeggio Sumlodol<\/span><\/h2><div class=\"qwen-markdown-paragraph\"><span class=\"qwen-markdown-text\">\u2728 <\/span><strong class=\"qwen-markdown-strong\"><span class=\"qwen-markdown-text\">Sapori locali autentici<\/span><\/strong><span class=\"qwen-markdown-text\">Scoprite il vero sapore di Zhuhai e del Guangdong senza lasciare il resort.<\/span><br \/><span class=\"qwen-markdown-text\">\u2728 <\/span><strong class=\"qwen-markdown-strong\"><span class=\"qwen-markdown-text\">Formati di ristorazione flessibili<\/span><\/strong><span class=\"qwen-markdown-text\">Dalle cene formali al ristorante alle grigliate informali in cortile, scegli l&#039;ambiente che meglio si adatta al tuo umore.<\/span><br \/><span class=\"qwen-markdown-text\">\u2728 <\/span><strong class=\"qwen-markdown-strong\"><span class=\"qwen-markdown-text\">Approccio centrato sulla famiglia<\/span><\/strong><span class=\"qwen-markdown-text\">Men\u00f9 adatti ai bambini, seggioloni e un servizio attento rendono cenare con i bambini un vero piacere.<\/span><br \/><span class=\"qwen-markdown-text\">\u2728 <\/span><strong class=\"qwen-markdown-strong\"><span class=\"qwen-markdown-text\">Atmosfera suggestiva<\/span><\/strong><span class=\"qwen-markdown-text\">Cenare immersi nella natura, sia al chiuso con vista sul giardino, sia all&#039;aperto sotto il cielo stellato.<\/span><br \/><span class=\"qwen-markdown-text\">\u2728 <\/span><strong class=\"qwen-markdown-strong\"><span class=\"qwen-markdown-text\">Servizio attento<\/span><\/strong><span class=\"qwen-markdown-text\">I nostri team di cucina e di sala sono formati per anticipare le esigenze, soddisfare le richieste e creare momenti memorabili. <\/span><\/div><div class=\"qwen-markdown-space\">\u00a0<\/div><h2 class=\"qwen-markdown-heading\"><span class=\"qwen-markdown-text\">Organizza il tuo viaggio culinario al campeggio Hengqin Sumlodol.<\/span><\/h2><div class=\"qwen-markdown-paragraph\"><span class=\"qwen-markdown-text\">Che siate buongustai alla ricerca dell&#039;autentica cucina cantonese, famiglie in cerca di soluzioni per pasti senza stress, coppie che desiderano una romantica cena attorno a un fal\u00f2 o gruppi aziendali che necessitano di un servizio di catering personalizzato, le esperienze culinarie dell&#039;Hengqin Sumlodol Camping Park sono pensate per superare ogni aspettativa. <\/span><\/div><div class=\"qwen-markdown-space\">\u00a0<\/div><div class=\"qwen-markdown-paragraph\"><span class=\"qwen-markdown-text\">Situato al numero 108 di Hengqin Huandao North Road, nel distretto di Xiangzhou, a Zhuhai, nella provincia del Guangdong, in Cina, il nostro resort offre una rara combinazione: la freschezza della cucina costiera del Guangdong, il calore di un&#039;ospitalit\u00e0 personalizzata e la magia di cenare immersi nella natura. <\/span><\/div><div class=\"qwen-markdown-space\">\u00a0<\/div><div class=\"qwen-markdown-paragraph\" data-spm-anchor-id=\"a2ty_o01.29997173.0.i47.578051710XUOvK\"><em><span class=\"qwen-markdown-text\">Prenota il tuo tavolo, prenota in anticipo il tuo pacchetto barbecue o parla con il nostro concierge culinario per creare un&#039;esperienza gastronomica unica come il tuo soggiorno. All&#039;Hengqin Sumlodol Camping Park, ogni boccone racconta una storia, e non vediamo l&#039;ora di condividere la nostra con te.<\/span><\/em><\/div>\t\t\t\t\t\t\t\t<\/div>\n\t\t\t\t\t<\/div>\n\t\t\t\t<\/div>\n\t\t\t\t<\/div>","protected":false},"excerpt":{"rendered":"<p>Savor the Moment: Culinary Excellence at Hengqin Sumlodol Camping Park&#8217;s Signature Dining Experience Nestled within the lush, serene landscape of Hengqin Island at No. 108 Hengqin Huandao North Road, Xiangzhou District, Zhuhai, Guangdong, China, the dining experience at Hengqin Sumlodol Camping Park transcends traditional resort cuisine. Here, every meal is an invitation to connect\u2014with nature, [&hellip;]<\/p>\n","protected":false},"author":1,"featured_media":0,"parent":0,"menu_order":0,"comment_status":"closed","ping_status":"closed","template":"elementor_header_footer","meta":{"footnotes":""},"class_list":["post-612","page","type-page","status-publish","hentry","post-no-thumbnail"],"_links":{"self":[{"href":"https:\/\/sumlodolcampingpark.com\/it\/wp-json\/wp\/v2\/pages\/612","targetHints":{"allow":["GET"]}}],"collection":[{"href":"https:\/\/sumlodolcampingpark.com\/it\/wp-json\/wp\/v2\/pages"}],"about":[{"href":"https:\/\/sumlodolcampingpark.com\/it\/wp-json\/wp\/v2\/types\/page"}],"author":[{"embeddable":true,"href":"https:\/\/sumlodolcampingpark.com\/it\/wp-json\/wp\/v2\/users\/1"}],"replies":[{"embeddable":true,"href":"https:\/\/sumlodolcampingpark.com\/it\/wp-json\/wp\/v2\/comments?post=612"}],"version-history":[{"count":0,"href":"https:\/\/sumlodolcampingpark.com\/it\/wp-json\/wp\/v2\/pages\/612\/revisions"}],"wp:attachment":[{"href":"https:\/\/sumlodolcampingpark.com\/it\/wp-json\/wp\/v2\/media?parent=612"}],"curies":[{"name":"wp","href":"https:\/\/api.w.org\/{rel}","templated":true}]}}