{"id":2106,"date":"2021-03-25T04:08:26","date_gmt":"2021-03-25T04:08:26","guid":{"rendered":"http:\/\/localhost\/nuss\/?page_id=298"},"modified":"2026-04-04T08:51:24","modified_gmt":"2026-04-04T08:51:24","slug":"experiences","status":"publish","type":"page","link":"https:\/\/sumlodolcampingpark.com\/it\/experiences\/","title":{"rendered":"Recensioni del campeggio Hengqin Sumlodol"},"content":{"rendered":"<div data-elementor-type=\"wp-page\" data-elementor-id=\"2106\" class=\"elementor elementor-2106\">\n\t\t\t\t\t\t<section class=\"elementor-section elementor-top-section elementor-element elementor-element-1954ffc elementor-section-boxed elementor-section-gap-beside-yes elementor-section-height-default elementor-section-height-default elementor-section-column-vertical-align-stretch\" data-id=\"1954ffc\" data-element_type=\"section\" data-e-type=\"section\">\n\t\t\t\t\t\t<div class=\"elementor-container elementor-column-gap-extended\">\n\t\t\t\t\t<div class=\"elementor-column elementor-col-100 elementor-top-column elementor-element elementor-element-86aebc5\" data-id=\"86aebc5\" data-element_type=\"column\" data-e-type=\"column\">\n\t\t\t<div class=\"elementor-widget-wrap elementor-element-populated\">\n\t\t\t\t\t\t<div class=\"elementor-element elementor-element-11803d1 elementor-widget__width-initial elementor-invisible elementor-widget elementor-widget-text-editor\" data-id=\"11803d1\" data-element_type=\"widget\" data-e-type=\"widget\" data-settings=\"{&quot;_animation&quot;:&quot;nussFadeInUp&quot;}\" data-widget_type=\"text-editor.default\">\n\t\t\t\t\t\t\t\t\tStorie degli ospiti svelate: esperienze e recensioni autentiche dei clienti del campeggio Hengqin Sumlodol di Zhuhai.\t\t\t\t\t\t\t\t<\/div>\n\t\t\t\t\t<\/div>\n\t\t<\/div>\n\t\t\t\t\t<\/div>\n\t\t<\/section>\n\t\t<div class=\"elementor-element elementor-element-802a12b e-flex e-con-boxed e-con e-parent\" data-id=\"802a12b\" data-element_type=\"container\" data-e-type=\"container\">\n\t\t\t\t\t<div class=\"e-con-inner\">\n\t\t\t\t<div class=\"elementor-element elementor-element-f5a29f4 elementor-widget elementor-widget-image\" data-id=\"f5a29f4\" data-element_type=\"widget\" data-e-type=\"widget\" data-widget_type=\"image.default\">\n\t\t\t\t\t\t\t\t\t\t\t\t\t\t\t<img fetchpriority=\"high\" decoding=\"async\" width=\"1756\" height=\"914\" src=\"https:\/\/sumlodolcampingpark.com\/wp-content\/uploads\/2026\/04\/Hengqin-Sumlodol-Camping-Park-Reviews.png\" class=\"attachment-full size-full wp-image-5750\" alt=\"\" srcset=\"https:\/\/sumlodolcampingpark.com\/wp-content\/uploads\/2026\/04\/Hengqin-Sumlodol-Camping-Park-Reviews.png 1756w, https:\/\/sumlodolcampingpark.com\/wp-content\/uploads\/2026\/04\/Hengqin-Sumlodol-Camping-Park-Reviews-300x156.png 300w, https:\/\/sumlodolcampingpark.com\/wp-content\/uploads\/2026\/04\/Hengqin-Sumlodol-Camping-Park-Reviews-1024x533.png 1024w, https:\/\/sumlodolcampingpark.com\/wp-content\/uploads\/2026\/04\/Hengqin-Sumlodol-Camping-Park-Reviews-768x400.png 768w, https:\/\/sumlodolcampingpark.com\/wp-content\/uploads\/2026\/04\/Hengqin-Sumlodol-Camping-Park-Reviews-1536x799.png 1536w\" sizes=\"(max-width: 1756px) 100vw, 1756px\" \/>\t\t\t\t\t\t\t\t\t\t\t\t\t\t\t<\/div>\n\t\t\t\t\t<\/div>\n\t\t\t\t<\/div>\n\t\t<div class=\"elementor-element elementor-element-52a5837 e-flex e-con-boxed e-con e-parent\" data-id=\"52a5837\" data-element_type=\"container\" data-e-type=\"container\">\n\t\t\t\t\t<div class=\"e-con-inner\">\n\t\t\t\t<div class=\"elementor-element elementor-element-dfb0da2 elementor-widget elementor-widget-text-editor\" data-id=\"dfb0da2\" data-element_type=\"widget\" data-e-type=\"widget\" data-widget_type=\"text-editor.default\">\n\t\t\t\t\t\t\t\t\t<div class=\"qwen-markdown-paragraph\"><span class=\"qwen-markdown-text\">Quando i viaggiatori cercano una fuga unica nella vivace Greater Bay Area del Guangdong, <\/span><strong class=\"qwen-markdown-strong\"><span class=\"qwen-markdown-text\">Campeggio Hengqin Sumlodol<\/span><\/strong><span class=\"qwen-markdown-text\"> Si conferma costantemente come una scelta eccezionale. Situato al numero 108 di Hengqin Huandao North Road, nel distretto di Xiangzhou a Zhuhai, questo innovativo resort immerso nella natura ha conquistato il cuore di famiglie, coppie, gruppi aziendali e amanti dell&#039;avventura. Ma cosa dicono davvero gli ospiti del loro soggiorno? Questo articolo completo sintetizza esperienze e recensioni autentiche dei clienti per aiutarvi a immaginare la vostra vacanza indimenticabile.<\/span><\/div><div class=\"qwen-markdown-space\">\u00a0<\/div><h2 class=\"qwen-markdown-heading\"><span class=\"qwen-markdown-text\">Un caloroso benvenuto: le prime impressioni che definiscono il tono<\/span><\/h2><div class=\"qwen-markdown-paragraph\"><span class=\"qwen-markdown-text\">Dal momento in cui gli ospiti arrivano, l&#039;esperienza Sumlodol inizia con tocchi premurosi. I recensori sottolineano spesso l&#039; <\/span><strong class=\"qwen-markdown-strong\"><span class=\"qwen-markdown-text\">processo di check-in senza intoppi<\/span><\/strong><span class=\"qwen-markdown-text\">, Il personale della reception \u00e8 cordiale e la struttura naturale del resort \u00e8 splendida. &quot;Attraversare la vegetazione lussureggiante per raggiungere la nostra baita \u00e8 stato come entrare in un paradiso segreto&quot;, racconta una famiglia in viaggio. Molti apprezzano la segnaletica chiara, l&#039;ampio parcheggio con stazioni di ricarica per veicoli elettrici e l&#039;utile assistenza fornita dal servizio &quot;Paradise Butler&quot;, un concierge personalizzato che anticipa le esigenze prima ancora che vengano espresse.<\/span><\/div><div class=\"qwen-markdown-space\">\u00a0<\/div><h2 class=\"qwen-markdown-heading\"><span class=\"qwen-markdown-text\">Magia a misura di famiglia: dove bambini (e genitori) si divertono<\/span><\/h2><div class=\"qwen-markdown-paragraph\"><span class=\"qwen-markdown-text\">Per le famiglie, il campeggio Hengqin Sumlodol \u00e8 costantemente valutato come un <\/span><strong class=\"qwen-markdown-strong\"><span class=\"qwen-markdown-text\">destinazione di alto livello<\/span><\/strong><span class=\"qwen-markdown-text\">. I genitori sono entusiasti del vicino <\/span><strong class=\"qwen-markdown-strong\"><span class=\"qwen-markdown-text\">Parco avventura senza motori di Xingqita<\/span><\/strong><span class=\"qwen-markdown-text\">, Lo descrivono come &quot;il sogno di un bambino che si avvera&quot;. Le recensioni menzionano bambini che trascorrono ore esplorando le 12 zone tematiche, dall&#039;incantevole Labirinto degli Abissi alle imponenti reti da arrampicata e alle strutture di gioco a tema pirati, mentre gli adulti si rilassano nelle vicinanze con un caff\u00e8 e una vista panoramica.<\/span><\/div><div class=\"qwen-markdown-space\">\u00a0<\/div><div class=\"qwen-markdown-paragraph\"><em><span class=\"qwen-markdown-text\">\u201c&quot;Il mio bambino di 6 anni non voleva lasciare l&#039;area con i reperti della sabbiera, e il mio adolescente ha addirittura messo via il telefono per provare la teleferica! Come genitori, abbiamo apprezzato molto il fatto che tutto sembrasse sicuro, pulito e ben sorvegliato.&quot;\u201d<\/span><\/em><span class=\"qwen-markdown-text\"> \u2014 Ospite familiare verificato<\/span><\/div><div class=\"qwen-markdown-space\">\u00a0<\/div><div class=\"qwen-markdown-paragraph\"><span class=\"qwen-markdown-text\">Le sistemazioni ricevono grandi elogi per la loro <\/span><strong class=\"qwen-markdown-strong\"><span class=\"qwen-markdown-text\">progettazione incentrata sulla famiglia<\/span><\/strong><span class=\"qwen-markdown-text\">. Gli ospiti che soggiornano nelle suite Family Container apprezzano la zona notte separata per i bambini, l&#039;arredamento giocoso e i servizi premurosi come accappatoi a misura di bambino e libri di fiabe per la buonanotte. Gli ospiti che soggiornano in camper o in chalet adorano i cortili privati, che diventano lo scenario perfetto per barbecue serali e sessioni di osservazione delle stelle.<\/span><\/div><div class=\"qwen-markdown-space\">\u00a0<\/div><h2 class=\"qwen-markdown-heading\"><span class=\"qwen-markdown-text\">Soggiorni unici, notti indimenticabili: recensioni di alloggi<\/span><\/h2><div class=\"qwen-markdown-paragraph\"><span class=\"qwen-markdown-text\">Sumlodol offre una vasta gamma di alloggi adatti a ogni stile di viaggio, e gli ospiti non mancano di esprimere le proprie preferenze:<\/span><\/div><div class=\"qwen-markdown-space\">\u00a0<\/div><ul class=\"qwen-markdown-list\" dir=\"auto\"><li><strong class=\"qwen-markdown-strong\"><span class=\"qwen-markdown-text\">Camper Starry Sky<\/span><\/strong><span class=\"qwen-markdown-text\">\u201cSvegliarsi con la luce del sole che filtrava attraverso il lucernario panoramico \u00e8 stato magico. Il letto era incredibilmente comodo e avere un mini-angolo cottura ha reso le mattine molto pi\u00f9 pratiche.\u201d<\/span><\/li><li><strong class=\"qwen-markdown-strong\"><span class=\"qwen-markdown-text\">Padiglione Qinfan con vista lago<\/span><\/strong><span class=\"qwen-markdown-text\">\u201cLa tranquillit\u00e0 della vista sul lago, unita all&#039;elegante arredamento rustico, ha creato il rifugio romantico perfetto. Abbiamo gustato il t\u00e8 del mattino sulla nostra terrazza privata, ammirando gli uccelli che planavano.\u201d<\/span><\/li><li><strong class=\"qwen-markdown-strong\"><span class=\"qwen-markdown-text\">Villette con 1 camera da letto<\/span><\/strong><span class=\"qwen-markdown-text\">&quot;Spazioso, impeccabile e dal design raffinato. La doccia esterna \u00e8 stata una piacevole sorpresa, e il barbecue in cortile ha reso la cena un evento speciale.&quot;\u201c<\/span><\/li><\/ul><div class=\"qwen-markdown-space\">\u00a0<\/div><div class=\"qwen-markdown-paragraph\"><span class=\"qwen-markdown-text\">In tutte le tipologie di camere, gli ospiti notano costantemente la <\/span><strong class=\"qwen-markdown-strong\"><span class=\"qwen-markdown-text\">biancheria di alta qualit\u00e0, efficace controllo della temperatura, Wi-Fi affidabile e attenzione alla pulizia<\/span><\/strong><span class=\"qwen-markdown-text\">\u2014comfort essenziali che elevano l&#039;esperienza del campeggio a un livello di lusso.<\/span><\/div><div class=\"qwen-markdown-space\">\u00a0<\/div><h2 class=\"qwen-markdown-heading\"><span class=\"qwen-markdown-text\">Eccellenza nel servizio: personale che si impegna al massimo<\/span><\/h2><div class=\"qwen-markdown-paragraph\"><span class=\"qwen-markdown-text\">Forse il punto saliente pi\u00f9 frequentemente menzionato nelle recensioni degli ospiti \u00e8 il <\/span><strong class=\"qwen-markdown-strong\"><span class=\"qwen-markdown-text\">cultura del servizio eccezionale<\/span><\/strong><span class=\"qwen-markdown-text\">. Dalle addette alle pulizie che lasciano asciugamani origami con un tocco di premura, agli animatori che insegnano pazientemente ai bambini come affrontare il percorso avventura, i membri dello staff vengono descritti come &quot;genuinamente cordiali&quot;, &quot;proattivi&quot; e &quot;dedicati a rendere speciale ogni momento&quot;.\u201c<\/span><\/div><div class=\"qwen-markdown-space\">\u00a0<\/div><div class=\"qwen-markdown-paragraph\"><em><span class=\"qwen-markdown-text\">\u201cQuando nostra figlia ha dimenticato il suo peluche preferito, il team non solo lo ha ritrovato, ma ce lo ha anche spedito a casa nostra a Shenzhen con un biglietto scritto a mano. Un tale livello di attenzione \u00e8 raro e lo apprezziamo moltissimo.\u201d<\/span><\/em><span class=\"qwen-markdown-text\"> \u2014 Ricetta ospite<\/span><\/div><div class=\"qwen-markdown-space\">\u00a0<\/div><div class=\"qwen-markdown-paragraph\"><span class=\"qwen-markdown-text\">La reception, aperta 24 ore su 24, merita un plauso particolare per la gestione efficiente e cortese degli arrivi in tarda serata, delle richieste di trasporto e delle celebrazioni speciali.<\/span><\/div><div class=\"qwen-markdown-space\">\u00a0<\/div><h2 class=\"qwen-markdown-heading\"><span class=\"qwen-markdown-text\">Delizie culinarie: un&#039;esperienza gastronomica che supera ogni aspettativa.<\/span><\/h2><div class=\"qwen-markdown-paragraph\"><span class=\"qwen-markdown-text\">Le esperienze culinarie al Sumlodol Camping Park riscuotono recensioni entusiastiche. Gli ospiti del ristorante in loco <\/span><strong class=\"qwen-markdown-strong\"><span class=\"qwen-markdown-text\">Ristorante Xinglv<\/span><\/strong><span class=\"qwen-markdown-text\"> Vengono elogiati gli ingredienti freschi e di provenienza locale e la flessibilit\u00e0 del servizio di colazione (disponibile fino alle 14:00, un vantaggio molto apprezzato dai viaggiatori per piacere). <\/span><\/div><div class=\"qwen-markdown-space\">\u00a0<\/div><div class=\"qwen-markdown-paragraph\"><em><span class=\"qwen-markdown-text\">\u201c&quot;Il congee era il migliore che abbia mai mangiato a Zhuhai: cremoso, saporito e servito con una variet\u00e0 di deliziosi contorni. E il pacchetto barbecue per il nostro cortile? Carne marinata alla perfezione, verdure fresche e persino kit per preparare gli s&#039;mores per dessert!&quot;\u201d<\/span><\/em><span class=\"qwen-markdown-text\"> \u2014 Viaggiatore appassionato di gastronomia<\/span><\/div><div class=\"qwen-markdown-space\">\u00a0<\/div><div class=\"qwen-markdown-paragraph\"><span class=\"qwen-markdown-text\">Le esigenze dietetiche vengono gestite con cura, e numerose recensioni segnalano la disponibilit\u00e0 di men\u00f9 adatti a vegetariani, celiaci e bambini. La possibilit\u00e0 di cenare all&#039;aperto sotto le stelle aggiunge un tocco memorabile a ogni pasto.<\/span><\/div><div class=\"qwen-markdown-space\">\u00a0<\/div><h2 class=\"qwen-markdown-heading\"><span class=\"qwen-markdown-text\">Posizione e accessibilit\u00e0: la comodit\u00e0 incontra la bellezza naturale.<\/span><\/h2><div class=\"qwen-markdown-paragraph\"><span class=\"qwen-markdown-text\">Situato sull&#039;isola di Hengqin, la posizione del resort \u00e8 spesso citata come un grande vantaggio. Gli ospiti apprezzano la <\/span><strong class=\"qwen-markdown-strong\"><span class=\"qwen-markdown-text\">dintorni tranquilli e verdi<\/span><\/strong><span class=\"qwen-markdown-text\"> pur rimanendo a pochi minuti dalle principali attrazioni:<\/span><\/div><div class=\"qwen-markdown-space\">\u00a0<\/div><ul class=\"qwen-markdown-list\" dir=\"auto\"><li><em><span class=\"qwen-markdown-text\">\u201c&quot;A soli 10 minuti di auto dal Chimelong Ocean Kingdom, la posizione \u00e8 ideale per dividere le giornate tra il divertimento del parco a tema e il relax del resort.&quot;\u201d<\/span><\/em><\/li><li><em><span class=\"qwen-markdown-text\">\u201c&quot;Il facile accesso a Macao tramite il Ponte del Loto ha reso il nostro itinerario transfrontaliero estremamente agevole.&quot;\u201d<\/span><\/em><\/li><li><em><span class=\"qwen-markdown-text\">\u201cPur essendo vicino a tutto, il resort trasmette una meravigliosa sensazione di isolamento. Sentivamo il cinguettio degli uccelli, non il rumore del traffico.\u201d<\/span><\/em><\/li><\/ul><div class=\"qwen-markdown-space\">\u00a0<\/div><div class=\"qwen-markdown-paragraph\"><span class=\"qwen-markdown-text\">Le famiglie che arrivano in auto apprezzano l&#039;ampio parcheggio e la possibilit\u00e0 di ricaricare i veicoli elettrici; chi utilizza i mezzi pubblici apprezza invece l&#039;efficiente servizio di coordinamento taxi offerto dal resort e le chiare indicazioni dalla stazione ferroviaria di Zhuhai.<\/span><\/div><div class=\"qwen-markdown-space\">\u00a0<\/div><h2 class=\"qwen-markdown-heading\"><span class=\"qwen-markdown-text\">Incontri aziendali e di gruppo: produttivit\u00e0 in paradiso<\/span><\/h2><div class=\"qwen-markdown-paragraph\"><span class=\"qwen-markdown-text\">I viaggiatori d&#039;affari e gli organizzatori di eventi condividono testimonianze convincenti sull&#039;organizzazione di riunioni di successo presso Sumlodol. La combinazione di <\/span><strong class=\"qwen-markdown-strong\"><span class=\"qwen-markdown-text\">strutture professionali e ispirazione naturale<\/span><\/strong><span class=\"qwen-markdown-text\"> si rivela trasformativo:<\/span><\/div><div class=\"qwen-markdown-space\">\u00a0<\/div><div class=\"qwen-markdown-paragraph\"><em><span class=\"qwen-markdown-text\">\u201c&quot;Il nostro ritiro aziendale ha combinato sessioni strategiche mattutine in sala conferenze con attivit\u00e0 di team building pomeridiane nel parco avventura. Il cambio di scenario ha stimolato una creativit\u00e0 che non vedevamo da anni. Inoltre, la cena attorno al fal\u00f2 \u00e8 stata l&#039;occasione perfetta per un networking informale.&quot;\u201d<\/span><\/em><span class=\"qwen-markdown-text\"> \u2014 Organizzatore di eventi aziendali<\/span><\/div><div class=\"qwen-markdown-space\">\u00a0<\/div><div class=\"qwen-markdown-paragraph\"><span class=\"qwen-markdown-text\">Le recensioni evidenziano l&#039;affidabilit\u00e0 dell&#039;infrastruttura tecnologica, la reattivit\u00e0 del team di organizzazione eventi e il valore unico di offrire ai partecipanti un&#039;esperienza rigenerante e orientata al benessere.<\/span><\/div><div class=\"qwen-markdown-space\">\u00a0<\/div><h2 class=\"qwen-markdown-heading\"><span class=\"qwen-markdown-text\">Valore e soddisfazione generale: ne vale la pena<\/span><\/h2><div class=\"qwen-markdown-paragraph\"><span class=\"qwen-markdown-text\">Quando si parla di valore, il consenso schiacciante \u00e8 chiaro: <\/span><strong class=\"qwen-markdown-strong\"><span class=\"qwen-markdown-text\">Il campeggio Hengqin Sumlodol offre un eccezionale ritorno sull&#039;investimento.<\/span><\/strong><span class=\"qwen-markdown-text\">. Gli ospiti riconoscono che, sebbene le tariffe riflettano l&#039;elevato livello dell&#039;esperienza, la combinazione di alloggi esclusivi, attivit\u00e0 incluse, servizio di alta qualit\u00e0 e momenti indimenticabili giustifica il costo.<\/span><\/div><div class=\"qwen-markdown-space\">\u00a0<\/div><div class=\"qwen-markdown-paragraph\"><em><span class=\"qwen-markdown-text\">\u201cAbbiamo soggiornato in molti resort di &quot;glamping&quot;, ma Sumlodol stabilisce un nuovo standard. Non si tratta solo di dormire all&#039;aperto, ma di offrire momenti di gioia curati nei minimi dettagli, un servizio impeccabile e la possibilit\u00e0 di creare storie che racconteremo per anni.\u2018<\/span><\/em><span class=\"qwen-markdown-text\"> \u2014 Blogger di viaggi di lusso<\/span><\/div><div class=\"qwen-markdown-space\">\u00a0<\/div><div class=\"qwen-markdown-paragraph\"><span class=\"qwen-markdown-text\">Alcuni feedback costruttivi, seppur di minore entit\u00e0, segnalano che le fasce orarie pi\u00f9 gettonate per le attivit\u00e0 pi\u00f9 richieste si esauriscono rapidamente durante l&#039;alta stagione (consigliando quindi una prenotazione anticipata) e che alcuni ospiti desiderano orari di apertura del ristorante pi\u00f9 lunghi. Il team di gestione risponde attivamente a tali suggerimenti, dimostrando un impegno costante per il miglioramento.<\/span><\/div><div class=\"qwen-markdown-space\">\u00a0<\/div><h2 class=\"qwen-markdown-heading\"><span class=\"qwen-markdown-text\">Perch\u00e9 i clienti continuano a tornare: la differenza di Sumlodol<\/span><\/h2><div class=\"qwen-markdown-paragraph\"><span class=\"qwen-markdown-text\">Cosa trasforma un soggiorno occasionale in una clientela affezionata? Secondo le recensioni, diversi fattori determinanti sono:<\/span><\/div><div class=\"qwen-markdown-space\">\u00a0<\/div><div class=\"qwen-markdown-paragraph\"><span class=\"qwen-markdown-text\">\u2728 <\/span><strong class=\"qwen-markdown-strong\"><span class=\"qwen-markdown-text\">Autenticit\u00e0<\/span><\/strong><span class=\"qwen-markdown-text\">Un autentico legame con la natura senza rinunciare al comfort.<\/span><br \/><span class=\"qwen-markdown-text\">\u2728 <\/span><strong class=\"qwen-markdown-strong\"><span class=\"qwen-markdown-text\">la santit\u00e0<\/span><\/strong><span class=\"qwen-markdown-text\">Personale che ricorda nomi, preferenze e occasioni speciali<\/span><br \/><span class=\"qwen-markdown-text\">\u2728 <\/span><strong class=\"qwen-markdown-strong\"><span class=\"qwen-markdown-text\">Innovazione<\/span><\/strong><span class=\"qwen-markdown-text\">Concetti unici come il parco avventura senza alimentazione elettrica e il servizio Paradise Butler<\/span><br \/><span class=\"qwen-markdown-text\">\u2728 <\/span><strong class=\"qwen-markdown-strong\"><span class=\"qwen-markdown-text\">Coerenza<\/span><\/strong><span class=\"qwen-markdown-text\">Standard elevati mantenuti in alloggi, ristorazione e attivit\u00e0.<\/span><br \/><span class=\"qwen-markdown-text\">\u2728 <\/span><strong class=\"qwen-markdown-strong\"><span class=\"qwen-markdown-text\">Risonanza emotiva<\/span><\/strong><span class=\"qwen-markdown-text\">Esperienze che creano ricordi indelebili, non semplici transazioni. <\/span><\/div><div class=\"qwen-markdown-space\">\u00a0<\/div><h2 class=\"qwen-markdown-heading\"><span class=\"qwen-markdown-text\">Organizza un soggiorno indimenticabile al campeggio Hengqin Sumlodol.<\/span><\/h2><div class=\"qwen-markdown-paragraph\"><span class=\"qwen-markdown-text\">Con migliaia di recensioni entusiastiche e una reputazione di eccellenza per viaggi in famiglia, fughe romantiche e ritiri aziendali, l&#039;Hengqin Sumlodol Camping Park si afferma come la principale destinazione di ospitalit\u00e0 immersa nella natura di Zhuhai. Che siate alla ricerca di avventura, relax, connessione o ispirazione, le esperienze dei nostri ospiti confermano: questo \u00e8 pi\u00f9 di un semplice luogo dove dormire, \u00e8 un luogo dove prosperare.<\/span><\/div><div class=\"qwen-markdown-space\">\u00a0<\/div><div class=\"qwen-markdown-paragraph\" data-spm-anchor-id=\"a2ty_o01.29997173.0.i36.578051710XUOvK\"><span class=\"qwen-markdown-text\">Pronti a scrivere la vostra storia a Sumlodol? Prenotate il vostro soggiorno al No. 108 Hengqin Huandao North Road, Xiangzhou District, Zhuhai, Guangdong, Cina, e scoprite perch\u00e9 i viaggiatori considerano costantemente questo resort tra le esperienze pi\u00f9 memorabili della Greater Bay Area. Vi aspetta un viaggio all&#039;insegna della gioia, del comfort e delle meraviglie naturali.<\/span><\/div>\t\t\t\t\t\t\t\t<\/div>\n\t\t\t\t\t<\/div>\n\t\t\t\t<\/div>\n\t\t\t\t<\/div>","protected":false},"excerpt":{"rendered":"<p>Guest Stories Unveiled: Authentic Customer Experiences &#038; Reviews at Hengqin Sumlodol Camping Park, Zhuhai When travelers search for a unique getaway in Guangdong&#8217;s vibrant Greater Bay Area, Hengqin Sumlodol Camping Park consistently emerges as a standout choice. Nestled at No. 108 Hengqin Huandao North Road, Xiangzhou District, Zhuhai, this innovative nature-integrated resort has captured the [&hellip;]<\/p>\n","protected":false},"author":1,"featured_media":0,"parent":0,"menu_order":0,"comment_status":"closed","ping_status":"closed","template":"","meta":{"footnotes":""},"class_list":["post-2106","page","type-page","status-publish","hentry","post-no-thumbnail"],"_links":{"self":[{"href":"https:\/\/sumlodolcampingpark.com\/it\/wp-json\/wp\/v2\/pages\/2106","targetHints":{"allow":["GET"]}}],"collection":[{"href":"https:\/\/sumlodolcampingpark.com\/it\/wp-json\/wp\/v2\/pages"}],"about":[{"href":"https:\/\/sumlodolcampingpark.com\/it\/wp-json\/wp\/v2\/types\/page"}],"author":[{"embeddable":true,"href":"https:\/\/sumlodolcampingpark.com\/it\/wp-json\/wp\/v2\/users\/1"}],"replies":[{"embeddable":true,"href":"https:\/\/sumlodolcampingpark.com\/it\/wp-json\/wp\/v2\/comments?post=2106"}],"version-history":[{"count":0,"href":"https:\/\/sumlodolcampingpark.com\/it\/wp-json\/wp\/v2\/pages\/2106\/revisions"}],"wp:attachment":[{"href":"https:\/\/sumlodolcampingpark.com\/it\/wp-json\/wp\/v2\/media?parent=2106"}],"curies":[{"name":"wp","href":"https:\/\/api.w.org\/{rel}","templated":true}]}}