{"id":612,"date":"2021-03-26T10:04:13","date_gmt":"2021-03-26T10:04:13","guid":{"rendered":"http:\/\/localhost\/nuss\/?page_id=612"},"modified":"2026-04-04T08:57:48","modified_gmt":"2026-04-04T08:57:48","slug":"restaurant","status":"publish","type":"page","link":"https:\/\/sumlodolcampingpark.com\/fr\/restaurant\/","title":{"rendered":"Restaurant"},"content":{"rendered":"<div data-elementor-type=\"wp-page\" data-elementor-id=\"612\" class=\"elementor elementor-612\">\n\t\t\t\t\t\t<section class=\"elementor-section elementor-top-section elementor-element elementor-element-e2effe8 elementor-section-boxed elementor-section-gap-beside-yes elementor-section-height-default elementor-section-height-default elementor-section-column-vertical-align-stretch\" data-id=\"e2effe8\" data-element_type=\"section\" data-e-type=\"section\">\n\t\t\t\t\t\t<div class=\"elementor-container elementor-column-gap-extended\">\n\t\t\t\t\t<div class=\"elementor-column elementor-col-100 elementor-top-column elementor-element elementor-element-e18f688\" data-id=\"e18f688\" data-element_type=\"column\" data-e-type=\"column\">\n\t\t\t<div class=\"elementor-widget-wrap elementor-element-populated\">\n\t\t\t\t\t\t<div class=\"elementor-element elementor-element-6db146d elementor-widget__width-initial elementor-invisible elementor-widget elementor-widget-text-editor\" data-id=\"6db146d\" data-element_type=\"widget\" data-e-type=\"widget\" data-settings=\"{&quot;_animation&quot;:&quot;nussFadeInUp&quot;}\" data-widget_type=\"text-editor.default\">\n\t\t\t\t\t\t\t\t\tSavourez l&#039;instant : l&#039;excellence culinaire du restaurant signature du camping Hengqin Sumlodol.\t\t\t\t\t\t\t\t<\/div>\n\t\t\t\t\t<\/div>\n\t\t<\/div>\n\t\t\t\t\t<\/div>\n\t\t<\/section>\n\t\t<div class=\"elementor-element elementor-element-d192a97 e-flex e-con-boxed e-con e-parent\" data-id=\"d192a97\" data-element_type=\"container\" data-e-type=\"container\">\n\t\t\t\t\t<div class=\"e-con-inner\">\n\t\t\t\t<div class=\"elementor-element elementor-element-6de5d5d elementor-widget elementor-widget-nuss-image-gallery\" data-id=\"6de5d5d\" data-element_type=\"widget\" data-e-type=\"widget\" data-widget_type=\"nuss-image-gallery.default\">\n\t\t\t\t<div class=\"elementor-widget-container\">\n\t\t\t\t\t\t\t<div class=\"nuss-grid-wrapper\" data-grid=\"{&quot;type&quot;:&quot;grid&quot;,&quot;ratio&quot;:null,&quot;columns&quot;:3,&quot;gutter&quot;:30}\">\r\n\t\t\t<div class=\"nuss-grid lazy-grid\">\r\n\t\t\t\t<div class=\"grid-sizer\"><\/div>\r\n\r\n\t\t\t\t\t\t\t\t\t\t\t\t<div class=\"grid-item\">\r\n\t\t\t\t\t\t<div class=\"nuss-box\">\t\t<div class=\"nuss-image image\">\r\n\t\t\t<img decoding=\"async\"  src=\"https:\/\/sumlodolcampingpark.com\/wp-content\/uploads\/2026\/04\/Hengqin-Sumlodol-Camping-Park-Dining-1.webp\" alt=\"Hengqin Sumlodol Camping Park Dining (1)\" \/>\t\t<\/div>\r\n\t\t\t\t<\/div>\t\t\t\t\t<\/div>\r\n\t\t\t\t\t\t<div class=\"grid-item\">\r\n\t\t\t\t\t\t<div class=\"nuss-box\">\t\t<div class=\"nuss-image image\">\r\n\t\t\t<img decoding=\"async\"  src=\"https:\/\/sumlodolcampingpark.com\/wp-content\/uploads\/2026\/04\/Hengqin-Sumlodol-Camping-Park-Dining-6.webp\" alt=\"Hengqin Sumlodol Camping Park Dining (6)\" \/>\t\t<\/div>\r\n\t\t\t\t<\/div>\t\t\t\t\t<\/div>\r\n\t\t\t\t\t\t<div class=\"grid-item\">\r\n\t\t\t\t\t\t<div class=\"nuss-box\">\t\t<div class=\"nuss-image image\">\r\n\t\t\t<img decoding=\"async\"  src=\"https:\/\/sumlodolcampingpark.com\/wp-content\/uploads\/2026\/04\/Hengqin-Sumlodol-Camping-Park-Dining-5.webp\" alt=\"Hengqin Sumlodol Camping Park Dining (5)\" \/>\t\t<\/div>\r\n\t\t\t\t<\/div>\t\t\t\t\t<\/div>\r\n\t\t\t\t\t\t<div class=\"grid-item\">\r\n\t\t\t\t\t\t<div class=\"nuss-box\">\t\t<div class=\"nuss-image image\">\r\n\t\t\t<img decoding=\"async\"  src=\"https:\/\/sumlodolcampingpark.com\/wp-content\/uploads\/2026\/04\/Hengqin-Sumlodol-Camping-Park-Dining-4.webp\" alt=\"Hengqin Sumlodol Camping Park Dining (4)\" \/>\t\t<\/div>\r\n\t\t\t\t<\/div>\t\t\t\t\t<\/div>\r\n\t\t\t\t\t\t<div class=\"grid-item\">\r\n\t\t\t\t\t\t<div class=\"nuss-box\">\t\t<div class=\"nuss-image image\">\r\n\t\t\t<img decoding=\"async\"  src=\"https:\/\/sumlodolcampingpark.com\/wp-content\/uploads\/2026\/04\/Hengqin-Sumlodol-Camping-Park-Dining-3.webp\" alt=\"Hengqin Sumlodol Camping Park Dining (3)\" \/>\t\t<\/div>\r\n\t\t\t\t<\/div>\t\t\t\t\t<\/div>\r\n\t\t\t\t\t\t<div class=\"grid-item\">\r\n\t\t\t\t\t\t<div class=\"nuss-box\">\t\t<div class=\"nuss-image image\">\r\n\t\t\t<img decoding=\"async\"  src=\"https:\/\/sumlodolcampingpark.com\/wp-content\/uploads\/2026\/04\/Hengqin-Sumlodol-Camping-Park-Dining-2.webp\" alt=\"Hengqin Sumlodol Camping Park Dining (2)\" \/>\t\t<\/div>\r\n\t\t\t\t<\/div>\t\t\t\t\t<\/div>\r\n\t\t\t\t\t\t\t\r\n\t\t\t<\/div>\r\n\t\t<\/div>\r\n\t\t\t\t\t\t<\/div>\n\t\t\t\t<\/div>\n\t\t\t\t\t<\/div>\n\t\t\t\t<\/div>\n\t\t<div class=\"elementor-element elementor-element-7ec243a e-flex e-con-boxed e-con e-parent\" data-id=\"7ec243a\" data-element_type=\"container\" data-e-type=\"container\">\n\t\t\t\t\t<div class=\"e-con-inner\">\n\t\t\t\t<div class=\"elementor-element elementor-element-16f96f4 elementor-widget elementor-widget-text-editor\" data-id=\"16f96f4\" data-element_type=\"widget\" data-e-type=\"widget\" data-widget_type=\"text-editor.default\">\n\t\t\t\t\t\t\t\t\t<div class=\"qwen-markdown-paragraph\"><span class=\"qwen-markdown-text\" data-spm-anchor-id=\"a2ty_o01.29997173.0.i45.578051710XUOvK\">Nich\u00e9 dans le paysage luxuriant et serein de l&#039;\u00eele de Hengqin, au n\u00b0 108 de la route Hengqin Huandao Nord, district de Xiangzhou, Zhuhai, Guangdong, Chine, l&#039;exp\u00e9rience culinaire de <\/span><strong class=\"qwen-markdown-strong\"><span class=\"qwen-markdown-text\">Parc de camping Hengqin Sumlodol<\/span><\/strong><span class=\"qwen-markdown-text\"> Notre cuisine transcende les traditions des complexes h\u00f4teliers. Ici, chaque repas est une invitation \u00e0 la connexion\u00a0: avec la nature, avec vos proches et avec le riche patrimoine culinaire du Guangdong. Que vous savouriez un petit-d\u00e9jeuner paisible sous une verri\u00e8re panoramique, pr\u00e9pariez des grillades dans votre cour priv\u00e9e ou vous r\u00e9unissiez autour d\u2019un feu de camp cr\u00e9pitant sous un ciel \u00e9toil\u00e9, nos restaurants et nos services de restauration sont con\u00e7us pour nourrir le corps et l\u2019esprit.<\/span><\/div><div class=\"qwen-markdown-space\">\u00a0<\/div><h2 class=\"qwen-markdown-heading\"><span class=\"qwen-markdown-text\">Restaurant Xinglv : Quand les saveurs locales rencontrent un confort raffin\u00e9<\/span><\/h2><div class=\"qwen-markdown-paragraph\"><span class=\"qwen-markdown-text\">Au c\u0153ur de notre offre culinaire se trouve <\/span><strong class=\"qwen-markdown-strong\"><span class=\"qwen-markdown-text\">Restaurant Xinglv<\/span><\/strong><span class=\"qwen-markdown-text\">, Un espace chaleureux o\u00f9 le charme rustique rencontre l&#039;hospitalit\u00e9 contemporaine. Con\u00e7u pour s&#039;harmoniser avec la philosophie du complexe h\u00f4telier, respectueuse de l&#039;environnement, le restaurant offre de vastes baies vitr\u00e9es donnant sur des jardins luxuriants et des lacs paisibles, cr\u00e9ant ainsi un cadre apaisant pour chaque repas. Notre carte met \u00e0 l&#039;honneur les produits du delta de la rivi\u00e8re des Perles, en proposant des ingr\u00e9dients frais et locaux, pr\u00e9par\u00e9s selon les techniques traditionnelles cantonaises et avec une touche de modernit\u00e9.<\/span><\/div><div class=\"qwen-markdown-space\">\u00a0<\/div><div class=\"qwen-markdown-paragraph\"><span class=\"qwen-markdown-text\">Commencez votre journ\u00e9e avec notre c\u00e9l\u00e8bre <\/span><strong class=\"qwen-markdown-strong\"><span class=\"qwen-markdown-text\">service de petit-d\u00e9jeuner prolong\u00e9<\/span><\/strong><span class=\"qwen-markdown-text\">, Disponible jusqu&#039;\u00e0 14h, ce buffet est tr\u00e8s appr\u00e9ci\u00e9 des clients et permet de profiter de matins tranquilles et d&#039;aventures improvis\u00e9es. Savourez un somptueux buffet compos\u00e9 de dim sum faits maison, de congee mijot\u00e9 avec un large choix de garnitures traditionnelles, de viennoiseries fra\u00eechement pr\u00e9par\u00e9es, de fruits de saison et d&#039;\u0153ufs pr\u00e9par\u00e9s \u00e0 la demande. Les voyageurs internationaux appr\u00e9cieront les plats familiers ainsi que les sp\u00e9cialit\u00e9s r\u00e9gionales, de quoi ravir tous les palais.<\/span><\/div><div class=\"qwen-markdown-space\">\u00a0<\/div><div class=\"qwen-markdown-paragraph\"><span class=\"qwen-markdown-text\">Pour le d\u00e9jeuner et le d\u00eener, le restaurant Xinglv vous propose un v\u00e9ritable festin des saveurs c\u00f4ti\u00e8res de Zhuhai. Savourez de d\u00e9licats poissons cuits \u00e0 la vapeur, p\u00each\u00e9s chaque jour dans les eaux environnantes, un riz parfum\u00e9 en pot de terre, des l\u00e9gumes de saison saut\u00e9s au wok et des plats embl\u00e9matiques comme l&#039;omelette aux hu\u00eetres fa\u00e7on Hengqin et le porc brais\u00e9 local. Nos chefs privil\u00e9gient la fra\u00eecheur et l&#039;authenticit\u00e9, et collaborent avec des agriculteurs et des p\u00eacheurs locaux de confiance pour vous offrir les saveurs authentiques du Guangdong. Des menus v\u00e9g\u00e9tariens, v\u00e9g\u00e9taliens, sans gluten et adapt\u00e9s aux enfants sont disponibles sur r\u00e9servation, pour que chacun puisse profiter d&#039;un repas inoubliable.<\/span><\/div><div class=\"qwen-markdown-space\">\u00a0<\/div><h2 class=\"qwen-markdown-heading\"><span class=\"qwen-markdown-text\">Barbecues dans la cour priv\u00e9e\u00a0: Repas en plein air sous les \u00e9toiles<\/span><\/h2><div class=\"qwen-markdown-paragraph\"><span class=\"qwen-markdown-text\">L&#039;une des exp\u00e9riences les plus pr\u00e9cieuses de Sumlodol est le <\/span><strong class=\"qwen-markdown-strong\"><span class=\"qwen-markdown-text\">Cour priv\u00e9e avec barbecue<\/span><\/strong><span class=\"qwen-markdown-text\">, Accessible aux clients s\u00e9journant dans les Cabin Villas, les Family Containers et certains emplacements pour camping-cars, ce service vous permet de vous r\u00e9unir en famille ou entre amis autour de votre propre barbecue, tandis que le soleil se couche sur l&#039;horizon de Hengqin. Nos formules barbecue incluent des viandes marin\u00e9es de qualit\u00e9 sup\u00e9rieure, des fruits de mer frais, des l\u00e9gumes de saison, des sauces maison et tous les ustensiles n\u00e9cessaires pour griller\u00a0; vous n&#039;aurez ainsi qu&#039;\u00e0 profiter de la convivialit\u00e9, sans vous soucier de la pr\u00e9paration.<\/span><\/div><div class=\"qwen-markdown-space\">\u00a0<\/div><div class=\"qwen-markdown-paragraph\"><span class=\"qwen-markdown-text\">Rehaussez votre soir\u00e9e avec nos options <\/span><strong class=\"qwen-markdown-strong\"><span class=\"qwen-markdown-text\">extension feu de camp<\/span><\/strong><span class=\"qwen-markdown-text\">, Avec des kits pour s&#039;mores gourmands, des guimauves artisanales, du chocolat chaud maison et des playlists soigneusement s\u00e9lectionn\u00e9es, notre \u00e9quipe se tient \u00e0 votre disposition. Pour vos occasions sp\u00e9ciales, nous pouvons ajouter des touches personnalis\u00e9es comme des centres de table floraux, des menus sur mesure ou de la musique acoustique en direct. Ce format de repas intime et flexible est devenu la marque de fabrique de l&#039;exp\u00e9rience Sumlodol\u00a0: id\u00e9al pour les anniversaires, les f\u00eates d&#039;entreprise ou tout simplement pour une soir\u00e9e m\u00e9morable \u00e0 la belle \u00e9toile.<\/span><\/div><div class=\"qwen-markdown-space\">\u00a0<\/div><h2 class=\"qwen-markdown-heading\"><span class=\"qwen-markdown-text\">Restauration toute la journ\u00e9e et commodit\u00e9s bien pens\u00e9es<\/span><\/h2><div class=\"qwen-markdown-paragraph\"><span class=\"qwen-markdown-text\">Sachant que l&#039;aventure ne suit pas d&#039;horaire strict, nous proposons des solutions de restauration flexibles con\u00e7ues pour le voyageur moderne\u00a0:<\/span><\/div><div class=\"qwen-markdown-space\">\u00a0<\/div><ul class=\"qwen-markdown-list\" dir=\"auto\"><li><strong class=\"qwen-markdown-strong\"><span class=\"qwen-markdown-text\">Service en chambre<\/span><\/strong><span class=\"qwen-markdown-text\">Savourez une s\u00e9lection de plats livr\u00e9s \u00e0 votre h\u00e9bergement pour des repas priv\u00e9s et d\u00e9tendus.<\/span><\/li><li><strong class=\"qwen-markdown-strong\"><span class=\"qwen-markdown-text\">Coin des plats \u00e0 emporter<\/span><\/strong><span class=\"qwen-markdown-text\">Des sandwichs frais, des salades, des coupes de fruits et des boissons pour les clients press\u00e9s.<\/span><\/li><li><strong class=\"qwen-markdown-strong\"><span class=\"qwen-markdown-text\">Menu enfant<\/span><\/strong><span class=\"qwen-markdown-text\">Des options nutritives et attrayantes, con\u00e7ues pour ravir les jeunes palais, pr\u00e9sent\u00e9es de fa\u00e7on ludique.<\/span><\/li><li><strong class=\"qwen-markdown-strong\"><span class=\"qwen-markdown-text\">Station caf\u00e9 et th\u00e9 de sp\u00e9cialit\u00e9<\/span><\/strong><span class=\"qwen-markdown-text\">Bi\u00e8res artisanales, th\u00e9s locaux et p\u00e2tisseries maison disponibles toute la journ\u00e9e.<\/span><\/li><li><strong class=\"qwen-markdown-strong\"><span class=\"qwen-markdown-text\">D\u00eeners de saison et \u00e0 th\u00e8me<\/span><\/strong><span class=\"qwen-markdown-text\">Des festivals de g\u00e2teaux de lune aux soir\u00e9es de fruits de mer estivales, notre \u00e9quipe culinaire con\u00e7oit des exp\u00e9riences \u00e9ph\u00e9m\u00e8res qui c\u00e9l\u00e8brent la culture et les saisons.<\/span><\/li><\/ul><div class=\"qwen-markdown-space\">\u00a0<\/div><h2 class=\"qwen-markdown-heading\"><span class=\"qwen-markdown-text\">Approvisionnement durable, h\u00f4tellerie responsable<\/span><\/h2><div class=\"qwen-markdown-paragraph\"><span class=\"qwen-markdown-text\">Au camping Hengqin Sumlodol, saveurs exceptionnelles et respect de l&#039;environnement sont indissociables. Notre cuisine privil\u00e9gie\u00a0:<\/span><\/div><div class=\"qwen-markdown-space\">\u00a0<\/div><div class=\"qwen-markdown-paragraph\"><span class=\"qwen-markdown-text\">\ud83c\udf31 <\/span><strong class=\"qwen-markdown-strong\"><span class=\"qwen-markdown-text\">Partenariats locaux<\/span><\/strong><span class=\"qwen-markdown-text\">Ingr\u00e9dients provenant de fermes, de p\u00eacheries et d&#039;artisans de Zhuhai et de la r\u00e9gion de la Grande Baie<\/span><br \/><span class=\"qwen-markdown-text\">\ud83c\udf31 <\/span><strong class=\"qwen-markdown-strong\"><span class=\"qwen-markdown-text\">Initiatives z\u00e9ro d\u00e9chet<\/span><\/strong><span class=\"qwen-markdown-text\">Programmes de compostage, vaisselle r\u00e9utilisable pour les repas en plein air et planification cr\u00e9ative des menus pour minimiser le gaspillage alimentaire<\/span><br \/><span class=\"qwen-markdown-text\">\ud83c\udf31 <\/span><strong class=\"qwen-markdown-strong\"><span class=\"qwen-markdown-text\">Op\u00e9rations \u00e9co-responsables<\/span><\/strong><span class=\"qwen-markdown-text\">: \u00c9quipements de cuisine \u00e9conomes en \u00e9nergie, pratiques de conservation de l&#039;eau et emballages biod\u00e9gradables pour les plats \u00e0 emporter <\/span><\/div><div class=\"qwen-markdown-space\">\u00a0<\/div><div class=\"qwen-markdown-paragraph\"><span class=\"qwen-markdown-text\">Nous sommes convaincus qu&#039;une consommation responsable rehausse \u00e0 la fois le go\u00fbt et le sens, permettant ainsi \u00e0 nos clients de se faire plaisir en toute confiance.<\/span><\/div><div class=\"qwen-markdown-space\">\u00a0<\/div><h2 class=\"qwen-markdown-heading\"><span class=\"qwen-markdown-text\">C\u00e9l\u00e9brez les moments de la vie avec un service traiteur personnalis\u00e9<\/span><\/h2><div class=\"qwen-markdown-paragraph\"><span class=\"qwen-markdown-text\">Au-del\u00e0 des repas quotidiens, notre \u00e9quipe culinaire se sp\u00e9cialise dans <\/span><strong class=\"qwen-markdown-strong\"><span class=\"qwen-markdown-text\">service traiteur \u00e9v\u00e9nementiel sur mesure<\/span><\/strong><span class=\"qwen-markdown-text\"> Pour vos \u00e9v\u00e9nements d&#039;entreprise, mariages, r\u00e9unions de famille et c\u00e9l\u00e9brations marquantes, nous prenons en charge tous vos besoins. Que vous envisagiez un banquet au bord d&#039;un lac, une soir\u00e9e \u00e0 th\u00e8me dans un parc d&#039;attractions ou un d\u00eener raffin\u00e9 dans un pavillon priv\u00e9, nous collaborons \u00e9troitement avec vous pour concevoir des menus, une ambiance et un service \u00e0 la hauteur de vos attentes. De la personnalisation des r\u00e9gimes alimentaires aux moindres d\u00e9tails de d\u00e9coration, notre service traiteur \u00e9v\u00e9nementiel garantit une c\u00e9l\u00e9bration aussi spectaculaire que r\u00e9ussie.<\/span><\/div><div class=\"qwen-markdown-space\">\u00a0<\/div><h2 class=\"qwen-markdown-heading\"><span class=\"qwen-markdown-text\">Pourquoi les clients adorent d\u00eener au camping Sumlodol<\/span><\/h2><div class=\"qwen-markdown-paragraph\"><span class=\"qwen-markdown-text\">\u2728 <\/span><strong class=\"qwen-markdown-strong\"><span class=\"qwen-markdown-text\">Saveurs locales authentiques<\/span><\/strong><span class=\"qwen-markdown-text\">Go\u00fbtez aux saveurs authentiques de Zhuhai et du Guangdong sans quitter votre h\u00f4tel.<\/span><br \/><span class=\"qwen-markdown-text\">\u2728 <\/span><strong class=\"qwen-markdown-strong\"><span class=\"qwen-markdown-text\">Formats de restauration flexibles<\/span><\/strong><span class=\"qwen-markdown-text\">Des repas formels au restaurant aux grillades d\u00e9contract\u00e9es dans la cour, choisissez le cadre qui correspond \u00e0 votre humeur.<\/span><br \/><span class=\"qwen-markdown-text\">\u2728 <\/span><strong class=\"qwen-markdown-strong\"><span class=\"qwen-markdown-text\">Approche centr\u00e9e sur la famille<\/span><\/strong><span class=\"qwen-markdown-text\">Des menus adapt\u00e9s aux enfants, des chaises hautes et un service attentionn\u00e9 font des repas avec des enfants un vrai plaisir.<\/span><br \/><span class=\"qwen-markdown-text\">\u2728 <\/span><strong class=\"qwen-markdown-strong\"><span class=\"qwen-markdown-text\">Ambiance pittoresque<\/span><\/strong><span class=\"qwen-markdown-text\">D\u00eenez en pleine nature, que ce soit \u00e0 l&#039;int\u00e9rieur avec vue sur le jardin ou \u00e0 l&#039;ext\u00e9rieur sous le ciel ouvert.<\/span><br \/><span class=\"qwen-markdown-text\">\u2728 <\/span><strong class=\"qwen-markdown-strong\"><span class=\"qwen-markdown-text\">Service attentif<\/span><\/strong><span class=\"qwen-markdown-text\">Nos \u00e9quipes culinaires et de service sont form\u00e9es pour anticiper les besoins, r\u00e9pondre aux demandes et cr\u00e9er des moments m\u00e9morables. <\/span><\/div><div class=\"qwen-markdown-space\">\u00a0<\/div><h2 class=\"qwen-markdown-heading\"><span class=\"qwen-markdown-text\">Planifiez votre voyage culinaire au camping Hengqin Sumlodol<\/span><\/h2><div class=\"qwen-markdown-paragraph\"><span class=\"qwen-markdown-text\">Que vous soyez un fin gourmet en qu\u00eate d&#039;une cuisine cantonaise authentique, une famille \u00e0 la recherche de solutions repas sans stress, un couple d\u00e9sirant un d\u00eener romantique autour d&#039;un feu de camp ou un groupe d&#039;entreprise ayant besoin d&#039;un service traiteur personnalis\u00e9, les exp\u00e9riences culinaires du Hengqin Sumlodol Camping Park sont con\u00e7ues pour d\u00e9passer vos attentes. <\/span><\/div><div class=\"qwen-markdown-space\">\u00a0<\/div><div class=\"qwen-markdown-paragraph\"><span class=\"qwen-markdown-text\">Situ\u00e9 au n\u00b0 108 de la route Hengqin Huandao Nord, district de Xiangzhou, Zhuhai, Guangdong, Chine, notre complexe h\u00f4telier offre une combinaison rare : la fra\u00eecheur de la cuisine c\u00f4ti\u00e8re du Guangdong, la chaleur d&#039;un accueil personnalis\u00e9 et la magie d&#039;un repas en pleine nature. <\/span><\/div><div class=\"qwen-markdown-space\">\u00a0<\/div><div class=\"qwen-markdown-paragraph\" data-spm-anchor-id=\"a2ty_o01.29997173.0.i47.578051710XUOvK\"><em><span class=\"qwen-markdown-text\">R\u00e9servez votre table, pr\u00e9commandez votre forfait barbecue ou contactez notre concierge culinaire pour cr\u00e9er une exp\u00e9rience gastronomique aussi unique que votre s\u00e9jour. Au camping Hengqin Sumlodol, chaque bouch\u00e9e est une histoire, et nous avons h\u00e2te de vous faire partager la n\u00f4tre.<\/span><\/em><\/div>\t\t\t\t\t\t\t\t<\/div>\n\t\t\t\t\t<\/div>\n\t\t\t\t<\/div>\n\t\t\t\t<\/div>","protected":false},"excerpt":{"rendered":"<p>Savor the Moment: Culinary Excellence at Hengqin Sumlodol Camping Park&#8217;s Signature Dining Experience Nestled within the lush, serene landscape of Hengqin Island at No. 108 Hengqin Huandao North Road, Xiangzhou District, Zhuhai, Guangdong, China, the dining experience at Hengqin Sumlodol Camping Park transcends traditional resort cuisine. Here, every meal is an invitation to connect\u2014with nature, [&hellip;]<\/p>\n","protected":false},"author":1,"featured_media":0,"parent":0,"menu_order":0,"comment_status":"closed","ping_status":"closed","template":"elementor_header_footer","meta":{"footnotes":""},"class_list":["post-612","page","type-page","status-publish","hentry","post-no-thumbnail"],"_links":{"self":[{"href":"https:\/\/sumlodolcampingpark.com\/fr\/wp-json\/wp\/v2\/pages\/612","targetHints":{"allow":["GET"]}}],"collection":[{"href":"https:\/\/sumlodolcampingpark.com\/fr\/wp-json\/wp\/v2\/pages"}],"about":[{"href":"https:\/\/sumlodolcampingpark.com\/fr\/wp-json\/wp\/v2\/types\/page"}],"author":[{"embeddable":true,"href":"https:\/\/sumlodolcampingpark.com\/fr\/wp-json\/wp\/v2\/users\/1"}],"replies":[{"embeddable":true,"href":"https:\/\/sumlodolcampingpark.com\/fr\/wp-json\/wp\/v2\/comments?post=612"}],"version-history":[{"count":0,"href":"https:\/\/sumlodolcampingpark.com\/fr\/wp-json\/wp\/v2\/pages\/612\/revisions"}],"wp:attachment":[{"href":"https:\/\/sumlodolcampingpark.com\/fr\/wp-json\/wp\/v2\/media?parent=612"}],"curies":[{"name":"wp","href":"https:\/\/api.w.org\/{rel}","templated":true}]}}