{"id":2109,"date":"2021-03-26T08:35:58","date_gmt":"2021-03-26T08:35:58","guid":{"rendered":"http:\/\/localhost\/nuss\/?page_id=536"},"modified":"2026-04-04T08:43:16","modified_gmt":"2026-04-04T08:43:16","slug":"business-facilities","status":"publish","type":"page","link":"https:\/\/sumlodolcampingpark.com\/fr\/business-facilities\/","title":{"rendered":"Installations commerciales"},"content":{"rendered":"<div data-elementor-type=\"wp-page\" data-elementor-id=\"2109\" class=\"elementor elementor-2109\">\n\t\t\t\t\t\t<section class=\"elementor-section elementor-top-section elementor-element elementor-element-bb2901b elementor-section-boxed elementor-section-gap-beside-yes elementor-section-height-default elementor-section-height-default elementor-section-column-vertical-align-stretch\" data-id=\"bb2901b\" data-element_type=\"section\" data-e-type=\"section\">\n\t\t\t\t\t\t<div class=\"elementor-container elementor-column-gap-extended\">\n\t\t\t\t\t<div class=\"elementor-column elementor-col-100 elementor-top-column elementor-element elementor-element-1919db9\" data-id=\"1919db9\" data-element_type=\"column\" data-e-type=\"column\">\n\t\t\t<div class=\"elementor-widget-wrap elementor-element-populated\">\n\t\t\t\t\t\t<div class=\"elementor-element elementor-element-41a7b9c elementor-widget__width-initial elementor-invisible elementor-widget elementor-widget-text-editor\" data-id=\"41a7b9c\" data-element_type=\"widget\" data-e-type=\"widget\" data-settings=\"{&quot;_animation&quot;:&quot;nussFadeInUp&quot;}\" data-widget_type=\"text-editor.default\">\n\t\t\t\t\t\t\t\t\tParc de camping Hengqin Sumlodol\u00a0: Installations pour entreprises\u00a0: L\u00e0 o\u00f9 la r\u00e9ussite des entreprises rencontre l\u2019inspiration naturelle\t\t\t\t\t\t\t\t<\/div>\n\t\t\t\t\t<\/div>\n\t\t<\/div>\n\t\t\t\t\t<\/div>\n\t\t<\/section>\n\t\t<div class=\"elementor-element elementor-element-888ec85 e-flex e-con-boxed e-con e-parent\" data-id=\"888ec85\" data-element_type=\"container\" data-e-type=\"container\">\n\t\t\t\t\t<div class=\"e-con-inner\">\n\t\t\t\t<div class=\"elementor-element elementor-element-2fae241 elementor-widget elementor-widget-nuss-image-gallery\" data-id=\"2fae241\" data-element_type=\"widget\" data-e-type=\"widget\" data-widget_type=\"nuss-image-gallery.default\">\n\t\t\t\t<div class=\"elementor-widget-container\">\n\t\t\t\t\t\t\t<div class=\"nuss-grid-wrapper\" data-grid=\"{&quot;type&quot;:&quot;grid&quot;,&quot;ratio&quot;:null,&quot;columns&quot;:3,&quot;gutter&quot;:30}\">\r\n\t\t\t<div class=\"nuss-grid lazy-grid\">\r\n\t\t\t\t<div class=\"grid-sizer\"><\/div>\r\n\r\n\t\t\t\t\t\t\t\t\t\t\t\t<div class=\"grid-item\">\r\n\t\t\t\t\t\t<div class=\"nuss-box\">\t\t<div class=\"nuss-image image\">\r\n\t\t\t<img decoding=\"async\"  src=\"https:\/\/sumlodolcampingpark.com\/wp-content\/uploads\/2026\/04\/business-facilities-9.webp\" alt=\"business facilities (9)\" \/>\t\t<\/div>\r\n\t\t\t\t<\/div>\t\t\t\t\t<\/div>\r\n\t\t\t\t\t\t<div class=\"grid-item\">\r\n\t\t\t\t\t\t<div class=\"nuss-box\">\t\t<div class=\"nuss-image image\">\r\n\t\t\t<img decoding=\"async\"  src=\"https:\/\/sumlodolcampingpark.com\/wp-content\/uploads\/2026\/04\/business-facilities-8.webp\" alt=\"business facilities (8)\" \/>\t\t<\/div>\r\n\t\t\t\t<\/div>\t\t\t\t\t<\/div>\r\n\t\t\t\t\t\t<div class=\"grid-item\">\r\n\t\t\t\t\t\t<div class=\"nuss-box\">\t\t<div class=\"nuss-image image\">\r\n\t\t\t<img decoding=\"async\"  src=\"https:\/\/sumlodolcampingpark.com\/wp-content\/uploads\/2026\/04\/business-facilities-7.webp\" alt=\"business facilities (7)\" \/>\t\t<\/div>\r\n\t\t\t\t<\/div>\t\t\t\t\t<\/div>\r\n\t\t\t\t\t\t<div class=\"grid-item\">\r\n\t\t\t\t\t\t<div class=\"nuss-box\">\t\t<div class=\"nuss-image image\">\r\n\t\t\t<img decoding=\"async\"  src=\"https:\/\/sumlodolcampingpark.com\/wp-content\/uploads\/2026\/04\/business-facilities-5.webp\" alt=\"business facilities (5)\" \/>\t\t<\/div>\r\n\t\t\t\t<\/div>\t\t\t\t\t<\/div>\r\n\t\t\t\t\t\t<div class=\"grid-item\">\r\n\t\t\t\t\t\t<div class=\"nuss-box\">\t\t<div class=\"nuss-image image\">\r\n\t\t\t<img decoding=\"async\"  src=\"https:\/\/sumlodolcampingpark.com\/wp-content\/uploads\/2026\/04\/business-facilities-4.webp\" alt=\"business facilities (4)\" \/>\t\t<\/div>\r\n\t\t\t\t<\/div>\t\t\t\t\t<\/div>\r\n\t\t\t\t\t\t<div class=\"grid-item\">\r\n\t\t\t\t\t\t<div class=\"nuss-box\">\t\t<div class=\"nuss-image image\">\r\n\t\t\t<img decoding=\"async\"  src=\"https:\/\/sumlodolcampingpark.com\/wp-content\/uploads\/2026\/04\/business-facilities-3.webp\" alt=\"business facilities (3)\" \/>\t\t<\/div>\r\n\t\t\t\t<\/div>\t\t\t\t\t<\/div>\r\n\t\t\t\t\t\t<div class=\"grid-item\">\r\n\t\t\t\t\t\t<div class=\"nuss-box\">\t\t<div class=\"nuss-image image\">\r\n\t\t\t<img decoding=\"async\"  src=\"https:\/\/sumlodolcampingpark.com\/wp-content\/uploads\/2026\/04\/business-facilities-2.webp\" alt=\"business facilities (2)\" \/>\t\t<\/div>\r\n\t\t\t\t<\/div>\t\t\t\t\t<\/div>\r\n\t\t\t\t\t\t<div class=\"grid-item\">\r\n\t\t\t\t\t\t<div class=\"nuss-box\">\t\t<div class=\"nuss-image image\">\r\n\t\t\t<img decoding=\"async\"  src=\"https:\/\/sumlodolcampingpark.com\/wp-content\/uploads\/2026\/04\/business-facilities-1.webp\" alt=\"business facilities (1)\" \/>\t\t<\/div>\r\n\t\t\t\t<\/div>\t\t\t\t\t<\/div>\r\n\t\t\t\t\t\t\t\r\n\t\t\t<\/div>\r\n\t\t<\/div>\r\n\t\t\t\t\t\t<\/div>\n\t\t\t\t<\/div>\n\t\t\t\t\t<\/div>\n\t\t\t\t<\/div>\n\t\t<div class=\"elementor-element elementor-element-8a343fb e-flex e-con-boxed e-con e-parent\" data-id=\"8a343fb\" data-element_type=\"container\" data-e-type=\"container\">\n\t\t\t\t\t<div class=\"e-con-inner\">\n\t\t\t\t<div class=\"elementor-element elementor-element-a6e7e24 elementor-widget elementor-widget-text-editor\" data-id=\"a6e7e24\" data-element_type=\"widget\" data-e-type=\"widget\" data-widget_type=\"text-editor.default\">\n\t\t\t\t\t\t\t\t\t<div class=\"qwen-markdown-paragraph\"><span class=\"qwen-markdown-text\">Rehaussez le niveau de votre prochain \u00e9v\u00e9nement d&#039;entreprise, conf\u00e9rence ou s\u00e9minaire de team building chez <\/span><strong class=\"qwen-markdown-strong\"><span class=\"qwen-markdown-text\">Parc de camping Hengqin Sumlodol<\/span><\/strong><span class=\"qwen-markdown-text\">, Sumlodol Camping Park, destination d&#039;affaires unique \u00e0 Zhuhai, est situ\u00e9 au 108, rue Hengqin Huandao Nord, district de Xiangzhou, Zhuhai, Guangdong, Chine. Notre complexe r\u00e9invente les r\u00e9unions professionnelles en alliant des \u00e9quipements de pointe au bien-\u00eatre de la nature. Id\u00e9al pour les entreprises en qu\u00eate d&#039;une alternative originale aux h\u00f4tels de conf\u00e9rence traditionnels, Sumlodol Camping Park offre un cadre propice \u00e0 la productivit\u00e9, \u00e0 la cr\u00e9ativit\u00e9 et au bien-\u00eatre, con\u00e7u pour stimuler l&#039;innovation, renforcer la coh\u00e9sion d&#039;\u00e9quipe et g\u00e9n\u00e9rer des r\u00e9sultats concrets.<\/span><\/div><div class=\"qwen-markdown-space\">\u00a0<\/div><h2 class=\"qwen-markdown-heading\"><span class=\"qwen-markdown-text\">Des espaces de r\u00e9union et d&#039;\u00e9v\u00e9nement polyvalents pour tous les besoins des entreprises<\/span><\/h2><div class=\"qwen-markdown-paragraph\"><span class=\"qwen-markdown-text\">Nos installations d&#039;affaires, con\u00e7ues avec soin, accueillent des groupes de toutes tailles et aux objectifs vari\u00e9s. Le fleuron du complexe. <\/span><strong class=\"qwen-markdown-strong\"><span class=\"qwen-markdown-text\">salle de conf\u00e9rence multifonctionnelle<\/span><\/strong><span class=\"qwen-markdown-text\"> Nos espaces offrent des configurations de si\u00e8ges flexibles, un \u00e9clairage naturel et une vue imprenable sur le paysage environnant, pour un environnement stimulant et propice \u00e0 l&#039;engagement des participants. Pour des s\u00e9ances de strat\u00e9gie en petit comit\u00e9 ou des r\u00e9unions de direction, notre salle priv\u00e9e est id\u00e9ale. <\/span><strong class=\"qwen-markdown-strong\"><span class=\"qwen-markdown-text\">salles de r\u00e9union<\/span><\/strong><span class=\"qwen-markdown-text\"> Nous proposons des espaces calmes et professionnels, dot\u00e9s d&#039;un mobilier ergonomique et d&#039;une isolation phonique. Les amateurs de plein air peuvent y organiser des conf\u00e9rences de motivation ou des ateliers de brainstorming. <\/span><strong class=\"qwen-markdown-strong\"><span class=\"qwen-markdown-text\">pavillons en plein air<\/span><\/strong><span class=\"qwen-markdown-text\">, Un lieu o\u00f9 l&#039;air pur et la nature environnante favorisent la cr\u00e9ativit\u00e9. Tous les espaces sont \u00e9quip\u00e9s d&#039;une connexion Wi-Fi haut d\u00e9bit gratuite, de prises \u00e9lectriques int\u00e9gr\u00e9es et de la climatisation pour garantir confort et connectivit\u00e9 tout au long de votre \u00e9v\u00e9nement.<\/span><\/div><div class=\"qwen-markdown-space\">\u00a0<\/div><h2 class=\"qwen-markdown-heading\"><span class=\"qwen-markdown-text\">Services de soutien technique et professionnel de pointe<\/span><\/h2><div class=\"qwen-markdown-paragraph\"><span class=\"qwen-markdown-text\">Nous savons qu&#039;une technologie performante est essentielle \u00e0 la r\u00e9ussite de votre entreprise. C&#039;est pourquoi chaque espace de r\u00e9union du camping Hengqin Sumlodol est \u00e9quip\u00e9 de syst\u00e8mes audiovisuels professionnels, incluant des projecteurs HD, des solutions de pr\u00e9sentation sans fil, des syst\u00e8mes audio haut de gamme et des outils de visioconf\u00e9rence compatibles avec les plateformes internationales. Notre \u00e9quipe d\u00e9di\u00e9e est \u00e0 votre disposition. <\/span><strong class=\"qwen-markdown-strong\"><span class=\"qwen-markdown-text\">\u00e9quipe des services aux entreprises<\/span><\/strong><span class=\"qwen-markdown-text\"> Nous proposons une assistance technique sur place, des services d&#039;impression et de photocopie, ainsi qu&#039;un secr\u00e9tariat pour g\u00e9rer les aspects logistiques et vous permettre de vous concentrer sur le contenu et les \u00e9changes. Besoin d&#039;ajustements de derni\u00e8re minute\u00a0? Notre r\u00e9ception ouverte 24\u00a0h\/24 et nos coordinateurs d&#039;\u00e9v\u00e9nements vous garantissent un service r\u00e9actif et personnalis\u00e9 \u00e0 chaque \u00e9tape.<\/span><\/div><div class=\"qwen-markdown-space\">\u00a0<\/div><h2 class=\"qwen-markdown-heading\"><span class=\"qwen-markdown-text\">Un service traiteur qui stimule la productivit\u00e9 et la c\u00e9l\u00e9bration<\/span><\/h2><div class=\"qwen-markdown-paragraph\"><span class=\"qwen-markdown-text\">Dynamisez vos \u00e9quipes gr\u00e2ce \u00e0 des options de restauration personnalis\u00e9es, con\u00e7ues pour favoriser la concentration tout en s&#039;accordant \u00e0 une ambiance festive. Notre \u00e9quipe culinaire \u00e9labore des buffets de petit-d\u00e9jeuner nutritifs, des d\u00e9jeuners de travail et d&#039;\u00e9l\u00e9gants d\u00eeners de r\u00e9ception \u00e0 partir d&#039;ingr\u00e9dients frais et locaux. Choisissez parmi la cuisine cantonaise traditionnelle, des plats internationaux ou des menus barbecue \u00e0 th\u00e8me servis dans des cours priv\u00e9es. Pour des \u00e9changes informels ou un moment de d\u00e9tente apr\u00e8s une r\u00e9union, profitez de nos bars \u00e0 caf\u00e9 sp\u00e9cialis\u00e9s, de nos en-cas artisanaux ou de nos soir\u00e9es autour d&#039;un feu de camp avec guimauves grill\u00e9es et boissons artisanales. Des restrictions alimentaires\u00a0? Nous prenons en compte les demandes v\u00e9g\u00e9taliennes, v\u00e9g\u00e9tariennes, sans gluten et sans allerg\u00e8nes, sur simple demande pr\u00e9alable.<\/span><\/div><div class=\"qwen-markdown-space\">\u00a0<\/div><h2 class=\"qwen-markdown-heading\"><span class=\"qwen-markdown-text\">Des aventures de team building qui renforcent la collaboration<\/span><\/h2><div class=\"qwen-markdown-paragraph\"><span class=\"qwen-markdown-text\">Ce qui distingue le Hengqin Sumlodol Camping Park, c&#039;est notre capacit\u00e9 \u00e0 allier d\u00e9veloppement professionnel et exp\u00e9riences immersives en plein air. Profitez de notre acc\u00e8s exclusif \u00e0\u2026 <\/span><strong class=\"qwen-markdown-strong\"><span class=\"qwen-markdown-text\">Parc d&#039;aventure sans moteurs de Xingqita (65\u00a0000 m\u00b2)<\/span><\/strong><span class=\"qwen-markdown-text\"> Pour des activit\u00e9s de team building dynamiques\u00a0: parcours d\u2019obstacles collaboratifs, d\u00e9fis de r\u00e9solution de probl\u00e8mes dans le labyrinthe sous-marin, exercices de leadership sur des filets d\u2019escalade ou comp\u00e9titions amicales sur des pistes de karting. Anim\u00e9es par nos coordinateurs d\u2019activit\u00e9s exp\u00e9riment\u00e9s, ces exp\u00e9riences favorisent la confiance, la communication et la cr\u00e9ativit\u00e9 \u2013 des comp\u00e9tences essentielles \u00e0 la r\u00e9ussite professionnelle. En soir\u00e9e, organisez des barbecues, des veill\u00e9es contes autour d\u2019un feu de camp ou des ateliers d\u2019observation des \u00e9toiles pour renforcer les liens dans un cadre convivial et m\u00e9morable.<\/span><\/div><div class=\"qwen-markdown-space\">\u00a0<\/div><h2 class=\"qwen-markdown-heading\"><span class=\"qwen-markdown-text\">Emplacement strat\u00e9gique avec accessibilit\u00e9 optimale<\/span><\/h2><div class=\"qwen-markdown-paragraph\"><span class=\"qwen-markdown-text\">Situ\u00e9 sur l&#039;\u00eele de Hengqin, p\u00f4le d&#039;innovation et de tourisme de la Grande Baie, notre complexe h\u00f4telier offre un confort exceptionnel aux d\u00e9l\u00e9gu\u00e9s nationaux et internationaux. Nous sommes \u00e0 proximit\u00e9 imm\u00e9diate\u00a0:<\/span><\/div><ul class=\"qwen-markdown-list\" dir=\"auto\"><li><span class=\"qwen-markdown-text\">\u00c0 12 km de la gare de Zhuhai<\/span><\/li><li><span class=\"qwen-markdown-text\">10 km de l&#039;a\u00e9roport international de Macao<\/span><\/li><li><span class=\"qwen-markdown-text\">7 km du royaume oc\u00e9anique de Zhuhai Chimelong<\/span><\/li><li><span class=\"qwen-markdown-text\">\u00c0 quelques minutes du pont du Lotus menant \u00e0 Macao<\/span><\/li><\/ul><div class=\"qwen-markdown-space\">\u00a0<\/div><div class=\"qwen-markdown-paragraph\"><span class=\"qwen-markdown-text\">Un parking gratuit sur place avec bornes de recharge pour v\u00e9hicules \u00e9lectriques, un enregistrement\/d\u00e9part express, une consigne \u00e0 bagages et un service de r\u00e9servation de taxis garantissent des arriv\u00e9es et des d\u00e9parts en toute simplicit\u00e9. Pour les \u00e9quipes multinationales, notre proximit\u00e9 avec Macao et Shenzhen facilite la logistique transfrontali\u00e8re.<\/span><\/div><div class=\"qwen-markdown-space\">\u00a0<\/div><h2 class=\"qwen-markdown-heading\"><span class=\"qwen-markdown-text\">Planification \u00e9v\u00e9nementielle d\u00e9di\u00e9e pour une ex\u00e9cution impeccable<\/span><\/h2><div class=\"qwen-markdown-paragraph\"><span class=\"qwen-markdown-text\">De la premi\u00e8re prise de contact au suivi post-\u00e9v\u00e9nement, nos professionnels sont l\u00e0 pour vous accompagner. <\/span><strong class=\"qwen-markdown-strong\"><span class=\"qwen-markdown-text\">Concierge en planification d&#039;\u00e9v\u00e9nements<\/span><\/strong><span class=\"qwen-markdown-text\"> Nous collaborons avec vous pour concevoir un programme sur mesure, adapt\u00e9 \u00e0 vos objectifs et \u00e0 votre budget. Nos services comprennent la personnalisation du lieu, la planification des activit\u00e9s, la coordination des repas, la logistique des transports et la mise en place de supports de communication. Que vous organisiez une retraite de direction pour 10 personnes ou une conf\u00e9rence d&#039;entreprise pour 100 participants, nous g\u00e9rons chaque d\u00e9tail avec pr\u00e9cision et cr\u00e9ativit\u00e9.<\/span><\/div><div class=\"qwen-markdown-space\">\u00a0<\/div><h2 class=\"qwen-markdown-heading\"><span class=\"qwen-markdown-text\">Pourquoi choisir le parc de camping Hengqin Sumlodol pour votre prochain \u00e9v\u00e9nement professionnel ?<\/span><\/h2><div class=\"qwen-markdown-paragraph\"><span class=\"qwen-markdown-text\">\u2705 Des lieux en pleine nature qui stimulent la cr\u00e9ativit\u00e9 et r\u00e9duisent la fatigue li\u00e9e aux r\u00e9unions<\/span><br \/><span class=\"qwen-markdown-text\">\u2705 Des espaces flexibles et \u00e9quip\u00e9s de technologies pour les pr\u00e9sentations, les ateliers et le r\u00e9seautage<\/span><br \/><span class=\"qwen-markdown-text\">\u2705 Des exp\u00e9riences de team building uniques, introuvables dans les h\u00f4tels traditionnels<\/span><br \/><span class=\"qwen-markdown-text\">\u2705 Services professionnels de restauration et de soutien aux entreprises<\/span><br \/><span class=\"qwen-markdown-text\">\u2705 Emplacement de choix dans le quartier dynamique de Hengqin \u00e0 Zhuhai, \u00e0 proximit\u00e9 de Macao et des principales attractions touristiques<\/span><br \/><span class=\"qwen-markdown-text\">\u2705 Une conception \u00e9co-responsable qui s&#039;aligne sur les objectifs de d\u00e9veloppement durable de l&#039;entreprise <\/span><\/div><div class=\"qwen-markdown-space\">\u00a0<\/div><div class=\"qwen-markdown-paragraph\" data-spm-anchor-id=\"a2ty_o01.29997173.0.i28.578051710XUOvK\"><span class=\"qwen-markdown-text\">Transformez votre prochain \u00e9v\u00e9nement d&#039;entreprise en une exp\u00e9rience inoubliable. Au camping Hengqin Sumlodol, nous ne nous contentons pas d&#039;organiser des r\u00e9unions\u00a0: nous cr\u00e9ons des exp\u00e9riences inspirantes qui renforcent les \u00e9quipes et laissent une empreinte durable. Contactez notre \u00e9quipe \u00e9v\u00e9nementielle d\u00e8s aujourd&#039;hui pour programmer une visite des lieux ou demander une proposition personnalis\u00e9e. Votre s\u00e9minaire d&#039;entreprise le plus productif, m\u00e9morable et ressour\u00e7ant commence ici, au c\u0153ur de la nature luxuriante de Zhuhai.<\/span><\/div>\t\t\t\t\t\t\t\t<\/div>\n\t\t\t\t\t<\/div>\n\t\t\t\t<\/div>\n\t\t\t\t<\/div>","protected":false},"excerpt":{"rendered":"<p>Hengqin Sumlodol Camping Park Business Facilities: Where Corporate Success Meets Natural Inspiration Elevate your next corporate event, conference, or team-building retreat at Hengqin Sumlodol Camping Park, Zhuhai&#8217;s most distinctive business destination. Located at No. 108 Hengqin Huandao North Road, Xiangzhou District, Zhuhai, Guangdong, China, our resort redefines professional gatherings by merging cutting-edge business amenities with [&hellip;]<\/p>\n","protected":false},"author":1,"featured_media":0,"parent":0,"menu_order":0,"comment_status":"closed","ping_status":"closed","template":"elementor_header_footer","meta":{"footnotes":""},"class_list":["post-2109","page","type-page","status-publish","hentry","post-no-thumbnail"],"_links":{"self":[{"href":"https:\/\/sumlodolcampingpark.com\/fr\/wp-json\/wp\/v2\/pages\/2109","targetHints":{"allow":["GET"]}}],"collection":[{"href":"https:\/\/sumlodolcampingpark.com\/fr\/wp-json\/wp\/v2\/pages"}],"about":[{"href":"https:\/\/sumlodolcampingpark.com\/fr\/wp-json\/wp\/v2\/types\/page"}],"author":[{"embeddable":true,"href":"https:\/\/sumlodolcampingpark.com\/fr\/wp-json\/wp\/v2\/users\/1"}],"replies":[{"embeddable":true,"href":"https:\/\/sumlodolcampingpark.com\/fr\/wp-json\/wp\/v2\/comments?post=2109"}],"version-history":[{"count":0,"href":"https:\/\/sumlodolcampingpark.com\/fr\/wp-json\/wp\/v2\/pages\/2109\/revisions"}],"wp:attachment":[{"href":"https:\/\/sumlodolcampingpark.com\/fr\/wp-json\/wp\/v2\/media?parent=2109"}],"curies":[{"name":"wp","href":"https:\/\/api.w.org\/{rel}","templated":true}]}}