{"id":2106,"date":"2021-03-25T04:08:26","date_gmt":"2021-03-25T04:08:26","guid":{"rendered":"http:\/\/localhost\/nuss\/?page_id=298"},"modified":"2026-04-04T08:51:24","modified_gmt":"2026-04-04T08:51:24","slug":"experiences","status":"publish","type":"page","link":"https:\/\/sumlodolcampingpark.com\/fr\/experiences\/","title":{"rendered":"Avis sur le camping Hengqin Sumlodol"},"content":{"rendered":"<div data-elementor-type=\"wp-page\" data-elementor-id=\"2106\" class=\"elementor elementor-2106\">\n\t\t\t\t\t\t<section class=\"elementor-section elementor-top-section elementor-element elementor-element-1954ffc elementor-section-boxed elementor-section-gap-beside-yes elementor-section-height-default elementor-section-height-default elementor-section-column-vertical-align-stretch\" data-id=\"1954ffc\" data-element_type=\"section\" data-e-type=\"section\">\n\t\t\t\t\t\t<div class=\"elementor-container elementor-column-gap-extended\">\n\t\t\t\t\t<div class=\"elementor-column elementor-col-100 elementor-top-column elementor-element elementor-element-86aebc5\" data-id=\"86aebc5\" data-element_type=\"column\" data-e-type=\"column\">\n\t\t\t<div class=\"elementor-widget-wrap elementor-element-populated\">\n\t\t\t\t\t\t<div class=\"elementor-element elementor-element-11803d1 elementor-widget__width-initial elementor-invisible elementor-widget elementor-widget-text-editor\" data-id=\"11803d1\" data-element_type=\"widget\" data-e-type=\"widget\" data-settings=\"{&quot;_animation&quot;:&quot;nussFadeInUp&quot;}\" data-widget_type=\"text-editor.default\">\n\t\t\t\t\t\t\t\t\tT\u00e9moignages clients d\u00e9voil\u00e9s\u00a0: exp\u00e9riences et avis authentiques au camping Hengqin Sumlodol de Zhuhai\t\t\t\t\t\t\t\t<\/div>\n\t\t\t\t\t<\/div>\n\t\t<\/div>\n\t\t\t\t\t<\/div>\n\t\t<\/section>\n\t\t<div class=\"elementor-element elementor-element-802a12b e-flex e-con-boxed e-con e-parent\" data-id=\"802a12b\" data-element_type=\"container\" data-e-type=\"container\">\n\t\t\t\t\t<div class=\"e-con-inner\">\n\t\t\t\t<div class=\"elementor-element elementor-element-f5a29f4 elementor-widget elementor-widget-image\" data-id=\"f5a29f4\" data-element_type=\"widget\" data-e-type=\"widget\" data-widget_type=\"image.default\">\n\t\t\t\t\t\t\t\t\t\t\t\t\t\t\t<img fetchpriority=\"high\" decoding=\"async\" width=\"1756\" height=\"914\" src=\"https:\/\/sumlodolcampingpark.com\/wp-content\/uploads\/2026\/04\/Hengqin-Sumlodol-Camping-Park-Reviews.png\" class=\"attachment-full size-full wp-image-5750\" alt=\"\" srcset=\"https:\/\/sumlodolcampingpark.com\/wp-content\/uploads\/2026\/04\/Hengqin-Sumlodol-Camping-Park-Reviews.png 1756w, https:\/\/sumlodolcampingpark.com\/wp-content\/uploads\/2026\/04\/Hengqin-Sumlodol-Camping-Park-Reviews-300x156.png 300w, https:\/\/sumlodolcampingpark.com\/wp-content\/uploads\/2026\/04\/Hengqin-Sumlodol-Camping-Park-Reviews-1024x533.png 1024w, https:\/\/sumlodolcampingpark.com\/wp-content\/uploads\/2026\/04\/Hengqin-Sumlodol-Camping-Park-Reviews-768x400.png 768w, https:\/\/sumlodolcampingpark.com\/wp-content\/uploads\/2026\/04\/Hengqin-Sumlodol-Camping-Park-Reviews-1536x799.png 1536w\" sizes=\"(max-width: 1756px) 100vw, 1756px\" \/>\t\t\t\t\t\t\t\t\t\t\t\t\t\t\t<\/div>\n\t\t\t\t\t<\/div>\n\t\t\t\t<\/div>\n\t\t<div class=\"elementor-element elementor-element-52a5837 e-flex e-con-boxed e-con e-parent\" data-id=\"52a5837\" data-element_type=\"container\" data-e-type=\"container\">\n\t\t\t\t\t<div class=\"e-con-inner\">\n\t\t\t\t<div class=\"elementor-element elementor-element-dfb0da2 elementor-widget elementor-widget-text-editor\" data-id=\"dfb0da2\" data-element_type=\"widget\" data-e-type=\"widget\" data-widget_type=\"text-editor.default\">\n\t\t\t\t\t\t\t\t\t<div class=\"qwen-markdown-paragraph\"><span class=\"qwen-markdown-text\">Lorsque les voyageurs recherchent une escapade unique dans la r\u00e9gion dynamique de la Grande Baie du Guangdong, <\/span><strong class=\"qwen-markdown-strong\"><span class=\"qwen-markdown-text\">Parc de camping Hengqin Sumlodol<\/span><\/strong><span class=\"qwen-markdown-text\"> Ce complexe h\u00f4telier se distingue r\u00e9guli\u00e8rement comme un choix exceptionnel. Nich\u00e9 au n\u00b0 108 de la route Hengqin Huandao Nord, dans le district de Xiangzhou \u00e0 Zhuhai, ce lieu de vill\u00e9giature innovant, en parfaite harmonie avec la nature, a conquis le c\u0153ur des familles, des couples, des groupes d&#039;entreprises et des amateurs d&#039;aventure. Mais qu&#039;en disent r\u00e9ellement les clients\u00a0? Cet article complet rassemble des t\u00e9moignages et des avis authentiques pour vous aider \u00e0 imaginer votre propre escapade inoubliable.<\/span><\/div><div class=\"qwen-markdown-space\">\u00a0<\/div><h2 class=\"qwen-markdown-heading\"><span class=\"qwen-markdown-text\">Un accueil chaleureux\u00a0: les premi\u00e8res impressions qui donnent le ton<\/span><\/h2><div class=\"qwen-markdown-paragraph\"><span class=\"qwen-markdown-text\">D\u00e8s leur arriv\u00e9e, les clients sont accueillis au Sumlodol pour une exp\u00e9rience empreinte de d\u00e9licatesse. Les critiques soulignent fr\u00e9quemment\u2026 <\/span><strong class=\"qwen-markdown-strong\"><span class=\"qwen-markdown-text\">processus d&#039;enregistrement sans probl\u00e8me<\/span><\/strong><span class=\"qwen-markdown-text\">, L&#039;accueil chaleureux du personnel et le cadre naturel exceptionnel du complexe ont \u00e9t\u00e9 particuli\u00e8rement appr\u00e9ci\u00e9s. \u201c Traverser la v\u00e9g\u00e9tation luxuriante pour rejoindre notre chalet nous a donn\u00e9 l&#039;impression d&#039;entrer dans un paradis secret \u201d, confie une famille. Nombreux sont ceux qui appr\u00e9cient la signal\u00e9tique claire, le vaste parking \u00e9quip\u00e9 de bornes de recharge pour v\u00e9hicules \u00e9lectriques et les pr\u00e9cieux conseils prodigu\u00e9s par le service \u201c Paradise Butler \u201d \u2013 un service de conciergerie personnalis\u00e9 qui anticipe les besoins avant m\u00eame qu&#039;ils ne soient exprim\u00e9s.<\/span><\/div><div class=\"qwen-markdown-space\">\u00a0<\/div><h2 class=\"qwen-markdown-heading\"><span class=\"qwen-markdown-text\">La magie en famille : un lieu o\u00f9 les enfants (et les parents) s&#039;\u00e9panouissent<\/span><\/h2><div class=\"qwen-markdown-paragraph\"><span class=\"qwen-markdown-text\">Pour les familles, le camping Hengqin Sumlodol est r\u00e9guli\u00e8rement class\u00e9 parmi les meilleurs. <\/span><strong class=\"qwen-markdown-strong\"><span class=\"qwen-markdown-text\">destination de premier ordre<\/span><\/strong><span class=\"qwen-markdown-text\">. Les parents sont enthousiasm\u00e9s par le voisinage <\/span><strong class=\"qwen-markdown-strong\"><span class=\"qwen-markdown-text\">Parc d&#039;aventure sans moteurs de Xingqita<\/span><\/strong><span class=\"qwen-markdown-text\">, d\u00e9crit comme \u201c un r\u00eave d&#039;enfant devenu r\u00e9alit\u00e9 \u201d. Les avis mentionnent des enfants passant des heures \u00e0 explorer les 12 zones th\u00e9matiques \u2014 du labyrinthe enchanteur des profondeurs marines aux filets d&#039;escalade imposants et aux structures de jeux sur le th\u00e8me des pirates \u2014 tandis que les adultes se d\u00e9tendent \u00e0 proximit\u00e9 avec un caf\u00e9 et une vue imprenable.<\/span><\/div><div class=\"qwen-markdown-space\">\u00a0<\/div><div class=\"qwen-markdown-paragraph\"><em><span class=\"qwen-markdown-text\">\u201c Mon enfant de 6 ans ne voulait plus quitter l&#039;espace des vestiges du bac \u00e0 sable, et mon adolescent a m\u00eame pos\u00e9 son t\u00e9l\u00e9phone pour essayer la tyrolienne ! En tant que parents, nous avons beaucoup appr\u00e9ci\u00e9 que tout soit s\u00e9curis\u00e9, propre et bien encadr\u00e9. \u201d<\/span><\/em><span class=\"qwen-markdown-text\"> \u2014 Invit\u00e9 familial v\u00e9rifi\u00e9<\/span><\/div><div class=\"qwen-markdown-space\">\u00a0<\/div><div class=\"qwen-markdown-paragraph\"><span class=\"qwen-markdown-text\">Les h\u00e9bergements sont tr\u00e8s appr\u00e9ci\u00e9s pour leur <\/span><strong class=\"qwen-markdown-strong\"><span class=\"qwen-markdown-text\">conception ax\u00e9e sur la famille<\/span><\/strong><span class=\"qwen-markdown-text\">. Les clients s\u00e9journant dans les suites Family Container appr\u00e9cient l&#039;espace nuit s\u00e9par\u00e9 pour les enfants, la d\u00e9coration ludique et les petites attentions comme les peignoirs \u00e0 leur taille et les livres d&#039;histoires pour le coucher. Les campeurs en camping-car ou en chalet appr\u00e9cient les cours priv\u00e9es, id\u00e9ales pour les barbecues en soir\u00e9e et les s\u00e9ances d&#039;observation des \u00e9toiles.<\/span><\/div><div class=\"qwen-markdown-space\">\u00a0<\/div><h2 class=\"qwen-markdown-heading\"><span class=\"qwen-markdown-text\">S\u00e9jours uniques, nuits m\u00e9morables\u00a0: avis sur les h\u00e9bergements<\/span><\/h2><div class=\"qwen-markdown-paragraph\"><span class=\"qwen-markdown-text\">Les options d&#039;h\u00e9bergement vari\u00e9es de Sumlodol s&#039;adaptent \u00e0 tous les styles de voyage, et les clients n&#039;h\u00e9sitent pas \u00e0 faire part de leurs pr\u00e9f\u00e9rences\u00a0:<\/span><\/div><div class=\"qwen-markdown-space\">\u00a0<\/div><ul class=\"qwen-markdown-list\" dir=\"auto\"><li><strong class=\"qwen-markdown-strong\"><span class=\"qwen-markdown-text\">Camping-cars Starry Sky<\/span><\/strong><span class=\"qwen-markdown-text\">\u201c Se r\u00e9veiller avec la lumi\u00e8re du soleil qui filtrait \u00e0 travers le puits de lumi\u00e8re panoramique \u00e9tait magique. Le lit \u00e9tait incroyablement confortable et la kitchenette rendait les matins tellement pratiques. \u201d<\/span><\/li><li><strong class=\"qwen-markdown-strong\"><span class=\"qwen-markdown-text\">Pavillon Qinfan avec vue sur le lac<\/span><\/strong><span class=\"qwen-markdown-text\">\u201c La tranquillit\u00e9 de la vue sur le lac, alli\u00e9e \u00e0 l&#039;\u00e9l\u00e9gance du d\u00e9cor rustique, a cr\u00e9\u00e9 le refuge romantique id\u00e9al. Nous avons savour\u00e9 le th\u00e9 du matin sur notre terrasse priv\u00e9e en observant les oiseaux planer au-dessus de nous. \u201d<\/span><\/li><li><strong class=\"qwen-markdown-strong\"><span class=\"qwen-markdown-text\">Villas cabanes \u00e0 1 chambre<\/span><\/strong><span class=\"qwen-markdown-text\">\u201c Spacieux, impeccable et magnifiquement con\u00e7u. La douche ext\u00e9rieure \u00e9tait une attention originale, et le barbecue install\u00e9 dans la cour a transform\u00e9 le d\u00eener en un \u00e9v\u00e9nement sp\u00e9cial. \u201d<\/span><\/li><\/ul><div class=\"qwen-markdown-space\">\u00a0<\/div><div class=\"qwen-markdown-paragraph\"><span class=\"qwen-markdown-text\">Dans tous les types de chambres, les clients remarquent syst\u00e9matiquement que <\/span><strong class=\"qwen-markdown-strong\"><span class=\"qwen-markdown-text\">Linge de maison de haute qualit\u00e9, climatisation efficace, Wi-Fi fiable et souci de la propret\u00e9.<\/span><\/strong><span class=\"qwen-markdown-text\">\u2014des commodit\u00e9s essentielles qui \u00e9l\u00e8vent l&#039;exp\u00e9rience du camping au rang de luxe.<\/span><\/div><div class=\"qwen-markdown-space\">\u00a0<\/div><h2 class=\"qwen-markdown-heading\"><span class=\"qwen-markdown-text\">Excellence du service : Un personnel qui se surpasse<\/span><\/h2><div class=\"qwen-markdown-paragraph\"><span class=\"qwen-markdown-text\">L&#039;un des points forts les plus fr\u00e9quemment mentionn\u00e9s dans les commentaires des clients est sans doute le <\/span><strong class=\"qwen-markdown-strong\"><span class=\"qwen-markdown-text\">culture de service exceptionnelle<\/span><\/strong><span class=\"qwen-markdown-text\">. Des \u00e9quipes d&#039;entretien m\u00e9nager qui laissent des serviettes en origami pleines de d\u00e9licatesse aux animateurs qui apprennent patiemment aux enfants \u00e0 parcourir le parcours d&#039;aventure, les membres du personnel sont d\u00e9crits comme \u201c authentiquement chaleureux \u201d, \u201c proactifs \u201d et \u201c d\u00e9vou\u00e9s \u00e0 rendre chaque instant sp\u00e9cial \u201d.\u201d<\/span><\/div><div class=\"qwen-markdown-space\">\u00a0<\/div><div class=\"qwen-markdown-paragraph\"><em><span class=\"qwen-markdown-text\">\u201c Lorsque notre fille a oubli\u00e9 son doudou pr\u00e9f\u00e9r\u00e9, l&#039;\u00e9quipe l&#039;a non seulement retrouv\u00e9, mais nous l&#039;a \u00e9galement exp\u00e9di\u00e9 \u00e0 Shenzhen avec un petit mot manuscrit. Ce niveau d&#039;attention est rare et nous l&#039;appr\u00e9cions \u00e9norm\u00e9ment. \u201d<\/span><\/em><span class=\"qwen-markdown-text\"> \u2014 Client r\u00e9gulier<\/span><\/div><div class=\"qwen-markdown-space\">\u00a0<\/div><div class=\"qwen-markdown-paragraph\"><span class=\"qwen-markdown-text\">La r\u00e9ception ouverte 24h\/24 m\u00e9rite des f\u00e9licitations particuli\u00e8res pour sa gestion efficace et courtoise des arriv\u00e9es tardives, des demandes de transport et des c\u00e9l\u00e9brations sp\u00e9ciales.<\/span><\/div><div class=\"qwen-markdown-space\">\u00a0<\/div><h2 class=\"qwen-markdown-heading\"><span class=\"qwen-markdown-text\">D\u00e9lices culinaires\u00a0: une exp\u00e9rience gastronomique qui d\u00e9passe les attentes<\/span><\/h2><div class=\"qwen-markdown-paragraph\"><span class=\"qwen-markdown-text\">Les exp\u00e9riences culinaires du camping Sumlodol re\u00e7oivent des avis enthousiastes. Les clients s\u00e9journent sur place. <\/span><strong class=\"qwen-markdown-strong\"><span class=\"qwen-markdown-text\">Restaurant Xinglv<\/span><\/strong><span class=\"qwen-markdown-text\"> On appr\u00e9cie la fra\u00eecheur des ingr\u00e9dients locaux et la flexibilit\u00e9 du service de petit-d\u00e9jeuner (disponible jusqu&#039;\u00e0 14h, un atout tr\u00e8s appr\u00e9ci\u00e9 des voyageurs de loisirs). <\/span><\/div><div class=\"qwen-markdown-space\">\u00a0<\/div><div class=\"qwen-markdown-paragraph\"><em><span class=\"qwen-markdown-text\">\u201c Le congee \u00e9tait le meilleur que j&#039;aie mang\u00e9 \u00e0 Zhuhai\u00a0: cr\u00e9meux, savoureux et servi avec un assortiment de d\u00e9licieux accompagnements. Et le kit barbecue pour notre cour\u00a0? Des viandes parfaitement marin\u00e9es, des l\u00e9gumes frais et m\u00eame des kits pour faire des s&#039;mores en dessert\u00a0! \u201d<\/span><\/em><span class=\"qwen-markdown-text\"> \u2014 Voyageur gourmand<\/span><\/div><div class=\"qwen-markdown-space\">\u00a0<\/div><div class=\"qwen-markdown-paragraph\"><span class=\"qwen-markdown-text\">Les besoins alimentaires sont pris en compte avec soin, et plusieurs clients ont soulign\u00e9 la r\u00e9ussite des repas v\u00e9g\u00e9tariens, sans gluten et adapt\u00e9s aux enfants. La possibilit\u00e9 de d\u00eener en plein air, \u00e0 la belle \u00e9toile, ajoute une touche m\u00e9morable \u00e0 chaque repas.<\/span><\/div><div class=\"qwen-markdown-space\">\u00a0<\/div><h2 class=\"qwen-markdown-heading\"><span class=\"qwen-markdown-text\">Emplacement et accessibilit\u00e9 : la commodit\u00e9 rencontre la beaut\u00e9 naturelle<\/span><\/h2><div class=\"qwen-markdown-paragraph\"><span class=\"qwen-markdown-text\">Situ\u00e9 sur l&#039;\u00eele de Hengqin, l&#039;emplacement de ce complexe h\u00f4telier est souvent cit\u00e9 comme un atout majeur. Les clients appr\u00e9cient le <\/span><strong class=\"qwen-markdown-strong\"><span class=\"qwen-markdown-text\">un environnement paisible et verdoyant<\/span><\/strong><span class=\"qwen-markdown-text\"> tout en restant \u00e0 quelques minutes des principales attractions\u00a0:<\/span><\/div><div class=\"qwen-markdown-space\">\u00a0<\/div><ul class=\"qwen-markdown-list\" dir=\"auto\"><li><em><span class=\"qwen-markdown-text\">\u201c \u00c0 seulement 10 minutes en voiture du parc d&#039;attractions Chimelong Ocean Kingdom, id\u00e9al pour partager nos journ\u00e9es entre l&#039;excitation des parcs et la d\u00e9tente \u00e0 l&#039;h\u00f4tel. \u201d<\/span><\/em><\/li><li><em><span class=\"qwen-markdown-text\">\u201c L\u2019acc\u00e8s facile \u00e0 Macao via le pont du Lotus a rendu notre itin\u00e9raire transfrontalier sans accroc. \u201d<\/span><\/em><\/li><li><em><span class=\"qwen-markdown-text\">\u201c Malgr\u00e9 sa proximit\u00e9 avec tout, le complexe h\u00f4telier offre une sensation d&#039;isolement merveilleuse. Nous entendions le chant des oiseaux, pas le bruit de la circulation. \u201d<\/span><\/em><\/li><\/ul><div class=\"qwen-markdown-space\">\u00a0<\/div><div class=\"qwen-markdown-paragraph\"><span class=\"qwen-markdown-text\">Les familles arrivant en voiture appr\u00e9cient le grand parking et les bornes de recharge pour v\u00e9hicules \u00e9lectriques\u00a0; celles utilisant les transports en commun notent le service de coordination des taxis propos\u00e9 par le complexe et les indications claires depuis la gare de Zhuhai.<\/span><\/div><div class=\"qwen-markdown-space\">\u00a0<\/div><h2 class=\"qwen-markdown-heading\"><span class=\"qwen-markdown-text\">R\u00e9unions d&#039;entreprise et de groupe : la productivit\u00e9 au paradis<\/span><\/h2><div class=\"qwen-markdown-paragraph\"><span class=\"qwen-markdown-text\">Les voyageurs d&#039;affaires et les organisateurs d&#039;\u00e9v\u00e9nements partagent des t\u00e9moignages convaincants sur la r\u00e9ussite de leurs r\u00e9unions au Sumlodol. Le m\u00e9lange de <\/span><strong class=\"qwen-markdown-strong\"><span class=\"qwen-markdown-text\">installations professionnelles et inspiration naturelle<\/span><\/strong><span class=\"qwen-markdown-text\"> s&#039;av\u00e8re transformateur :<\/span><\/div><div class=\"qwen-markdown-space\">\u00a0<\/div><div class=\"qwen-markdown-paragraph\"><em><span class=\"qwen-markdown-text\">\u201c Notre s\u00e9minaire d&#039;\u00e9quipe a combin\u00e9 des s\u00e9ances strat\u00e9giques matinales en salle de conf\u00e9rence avec des activit\u00e9s de coh\u00e9sion d&#039;\u00e9quipe l&#039;apr\u00e8s-midi dans un parc d&#039;aventures. Ce changement de d\u00e9cor a stimul\u00e9 une cr\u00e9ativit\u00e9 que nous n&#039;avions pas vue depuis des ann\u00e9es. De plus, le d\u00eener autour du feu de camp a \u00e9t\u00e9 l&#039;occasion id\u00e9ale pour des \u00e9changes informels. \u201d<\/span><\/em><span class=\"qwen-markdown-text\"> \u2014 Organisateur d&#039;\u00e9v\u00e9nements d&#039;entreprise<\/span><\/div><div class=\"qwen-markdown-space\">\u00a0<\/div><div class=\"qwen-markdown-paragraph\"><span class=\"qwen-markdown-text\">Les critiques soulignent la fiabilit\u00e9 de l&#039;infrastructure technologique, la r\u00e9activit\u00e9 de l&#039;\u00e9quipe d&#039;organisation de l&#039;\u00e9v\u00e9nement et la valeur unique d&#039;offrir aux participants une exp\u00e9rience rafra\u00eechissante et ax\u00e9e sur le bien-\u00eatre.<\/span><\/div><div class=\"qwen-markdown-space\">\u00a0<\/div><h2 class=\"qwen-markdown-heading\"><span class=\"qwen-markdown-text\">Valeur et satisfaction globale : Chaque instant en vaut la peine<\/span><\/h2><div class=\"qwen-markdown-paragraph\"><span class=\"qwen-markdown-text\">Interrog\u00e9 sur la valeur, le consensus g\u00e9n\u00e9ral est clair : <\/span><strong class=\"qwen-markdown-strong\"><span class=\"qwen-markdown-text\">Le camping Hengqin Sumlodol offre un retour sur investissement exceptionnel<\/span><\/strong><span class=\"qwen-markdown-text\">. Les clients reconnaissent que si les tarifs refl\u00e8tent le caract\u00e8re haut de gamme de l&#039;exp\u00e9rience, la combinaison d&#039;h\u00e9bergements uniques, d&#039;activit\u00e9s incluses, d&#039;un service de grande qualit\u00e9 et de moments m\u00e9morables justifie le co\u00fbt.<\/span><\/div><div class=\"qwen-markdown-space\">\u00a0<\/div><div class=\"qwen-markdown-paragraph\"><em><span class=\"qwen-markdown-text\">\u201c Nous avons s\u00e9journ\u00e9 dans de nombreux complexes de &quot;glamping&quot;, mais Sumlodol \u00e9tablit une nouvelle norme. Il ne s&#039;agit pas seulement de dormir \u00e0 la belle \u00e9toile, mais de vivre des moments de pur bonheur, de b\u00e9n\u00e9ficier d&#039;un service impeccable et de cr\u00e9er des souvenirs que nous raconterons pendant des ann\u00e9es. \u2018<\/span><\/em><span class=\"qwen-markdown-text\"> \u2014 Blogueuse sp\u00e9cialis\u00e9e dans les voyages de luxe<\/span><\/div><div class=\"qwen-markdown-space\">\u00a0<\/div><div class=\"qwen-markdown-paragraph\"><span class=\"qwen-markdown-text\">Des remarques constructives, bien que mineures, soulignent parfois que les cr\u00e9neaux horaires les plus pris\u00e9s pour les activit\u00e9s peuvent \u00eatre rapidement complets en haute saison (il est donc conseill\u00e9 de r\u00e9server \u00e0 l&#039;avance) et que certains clients souhaiteraient des horaires d&#039;ouverture plus \u00e9tendus pour le restaurant. L&#039;\u00e9quipe de direction prend en compte ces suggestions, t\u00e9moignant ainsi de son engagement en faveur de l&#039;am\u00e9lioration continue.<\/span><\/div><div class=\"qwen-markdown-space\">\u00a0<\/div><h2 class=\"qwen-markdown-heading\"><span class=\"qwen-markdown-text\">Pourquoi nos clients reviennent : la diff\u00e9rence Sumlodol<\/span><\/h2><div class=\"qwen-markdown-paragraph\"><span class=\"qwen-markdown-text\">Qu\u2019est-ce qui transforme un s\u00e9jour ponctuel en fid\u00e9lisation\u00a0? Les critiques pointent du doigt plusieurs facteurs d\u00e9terminants\u00a0:<\/span><\/div><div class=\"qwen-markdown-space\">\u00a0<\/div><div class=\"qwen-markdown-paragraph\"><span class=\"qwen-markdown-text\">\u2728 <\/span><strong class=\"qwen-markdown-strong\"><span class=\"qwen-markdown-text\">Authenticit\u00e9<\/span><\/strong><span class=\"qwen-markdown-text\">Un v\u00e9ritable lien avec la nature sans sacrifier le confort<\/span><br \/><span class=\"qwen-markdown-text\">\u2728 <\/span><strong class=\"qwen-markdown-strong\"><span class=\"qwen-markdown-text\">Personnalisation<\/span><\/strong><span class=\"qwen-markdown-text\">: Personnel qui se souvient des noms, des pr\u00e9f\u00e9rences et des occasions sp\u00e9ciales<\/span><br \/><span class=\"qwen-markdown-text\">\u2728 <\/span><strong class=\"qwen-markdown-strong\"><span class=\"qwen-markdown-text\">Innovation<\/span><\/strong><span class=\"qwen-markdown-text\">Des concepts uniques comme le parc d&#039;aventure sans \u00e9lectricit\u00e9 et le service Paradise Butler<\/span><br \/><span class=\"qwen-markdown-text\">\u2728 <\/span><strong class=\"qwen-markdown-strong\"><span class=\"qwen-markdown-text\">Coh\u00e9rence<\/span><\/strong><span class=\"qwen-markdown-text\">Des normes \u00e9lev\u00e9es sont maintenues pour l&#039;h\u00e9bergement, la restauration et les activit\u00e9s.<\/span><br \/><span class=\"qwen-markdown-text\">\u2728 <\/span><strong class=\"qwen-markdown-strong\"><span class=\"qwen-markdown-text\">R\u00e9sonance \u00e9motionnelle<\/span><\/strong><span class=\"qwen-markdown-text\">Des exp\u00e9riences qui cr\u00e9ent des souvenirs imp\u00e9rissables, et pas seulement des transactions. <\/span><\/div><div class=\"qwen-markdown-space\">\u00a0<\/div><h2 class=\"qwen-markdown-heading\"><span class=\"qwen-markdown-text\">Planifiez votre s\u00e9jour inoubliable au camping Hengqin Sumlodol<\/span><\/h2><div class=\"qwen-markdown-paragraph\"><span class=\"qwen-markdown-text\">Avec des milliers d&#039;avis \u00e9logieux et une r\u00e9putation d&#039;excellence pour les voyages en famille, les escapades romantiques et les s\u00e9minaires d&#039;entreprise, le camping Hengqin Sumlodol s&#039;impose comme la destination de choix \u00e0 Zhuhai pour un s\u00e9jour en pleine nature. Que vous recherchiez l&#039;aventure, la d\u00e9tente, le partage ou l&#039;inspiration, les t\u00e9moignages de nos clients le confirment\u00a0: bien plus qu&#039;un simple lieu de repos, c&#039;est un lieu o\u00f9 s&#039;\u00e9panouir.<\/span><\/div><div class=\"qwen-markdown-space\">\u00a0<\/div><div class=\"qwen-markdown-paragraph\" data-spm-anchor-id=\"a2ty_o01.29997173.0.i36.578051710XUOvK\"><span class=\"qwen-markdown-text\">Pr\u00eat \u00e0 \u00e9crire votre propre histoire \u00e0 Sumlodol\u00a0? R\u00e9servez votre s\u00e9jour au 108, rue Hengqin Huandao Nord, district de Xiangzhou, Zhuhai, Guangdong, Chine, et d\u00e9couvrez pourquoi les voyageurs classent r\u00e9guli\u00e8rement ce complexe parmi les exp\u00e9riences les plus m\u00e9morables de la r\u00e9gion de la Grande Baie. Un voyage plac\u00e9 sous le signe de la joie, du confort et des merveilles naturelles vous attend.<\/span><\/div>\t\t\t\t\t\t\t\t<\/div>\n\t\t\t\t\t<\/div>\n\t\t\t\t<\/div>\n\t\t\t\t<\/div>","protected":false},"excerpt":{"rendered":"<p>Guest Stories Unveiled: Authentic Customer Experiences &#038; Reviews at Hengqin Sumlodol Camping Park, Zhuhai When travelers search for a unique getaway in Guangdong&#8217;s vibrant Greater Bay Area, Hengqin Sumlodol Camping Park consistently emerges as a standout choice. Nestled at No. 108 Hengqin Huandao North Road, Xiangzhou District, Zhuhai, this innovative nature-integrated resort has captured the [&hellip;]<\/p>\n","protected":false},"author":1,"featured_media":0,"parent":0,"menu_order":0,"comment_status":"closed","ping_status":"closed","template":"","meta":{"footnotes":""},"class_list":["post-2106","page","type-page","status-publish","hentry","post-no-thumbnail"],"_links":{"self":[{"href":"https:\/\/sumlodolcampingpark.com\/fr\/wp-json\/wp\/v2\/pages\/2106","targetHints":{"allow":["GET"]}}],"collection":[{"href":"https:\/\/sumlodolcampingpark.com\/fr\/wp-json\/wp\/v2\/pages"}],"about":[{"href":"https:\/\/sumlodolcampingpark.com\/fr\/wp-json\/wp\/v2\/types\/page"}],"author":[{"embeddable":true,"href":"https:\/\/sumlodolcampingpark.com\/fr\/wp-json\/wp\/v2\/users\/1"}],"replies":[{"embeddable":true,"href":"https:\/\/sumlodolcampingpark.com\/fr\/wp-json\/wp\/v2\/comments?post=2106"}],"version-history":[{"count":0,"href":"https:\/\/sumlodolcampingpark.com\/fr\/wp-json\/wp\/v2\/pages\/2106\/revisions"}],"wp:attachment":[{"href":"https:\/\/sumlodolcampingpark.com\/fr\/wp-json\/wp\/v2\/media?parent=2106"}],"curies":[{"name":"wp","href":"https:\/\/api.w.org\/{rel}","templated":true}]}}