{"id":2103,"date":"2021-03-23T04:33:54","date_gmt":"2021-03-23T04:33:54","guid":{"rendered":"http:\/\/localhost\/nuss\/?page_id=103"},"modified":"2026-04-04T08:38:35","modified_gmt":"2026-04-04T08:38:35","slug":"about-us","status":"publish","type":"page","link":"https:\/\/sumlodolcampingpark.com\/fr\/about-us\/","title":{"rendered":"\u00c0 propos de nous"},"content":{"rendered":"<div data-elementor-type=\"wp-page\" data-elementor-id=\"2103\" class=\"elementor elementor-2103\">\n\t\t\t\t\t\t<section class=\"elementor-section elementor-top-section elementor-element elementor-element-8f5bb9d elementor-section-boxed elementor-section-gap-beside-yes elementor-section-height-default elementor-section-height-default elementor-section-column-vertical-align-stretch\" data-id=\"8f5bb9d\" data-element_type=\"section\" data-e-type=\"section\">\n\t\t\t\t\t\t<div class=\"elementor-container elementor-column-gap-extended\">\n\t\t\t\t\t<div class=\"elementor-column elementor-col-100 elementor-top-column elementor-element elementor-element-7ec4215\" data-id=\"7ec4215\" data-element_type=\"column\" data-e-type=\"column\">\n\t\t\t<div class=\"elementor-widget-wrap elementor-element-populated\">\n\t\t\t\t\t\t<div class=\"elementor-element elementor-element-edd9d03 elementor-widget__width-initial elementor-invisible elementor-widget elementor-widget-text-editor\" data-id=\"edd9d03\" data-element_type=\"widget\" data-e-type=\"widget\" data-settings=\"{&quot;_animation&quot;:&quot;nussFadeInUp&quot;}\" data-widget_type=\"text-editor.default\">\n\t\t\t\t\t\t\t\t\t<p class=\"qwen-markdown-heading\"><span class=\"qwen-markdown-text\" data-spm-anchor-id=\"a2ty_o01.29997173.0.i20.578051710XUOvK\">D\u00e9couvrez le parc de camping Hengqin Sumlodol\u00a0: une exp\u00e9rience de vill\u00e9giature en pleine nature de premier ordre \u00e0 Zhuhai.<\/span><\/p>\t\t\t\t\t\t\t\t<\/div>\n\t\t\t\t\t<\/div>\n\t\t<\/div>\n\t\t\t\t\t<\/div>\n\t\t<\/section>\n\t\t\t\t<section class=\"elementor-section elementor-top-section elementor-element elementor-element-22f368b elementor-section-boxed elementor-section-gap-beside-yes elementor-section-height-default elementor-section-height-default elementor-section-column-vertical-align-stretch\" data-id=\"22f368b\" data-element_type=\"section\" data-e-type=\"section\">\n\t\t\t\t\t\t<div class=\"elementor-container elementor-column-gap-extended\">\n\t\t\t\t\t<div class=\"elementor-column elementor-col-50 elementor-top-column elementor-element elementor-element-cd50ecf\" data-id=\"cd50ecf\" data-element_type=\"column\" data-e-type=\"column\">\n\t\t\t<div class=\"elementor-widget-wrap elementor-element-populated\">\n\t\t\t\t\t\t<div class=\"elementor-element elementor-element-e8c92e2 elementor-invisible elementor-widget elementor-widget-text-editor\" data-id=\"e8c92e2\" data-element_type=\"widget\" data-e-type=\"widget\" data-settings=\"{&quot;_animation&quot;:&quot;nussFadeInUp&quot;}\" data-widget_type=\"text-editor.default\">\n\t\t\t\t\t\t\t\t\t<p><span class=\"qwen-markdown-text\">Nich\u00e9 le long de la pittoresque route Hengqin Huandao Nord, dans le district anim\u00e9 de Xiangzhou \u00e0 Zhuhai, <\/span><strong class=\"qwen-markdown-strong\"><span class=\"qwen-markdown-text\">Parc de camping Hengqin Sumlodol<\/span><\/strong><span class=\"qwen-markdown-text\" data-spm-anchor-id=\"a2ty_o01.29997173.0.i21.578051710XUOvK\"> Ce complexe h\u00f4telier prim\u00e9 red\u00e9finit le luxe en plein air en alliant harmonieusement aventures de camping immersives et confort cinq \u00e9toiles. Destination innovante du Guangdong combinant \u201c\u00a0autotour, camping et paradis\u00a0\u201d, il invite les voyageurs \u00e0 s&#039;\u00e9vader du quotidien sans sacrifier leur confort, offrant un havre de paix soigneusement am\u00e9nag\u00e9 o\u00f9 familles, couples et groupes d&#039;entreprise cr\u00e9ent des souvenirs inoubliables au c\u0153ur de paysages luxuriants et sous un ciel \u00e9toil\u00e9.<\/span><\/p>\t\t\t\t\t\t\t\t<\/div>\n\t\t\t\t\t<\/div>\n\t\t<\/div>\n\t\t\t\t<div class=\"elementor-column elementor-col-50 elementor-top-column elementor-element elementor-element-414be75\" data-id=\"414be75\" data-element_type=\"column\" data-e-type=\"column\">\n\t\t\t<div class=\"elementor-widget-wrap elementor-element-populated\">\n\t\t\t\t\t\t<div class=\"elementor-element elementor-element-08a0728 elementor-widget elementor-widget-image\" data-id=\"08a0728\" data-element_type=\"widget\" data-e-type=\"widget\" data-widget_type=\"image.default\">\n\t\t\t\t\t\t\t\t\t\t\t\t\t\t\t<img fetchpriority=\"high\" decoding=\"async\" width=\"1024\" height=\"682\" src=\"https:\/\/sumlodolcampingpark.com\/wp-content\/uploads\/2026\/04\/Hengqin-Sumlodol-Camping-Park-44-1024x682.webp\" class=\"attachment-large size-large wp-image-5714\" alt=\"\" srcset=\"https:\/\/sumlodolcampingpark.com\/wp-content\/uploads\/2026\/04\/Hengqin-Sumlodol-Camping-Park-44-1024x682.webp 1024w, https:\/\/sumlodolcampingpark.com\/wp-content\/uploads\/2026\/04\/Hengqin-Sumlodol-Camping-Park-44-300x200.webp 300w, https:\/\/sumlodolcampingpark.com\/wp-content\/uploads\/2026\/04\/Hengqin-Sumlodol-Camping-Park-44-768x512.webp 768w, https:\/\/sumlodolcampingpark.com\/wp-content\/uploads\/2026\/04\/Hengqin-Sumlodol-Camping-Park-44.webp 1280w\" sizes=\"(max-width: 1024px) 100vw, 1024px\" \/>\t\t\t\t\t\t\t\t\t\t\t\t\t\t\t<\/div>\n\t\t\t\t\t<\/div>\n\t\t<\/div>\n\t\t\t\t\t<\/div>\n\t\t<\/section>\n\t\t\t\t<section class=\"elementor-section elementor-top-section elementor-element elementor-element-2393bc4 elementor-section-height-min-height elementor-section-stretched elementor-section-full_width elementor-section-items-stretch elementor-section-height-default elementor-section-column-vertical-align-stretch\" data-id=\"2393bc4\" data-element_type=\"section\" data-e-type=\"section\" data-settings=\"{&quot;stretch_section&quot;:&quot;section-stretched&quot;}\">\n\t\t\t\t\t\t<div class=\"elementor-container elementor-column-gap-no\">\n\t\t\t\t\t<div class=\"elementor-column elementor-col-50 elementor-top-column elementor-element elementor-element-41b487e\" data-id=\"41b487e\" data-element_type=\"column\" data-e-type=\"column\">\n\t\t\t<div class=\"elementor-widget-wrap elementor-element-populated\">\n\t\t\t\t\t\t<div class=\"elementor-element elementor-element-97ea2a5 elementor-widget elementor-widget-image\" data-id=\"97ea2a5\" data-element_type=\"widget\" data-e-type=\"widget\" data-widget_type=\"image.default\">\n\t\t\t\t\t\t\t\t\t\t\t\t\t\t\t<img decoding=\"async\" width=\"1024\" height=\"682\" src=\"https:\/\/sumlodolcampingpark.com\/wp-content\/uploads\/2026\/04\/Hengqin-Sumlodol-Camping-Park-19-1024x682.webp\" class=\"attachment-large size-large wp-image-5689\" alt=\"\" srcset=\"https:\/\/sumlodolcampingpark.com\/wp-content\/uploads\/2026\/04\/Hengqin-Sumlodol-Camping-Park-19-1024x682.webp 1024w, https:\/\/sumlodolcampingpark.com\/wp-content\/uploads\/2026\/04\/Hengqin-Sumlodol-Camping-Park-19-300x200.webp 300w, https:\/\/sumlodolcampingpark.com\/wp-content\/uploads\/2026\/04\/Hengqin-Sumlodol-Camping-Park-19-768x512.webp 768w, https:\/\/sumlodolcampingpark.com\/wp-content\/uploads\/2026\/04\/Hengqin-Sumlodol-Camping-Park-19.webp 1280w\" sizes=\"(max-width: 1024px) 100vw, 1024px\" \/>\t\t\t\t\t\t\t\t\t\t\t\t\t\t\t<\/div>\n\t\t\t\t\t<\/div>\n\t\t<\/div>\n\t\t\t\t<div class=\"elementor-column elementor-col-50 elementor-top-column elementor-element elementor-element-281747b\" data-id=\"281747b\" data-element_type=\"column\" data-e-type=\"column\">\n\t\t\t<div class=\"elementor-widget-wrap elementor-element-populated\">\n\t\t\t\t\t\t<div class=\"elementor-element elementor-element-2ba7908 elementor-invisible elementor-widget elementor-widget-text-editor\" data-id=\"2ba7908\" data-element_type=\"widget\" data-e-type=\"widget\" data-settings=\"{&quot;_animation&quot;:&quot;nussFadeInUp&quot;}\" data-widget_type=\"text-editor.default\">\n\t\t\t\t\t\t\t\t\t<p><span class=\"qwen-markdown-text\">Le camping Sumlodol propose des h\u00e9bergements adapt\u00e9s \u00e0 tous les go\u00fbts et \u00e0 toutes les tailles de groupe. Choisissez parmi de charmants h\u00e9bergements. <\/span><strong class=\"qwen-markdown-strong\"><span class=\"qwen-markdown-text\">Camping-cars Starry Sky<\/span><\/strong><span class=\"qwen-markdown-text\"> avec des puits de lumi\u00e8re panoramiques pour contempler les \u00e9toiles, spacieux <\/span><strong class=\"qwen-markdown-strong\"><span class=\"qwen-markdown-text\">Villas cabanes \u00e0 1 chambre<\/span><\/strong><span class=\"qwen-markdown-text\"> avec des cours priv\u00e9es parfaites pour les barbecues au coucher du soleil, fantaisistes <\/span><strong class=\"qwen-markdown-strong\"><span class=\"qwen-markdown-text\">Conteneurs familiaux<\/span><\/strong><span class=\"qwen-markdown-text\"> avec des chambres d\u00e9di\u00e9es aux enfants, ou sereines <\/span><strong class=\"qwen-markdown-strong\"><span class=\"qwen-markdown-text\">Pavillon Qinfan avec vue sur le lac<\/span><\/strong><span class=\"qwen-markdown-text\"> Des suites con\u00e7ues pour la tranquillit\u00e9. Chaque unit\u00e9 est am\u00e9nag\u00e9e avec soin et comprend une literie haut de gamme, une climatisation moderne, une connexion Wi-Fi haut d\u00e9bit gratuite et une d\u00e9coration \u00e9l\u00e9gante qui allie charme rustique et confort contemporain, vous assurant des nuits reposantes apr\u00e8s des journ\u00e9es d&#039;exploration.<\/span><\/p>\t\t\t\t\t\t\t\t<\/div>\n\t\t\t\t\t<\/div>\n\t\t<\/div>\n\t\t\t\t\t<\/div>\n\t\t<\/section>\n\t\t\t\t<section class=\"elementor-section elementor-top-section elementor-element elementor-element-d811d9d elementor-section-height-min-height elementor-section-stretched elementor-section-full_width elementor-section-items-stretch elementor-section-height-default elementor-section-column-vertical-align-stretch\" data-id=\"d811d9d\" data-element_type=\"section\" data-e-type=\"section\" data-settings=\"{&quot;stretch_section&quot;:&quot;section-stretched&quot;}\">\n\t\t\t\t\t\t<div class=\"elementor-container elementor-column-gap-no\">\n\t\t\t\t\t<div class=\"elementor-column elementor-col-50 elementor-top-column elementor-element elementor-element-b484a83\" data-id=\"b484a83\" data-element_type=\"column\" data-e-type=\"column\">\n\t\t\t<div class=\"elementor-widget-wrap elementor-element-populated\">\n\t\t\t\t\t\t<div class=\"elementor-element elementor-element-3cc5ad9 elementor-invisible elementor-widget elementor-widget-text-editor\" data-id=\"3cc5ad9\" data-element_type=\"widget\" data-e-type=\"widget\" data-settings=\"{&quot;_animation&quot;:&quot;nussFadeInUp&quot;}\" data-widget_type=\"text-editor.default\">\n\t\t\t\t\t\t\t\t\t<p><span class=\"qwen-markdown-text\">Le joyau de la couronne du complexe est le terrain adjacent <\/span><strong class=\"qwen-markdown-strong\"><span class=\"qwen-markdown-text\">Le monde sans \u00e9nergie de Xingqita<\/span><\/strong><span class=\"qwen-markdown-text\">, Le plus grand parc d&#039;aventure sans \u00e9lectricit\u00e9 d&#039;Asie, s&#039;\u00e9tendant sur 65\u00a0000 m\u00e8tres carr\u00e9s, ravira les familles avec ses douze zones th\u00e9matiques\u00a0: le labyrinthe sous-marin enchanteur, d&#039;immenses filets d&#039;escalade, des tyroliennes exaltantes, des structures de jeux sur le th\u00e8me des pirates et un bac \u00e0 sable interactif rempli de vestiges antiques. Les enfants de tous \u00e2ges s&#039;amusent en toute s\u00e9curit\u00e9 et laissent libre cours \u00e0 leur imagination tandis que les parents se d\u00e9tendent \u00e0 proximit\u00e9, cr\u00e9ant ainsi des moments de complicit\u00e9 et de joie inoubliables. En soir\u00e9e, retrouvez-vous autour des braseros priv\u00e9s dans la cour pour griller des guimauves, participez \u00e0 des f\u00eates anim\u00e9es autour d&#039;un feu de camp ou savourez une authentique cuisine cantonaise et un congee sp\u00e9cial au restaurant Xinglv, sur place. Le petit-d\u00e9jeuner y est servi jusqu&#039;\u00e0 14\u00a0h pour des matins paisibles.<\/span><\/p>\t\t\t\t\t\t\t\t<\/div>\n\t\t\t\t\t<\/div>\n\t\t<\/div>\n\t\t\t\t<div class=\"elementor-column elementor-col-50 elementor-top-column elementor-element elementor-element-4e60e52\" data-id=\"4e60e52\" data-element_type=\"column\" data-e-type=\"column\">\n\t\t\t<div class=\"elementor-widget-wrap elementor-element-populated\">\n\t\t\t\t\t\t<div class=\"elementor-element elementor-element-66d4d5e elementor-widget elementor-widget-image\" data-id=\"66d4d5e\" data-element_type=\"widget\" data-e-type=\"widget\" data-widget_type=\"image.default\">\n\t\t\t\t\t\t\t\t\t\t\t\t\t\t\t<img decoding=\"async\" width=\"1024\" height=\"682\" src=\"https:\/\/sumlodolcampingpark.com\/wp-content\/uploads\/2026\/04\/Hengqin-Sumlodol-Camping-Park-35-1024x682.webp\" class=\"attachment-large size-large wp-image-5705\" alt=\"\" srcset=\"https:\/\/sumlodolcampingpark.com\/wp-content\/uploads\/2026\/04\/Hengqin-Sumlodol-Camping-Park-35-1024x682.webp 1024w, https:\/\/sumlodolcampingpark.com\/wp-content\/uploads\/2026\/04\/Hengqin-Sumlodol-Camping-Park-35-300x200.webp 300w, https:\/\/sumlodolcampingpark.com\/wp-content\/uploads\/2026\/04\/Hengqin-Sumlodol-Camping-Park-35-768x512.webp 768w, https:\/\/sumlodolcampingpark.com\/wp-content\/uploads\/2026\/04\/Hengqin-Sumlodol-Camping-Park-35.webp 1280w\" sizes=\"(max-width: 1024px) 100vw, 1024px\" \/>\t\t\t\t\t\t\t\t\t\t\t\t\t\t\t<\/div>\n\t\t\t\t\t<\/div>\n\t\t<\/div>\n\t\t\t\t\t<\/div>\n\t\t<\/section>\n\t\t\t\t<section class=\"elementor-section elementor-top-section elementor-element elementor-element-85b8b94 elementor-section-height-min-height elementor-section-stretched elementor-section-full_width elementor-section-items-stretch elementor-section-height-default elementor-section-column-vertical-align-stretch\" data-id=\"85b8b94\" data-element_type=\"section\" data-e-type=\"section\" data-settings=\"{&quot;stretch_section&quot;:&quot;section-stretched&quot;}\">\n\t\t\t\t\t\t<div class=\"elementor-container elementor-column-gap-no\">\n\t\t\t\t\t<div class=\"elementor-column elementor-col-50 elementor-top-column elementor-element elementor-element-303d617\" data-id=\"303d617\" data-element_type=\"column\" data-e-type=\"column\">\n\t\t\t<div class=\"elementor-widget-wrap elementor-element-populated\">\n\t\t\t\t\t\t<div class=\"elementor-element elementor-element-86d4fd5 elementor-widget elementor-widget-image\" data-id=\"86d4fd5\" data-element_type=\"widget\" data-e-type=\"widget\" data-widget_type=\"image.default\">\n\t\t\t\t\t\t\t\t\t\t\t\t\t\t\t<img loading=\"lazy\" decoding=\"async\" width=\"1024\" height=\"682\" src=\"https:\/\/sumlodolcampingpark.com\/wp-content\/uploads\/2026\/04\/business-facilities-9-1024x682.webp\" class=\"attachment-large size-large wp-image-5804\" alt=\"\" srcset=\"https:\/\/sumlodolcampingpark.com\/wp-content\/uploads\/2026\/04\/business-facilities-9-1024x682.webp 1024w, https:\/\/sumlodolcampingpark.com\/wp-content\/uploads\/2026\/04\/business-facilities-9-300x200.webp 300w, https:\/\/sumlodolcampingpark.com\/wp-content\/uploads\/2026\/04\/business-facilities-9-768x512.webp 768w, https:\/\/sumlodolcampingpark.com\/wp-content\/uploads\/2026\/04\/business-facilities-9.webp 1280w\" sizes=\"(max-width: 1024px) 100vw, 1024px\" \/>\t\t\t\t\t\t\t\t\t\t\t\t\t\t\t<\/div>\n\t\t\t\t\t<\/div>\n\t\t<\/div>\n\t\t\t\t<div class=\"elementor-column elementor-col-50 elementor-top-column elementor-element elementor-element-89778f5\" data-id=\"89778f5\" data-element_type=\"column\" data-e-type=\"column\">\n\t\t\t<div class=\"elementor-widget-wrap elementor-element-populated\">\n\t\t\t\t\t\t<div class=\"elementor-element elementor-element-3d17902 elementor-invisible elementor-widget elementor-widget-text-editor\" data-id=\"3d17902\" data-element_type=\"widget\" data-e-type=\"widget\" data-settings=\"{&quot;_animation&quot;:&quot;nussFadeInUp&quot;}\" data-widget_type=\"text-editor.default\">\n\t\t\t\t\t\t\t\t\t<p><span class=\"qwen-markdown-text\">Les voyageurs d&#039;affaires et les organisateurs d&#039;\u00e9v\u00e9nements d\u00e9couvrent une alternative rafra\u00eechissante aux lieux de conf\u00e9rence traditionnels. Notre espace polyvalent <\/span><strong class=\"qwen-markdown-strong\"><span class=\"qwen-markdown-text\">espaces \u00e9v\u00e9nementiels multifonctionnels<\/span><\/strong><span class=\"qwen-markdown-text\"> Des salles de conf\u00e9rence d\u00e9di\u00e9es, dot\u00e9es d&#039;un service de secr\u00e9tariat professionnel et d&#039;une connexion internet fiable, offrent un cadre inspirant pour vos s\u00e9ances de strat\u00e9gie, vos s\u00e9minaires de coh\u00e9sion d&#039;\u00e9quipe ou vos r\u00e9unions d&#039;entreprise en petit comit\u00e9. Imaginez des s\u00e9ances de brainstorming au bord d&#039;un lac paisible, suivies de d\u00e9fis collaboratifs dans le parc d&#039;aventure et de d\u00eeners festifs \u00e0 la belle \u00e9toile\u00a0: une formule qui stimule la cr\u00e9ativit\u00e9, la motivation et l&#039;efficacit\u00e9.<\/span><\/p>\t\t\t\t\t\t\t\t<\/div>\n\t\t\t\t\t<\/div>\n\t\t<\/div>\n\t\t\t\t\t<\/div>\n\t\t<\/section>\n\t\t\t\t<section class=\"elementor-section elementor-top-section elementor-element elementor-element-2b9162a elementor-section-height-min-height elementor-section-stretched elementor-section-full_width elementor-section-items-stretch elementor-section-height-default elementor-section-column-vertical-align-stretch\" data-id=\"2b9162a\" data-element_type=\"section\" data-e-type=\"section\" data-settings=\"{&quot;stretch_section&quot;:&quot;section-stretched&quot;}\">\n\t\t\t\t\t\t<div class=\"elementor-container elementor-column-gap-no\">\n\t\t\t\t\t<div class=\"elementor-column elementor-col-50 elementor-top-column elementor-element elementor-element-b96241f\" data-id=\"b96241f\" data-element_type=\"column\" data-e-type=\"column\">\n\t\t\t<div class=\"elementor-widget-wrap elementor-element-populated\">\n\t\t\t\t\t\t<div class=\"elementor-element elementor-element-f9ab13d elementor-invisible elementor-widget elementor-widget-text-editor\" data-id=\"f9ab13d\" data-element_type=\"widget\" data-e-type=\"widget\" data-settings=\"{&quot;_animation&quot;:&quot;nussFadeInUp&quot;}\" data-widget_type=\"text-editor.default\">\n\t\t\t\t\t\t\t\t\t<p><span class=\"qwen-markdown-text\">Le confort est au c\u0153ur de l&#039;exp\u00e9rience Sumlodol. Profitez d&#039;un parking gratuit avec bornes de recharge pour v\u00e9hicules \u00e9lectriques, d&#039;une r\u00e9ception ouverte 24h\/24, d&#039;un enregistrement et d&#039;un d\u00e9part express, d&#039;une consigne \u00e0 bagages et d&#039;une r\u00e9servation de taxi simplifi\u00e9e. Id\u00e9alement situ\u00e9 sur l&#039;\u00eele de Hengqin, le complexe vous place \u00e0 quelques minutes d&#039;attractions de renomm\u00e9e mondiale. <\/span><a href=\"https:\/\/chimelongoceankingdom.com\/\" target=\"_blank\" rel=\"noopener\"><strong class=\"qwen-markdown-strong\"><span class=\"qwen-markdown-text\">Royaume oc\u00e9anique de Zhuhai Chimelong<\/span><\/strong><\/a><span class=\"qwen-markdown-text\"> (7 km), <a href=\"https:\/\/chimelongspaceshiphotel.com\/\" target=\"_blank\" rel=\"noopener\">Vaisseau spatial Chimelong<\/a>, D\u00e9couvrez les sites embl\u00e9matiques de Macao, notamment le pont du Lotus, et les sentiers pittoresques de Hengqin. Que vous arriviez en voiture, en train depuis la gare de Zhuhai (12 km) ou par l&#039;a\u00e9roport international de Macao (10 km), votre voyage vers la d\u00e9tente commence d\u00e8s votre arriv\u00e9e.<\/span><\/p>\t\t\t\t\t\t\t\t<\/div>\n\t\t\t\t\t<\/div>\n\t\t<\/div>\n\t\t\t\t<div class=\"elementor-column elementor-col-50 elementor-top-column elementor-element elementor-element-2b0dfbc\" data-id=\"2b0dfbc\" data-element_type=\"column\" data-e-type=\"column\">\n\t\t\t<div class=\"elementor-widget-wrap elementor-element-populated\">\n\t\t\t\t\t\t<div class=\"elementor-element elementor-element-47467ed elementor-widget elementor-widget-image\" data-id=\"47467ed\" data-element_type=\"widget\" data-e-type=\"widget\" data-widget_type=\"image.default\">\n\t\t\t\t\t\t\t\t\t\t\t\t\t\t\t<img loading=\"lazy\" decoding=\"async\" width=\"639\" height=\"853\" src=\"https:\/\/sumlodolcampingpark.com\/wp-content\/uploads\/2026\/04\/Hengqin-Sumlodol-Camping-Park-57.webp\" class=\"attachment-large size-large wp-image-5728\" alt=\"\" srcset=\"https:\/\/sumlodolcampingpark.com\/wp-content\/uploads\/2026\/04\/Hengqin-Sumlodol-Camping-Park-57.webp 639w, https:\/\/sumlodolcampingpark.com\/wp-content\/uploads\/2026\/04\/Hengqin-Sumlodol-Camping-Park-57-225x300.webp 225w\" sizes=\"(max-width: 639px) 100vw, 639px\" \/>\t\t\t\t\t\t\t\t\t\t\t\t\t\t\t<\/div>\n\t\t\t\t\t<\/div>\n\t\t<\/div>\n\t\t\t\t\t<\/div>\n\t\t<\/section>\n\t\t<div class=\"elementor-element elementor-element-f876359 e-flex e-con-boxed e-con e-parent\" data-id=\"f876359\" data-element_type=\"container\" data-e-type=\"container\">\n\t\t\t\t\t<div class=\"e-con-inner\">\n\t\t\t\t<div class=\"elementor-element elementor-element-d8d7694 elementor-widget elementor-widget-text-editor\" data-id=\"d8d7694\" data-element_type=\"widget\" data-e-type=\"widget\" data-widget_type=\"text-editor.default\">\n\t\t\t\t\t\t\t\t\t<div class=\"qwen-markdown-paragraph\" data-spm-anchor-id=\"a2ty_o01.29997173.0.i25.578051710XUOvK\"><span class=\"qwen-markdown-text\">Au camping Hengqin Sumlodol, nous pensons que voyager doit \u00eatre une source de ressourcement. Notre service \u201c\u00a0Major du Paradis\u00a0\u201d anticipe vos besoins, tandis que notre conception \u00e9co-responsable pr\u00e9serve la beaut\u00e9 naturelle qui vous entoure. Du yoga au lever du soleil sur votre terrasse priv\u00e9e aux nuits \u00e9toil\u00e9es, des rires en famille sur l&#039;aire de jeux aux r\u00e9unions productives en pleine nature, chaque d\u00e9tail est pens\u00e9 pour vous offrir authenticit\u00e9, confort et \u00e9merveillement.<\/span><\/div><div class=\"qwen-markdown-space\">\u00a0<\/div><div class=\"qwen-markdown-paragraph\"><strong class=\"qwen-markdown-strong\"><span class=\"qwen-markdown-text\">R\u00e9servez votre escapade d\u00e8s aujourd&#039;hui<\/span><\/strong><span class=\"qwen-markdown-text\"> D\u00e9couvrez pourquoi le camping Sumlodol figure parmi les h\u00e9bergements les plus exceptionnels de Zhuhai. Que vous recherchiez l&#039;aventure en famille, une escapade romantique, un s\u00e9minaire d&#039;entreprise inspirant ou un s\u00e9jour de ressourcement en solo, votre havre de paix id\u00e9al en pleine nature vous attend au 108, rue Hengqin Huandao Nord\u00a0: un lieu o\u00f9 chaque s\u00e9jour devient une histoire \u00e0 raconter.<\/span><\/div>\t\t\t\t\t\t\t\t<\/div>\n\t\t\t\t\t<\/div>\n\t\t\t\t<\/div>\n\t\t\t\t<\/div>","protected":false},"excerpt":{"rendered":"<p>Discover Hengqin Sumlodol Camping Park: Zhuhai&#8217;s Premier Nature-Integrated Resort Experience Nestled along the scenic Hengqin Huandao North Road in Zhuhai&#8217;s vibrant Xiangzhou District, Hengqin Sumlodol Camping Park redefines luxury outdoor hospitality by seamlessly blending immersive camping adventures with five-star comfort. As Guangdong&#8217;s innovative &#8220;self-driving + camping + paradise&#8221; destination, this award-winning resort invites travelers to [&hellip;]<\/p>\n","protected":false},"author":1,"featured_media":0,"parent":0,"menu_order":0,"comment_status":"closed","ping_status":"closed","template":"elementor_header_footer","meta":{"footnotes":""},"class_list":["post-2103","page","type-page","status-publish","hentry","post-no-thumbnail"],"_links":{"self":[{"href":"https:\/\/sumlodolcampingpark.com\/fr\/wp-json\/wp\/v2\/pages\/2103","targetHints":{"allow":["GET"]}}],"collection":[{"href":"https:\/\/sumlodolcampingpark.com\/fr\/wp-json\/wp\/v2\/pages"}],"about":[{"href":"https:\/\/sumlodolcampingpark.com\/fr\/wp-json\/wp\/v2\/types\/page"}],"author":[{"embeddable":true,"href":"https:\/\/sumlodolcampingpark.com\/fr\/wp-json\/wp\/v2\/users\/1"}],"replies":[{"embeddable":true,"href":"https:\/\/sumlodolcampingpark.com\/fr\/wp-json\/wp\/v2\/comments?post=2103"}],"version-history":[{"count":0,"href":"https:\/\/sumlodolcampingpark.com\/fr\/wp-json\/wp\/v2\/pages\/2103\/revisions"}],"wp:attachment":[{"href":"https:\/\/sumlodolcampingpark.com\/fr\/wp-json\/wp\/v2\/media?parent=2103"}],"curies":[{"name":"wp","href":"https:\/\/api.w.org\/{rel}","templated":true}]}}