{"id":612,"date":"2021-03-26T10:04:13","date_gmt":"2021-03-26T10:04:13","guid":{"rendered":"http:\/\/localhost\/nuss\/?page_id=612"},"modified":"2026-04-04T08:57:48","modified_gmt":"2026-04-04T08:57:48","slug":"restaurant","status":"publish","type":"page","link":"https:\/\/sumlodolcampingpark.com\/es\/restaurant\/","title":{"rendered":"Restaurante"},"content":{"rendered":"<div data-elementor-type=\"wp-page\" data-elementor-id=\"612\" class=\"elementor elementor-612\">\n\t\t\t\t\t\t<section class=\"elementor-section elementor-top-section elementor-element elementor-element-e2effe8 elementor-section-boxed elementor-section-gap-beside-yes elementor-section-height-default elementor-section-height-default elementor-section-column-vertical-align-stretch\" data-id=\"e2effe8\" data-element_type=\"section\" data-e-type=\"section\">\n\t\t\t\t\t\t<div class=\"elementor-container elementor-column-gap-extended\">\n\t\t\t\t\t<div class=\"elementor-column elementor-col-100 elementor-top-column elementor-element elementor-element-e18f688\" data-id=\"e18f688\" data-element_type=\"column\" data-e-type=\"column\">\n\t\t\t<div class=\"elementor-widget-wrap elementor-element-populated\">\n\t\t\t\t\t\t<div class=\"elementor-element elementor-element-6db146d elementor-widget__width-initial elementor-invisible elementor-widget elementor-widget-text-editor\" data-id=\"6db146d\" data-element_type=\"widget\" data-e-type=\"widget\" data-settings=\"{&quot;_animation&quot;:&quot;nussFadeInUp&quot;}\" data-widget_type=\"text-editor.default\">\n\t\t\t\t\t\t\t\t\tDisfruta el momento: Excelencia culinaria en la experiencia gastron\u00f3mica exclusiva del camping Hengqin Sumlodol.\t\t\t\t\t\t\t\t<\/div>\n\t\t\t\t\t<\/div>\n\t\t<\/div>\n\t\t\t\t\t<\/div>\n\t\t<\/section>\n\t\t<div class=\"elementor-element elementor-element-d192a97 e-flex e-con-boxed e-con e-parent\" data-id=\"d192a97\" data-element_type=\"container\" data-e-type=\"container\">\n\t\t\t\t\t<div class=\"e-con-inner\">\n\t\t\t\t<div class=\"elementor-element elementor-element-6de5d5d elementor-widget elementor-widget-nuss-image-gallery\" data-id=\"6de5d5d\" data-element_type=\"widget\" data-e-type=\"widget\" data-widget_type=\"nuss-image-gallery.default\">\n\t\t\t\t<div class=\"elementor-widget-container\">\n\t\t\t\t\t\t\t<div class=\"nuss-grid-wrapper\" data-grid=\"{&quot;type&quot;:&quot;grid&quot;,&quot;ratio&quot;:null,&quot;columns&quot;:3,&quot;gutter&quot;:30}\">\r\n\t\t\t<div class=\"nuss-grid lazy-grid\">\r\n\t\t\t\t<div class=\"grid-sizer\"><\/div>\r\n\r\n\t\t\t\t\t\t\t\t\t\t\t\t<div class=\"grid-item\">\r\n\t\t\t\t\t\t<div class=\"nuss-box\">\t\t<div class=\"nuss-image image\">\r\n\t\t\t<img decoding=\"async\"  src=\"https:\/\/sumlodolcampingpark.com\/wp-content\/uploads\/2026\/04\/Hengqin-Sumlodol-Camping-Park-Dining-1.webp\" alt=\"Hengqin Sumlodol Camping Park Dining (1)\" \/>\t\t<\/div>\r\n\t\t\t\t<\/div>\t\t\t\t\t<\/div>\r\n\t\t\t\t\t\t<div class=\"grid-item\">\r\n\t\t\t\t\t\t<div class=\"nuss-box\">\t\t<div class=\"nuss-image image\">\r\n\t\t\t<img decoding=\"async\"  src=\"https:\/\/sumlodolcampingpark.com\/wp-content\/uploads\/2026\/04\/Hengqin-Sumlodol-Camping-Park-Dining-6.webp\" alt=\"Hengqin Sumlodol Camping Park Dining (6)\" \/>\t\t<\/div>\r\n\t\t\t\t<\/div>\t\t\t\t\t<\/div>\r\n\t\t\t\t\t\t<div class=\"grid-item\">\r\n\t\t\t\t\t\t<div class=\"nuss-box\">\t\t<div class=\"nuss-image image\">\r\n\t\t\t<img decoding=\"async\"  src=\"https:\/\/sumlodolcampingpark.com\/wp-content\/uploads\/2026\/04\/Hengqin-Sumlodol-Camping-Park-Dining-5.webp\" alt=\"Hengqin Sumlodol Camping Park Dining (5)\" \/>\t\t<\/div>\r\n\t\t\t\t<\/div>\t\t\t\t\t<\/div>\r\n\t\t\t\t\t\t<div class=\"grid-item\">\r\n\t\t\t\t\t\t<div class=\"nuss-box\">\t\t<div class=\"nuss-image image\">\r\n\t\t\t<img decoding=\"async\"  src=\"https:\/\/sumlodolcampingpark.com\/wp-content\/uploads\/2026\/04\/Hengqin-Sumlodol-Camping-Park-Dining-4.webp\" alt=\"Hengqin Sumlodol Camping Park Dining (4)\" \/>\t\t<\/div>\r\n\t\t\t\t<\/div>\t\t\t\t\t<\/div>\r\n\t\t\t\t\t\t<div class=\"grid-item\">\r\n\t\t\t\t\t\t<div class=\"nuss-box\">\t\t<div class=\"nuss-image image\">\r\n\t\t\t<img decoding=\"async\"  src=\"https:\/\/sumlodolcampingpark.com\/wp-content\/uploads\/2026\/04\/Hengqin-Sumlodol-Camping-Park-Dining-3.webp\" alt=\"Hengqin Sumlodol Camping Park Dining (3)\" \/>\t\t<\/div>\r\n\t\t\t\t<\/div>\t\t\t\t\t<\/div>\r\n\t\t\t\t\t\t<div class=\"grid-item\">\r\n\t\t\t\t\t\t<div class=\"nuss-box\">\t\t<div class=\"nuss-image image\">\r\n\t\t\t<img decoding=\"async\"  src=\"https:\/\/sumlodolcampingpark.com\/wp-content\/uploads\/2026\/04\/Hengqin-Sumlodol-Camping-Park-Dining-2.webp\" alt=\"Hengqin Sumlodol Camping Park Dining (2)\" \/>\t\t<\/div>\r\n\t\t\t\t<\/div>\t\t\t\t\t<\/div>\r\n\t\t\t\t\t\t\t\r\n\t\t\t<\/div>\r\n\t\t<\/div>\r\n\t\t\t\t\t\t<\/div>\n\t\t\t\t<\/div>\n\t\t\t\t\t<\/div>\n\t\t\t\t<\/div>\n\t\t<div class=\"elementor-element elementor-element-7ec243a e-flex e-con-boxed e-con e-parent\" data-id=\"7ec243a\" data-element_type=\"container\" data-e-type=\"container\">\n\t\t\t\t\t<div class=\"e-con-inner\">\n\t\t\t\t<div class=\"elementor-element elementor-element-16f96f4 elementor-widget elementor-widget-text-editor\" data-id=\"16f96f4\" data-element_type=\"widget\" data-e-type=\"widget\" data-widget_type=\"text-editor.default\">\n\t\t\t\t\t\t\t\t\t<div class=\"qwen-markdown-paragraph\"><span class=\"qwen-markdown-text\" data-spm-anchor-id=\"a2ty_o01.29997173.0.i45.578051710XUOvK\">Ubicado en el exuberante y sereno paisaje de la isla Hengqin en el n\u00famero 108 de la calle Hengqin Huandao Norte, distrito de Xiangzhou, Zhuhai, Guangdong, China, la experiencia gastron\u00f3mica en <\/span><strong class=\"qwen-markdown-strong\"><span class=\"qwen-markdown-text\">Parque de acampada Hengqin Sumlodol<\/span><\/strong><span class=\"qwen-markdown-text\"> Esta propuesta trasciende la cocina tradicional de los resorts. Aqu\u00ed, cada comida es una invitaci\u00f3n a conectar con la naturaleza, con los seres queridos y con la rica herencia culinaria de Guangdong. Ya sea que disfrute de un desayuno tranquilo bajo claraboyas panor\u00e1micas, prepare especialidades frescas a la parrilla en su patio privado o se re\u00fana alrededor de una hoguera crepitante bajo un manto de estrellas, nuestros restaurantes y servicios gastron\u00f3micos est\u00e1n dise\u00f1ados para nutrir tanto el cuerpo como el alma.<\/span><\/div><div class=\"qwen-markdown-space\">\u00a0<\/div><h2 class=\"qwen-markdown-heading\"><span class=\"qwen-markdown-text\">Restaurante Xinglv: Donde el sabor local se une a la comodidad de alta gama.<\/span><\/h2><div class=\"qwen-markdown-paragraph\"><span class=\"qwen-markdown-text\">En el centro de nuestra oferta culinaria se encuentra <\/span><strong class=\"qwen-markdown-strong\"><span class=\"qwen-markdown-text\">Restaurante Xinglv<\/span><\/strong><span class=\"qwen-markdown-text\">, Un espacio acogedor donde el encanto r\u00fastico se fusiona con la hospitalidad contempor\u00e1nea. Dise\u00f1ado para complementar la filosof\u00eda de integraci\u00f3n con la naturaleza del resort, el restaurante cuenta con amplios ventanales que enmarcan vistas a exuberantes jardines y tranquilos lagos, creando un ambiente sereno para cada comida. Nuestro men\u00fa celebra la riqueza del delta del r\u00edo Perla, presentando ingredientes frescos de origen local, preparados con t\u00e9cnicas tradicionales cantonesas y un toque culinario moderno.<\/span><\/div><div class=\"qwen-markdown-space\">\u00a0<\/div><div class=\"qwen-markdown-paragraph\"><span class=\"qwen-markdown-text\">Comience su d\u00eda con nuestra c\u00e9lebre <\/span><strong class=\"qwen-markdown-strong\"><span class=\"qwen-markdown-text\">Servicio de desayuno ampliado<\/span><\/strong><span class=\"qwen-markdown-text\">, Disponible hasta las 14:00, un lugar ideal para disfrutar de ma\u00f1anas tranquilas y aventuras espont\u00e1neas. Del\u00e9itese con un suntuoso buf\u00e9 que incluye dim sum artesanal, congee cocinado a fuego lento con una variedad de acompa\u00f1amientos tradicionales, pasteles reci\u00e9n horneados, frutas de temporada y estaciones de huevos preparados al momento. Los viajeros internacionales apreciar\u00e1n las opciones familiares junto con las especialidades regionales, para deleitar a todos los paladares.<\/span><\/div><div class=\"qwen-markdown-space\">\u00a0<\/div><div class=\"qwen-markdown-paragraph\"><span class=\"qwen-markdown-text\">Para el almuerzo y la cena, el restaurante Xinglv se transforma en un escaparate de la gastronom\u00eda costera de Zhuhai. Del\u00e9itese con delicado pescado al vapor reci\u00e9n capturado en aguas cercanas, arom\u00e1tico arroz en cazuela de barro, verduras de temporada salteadas al wok y platos emblem\u00e1ticos como tortillas de ostras al estilo Hengqin y cerdo local estofado. Nuestros chefs priorizan la frescura y la autenticidad, colaborando con agricultores y pescadores locales de confianza para llevar el aut\u00e9ntico sabor de Guangdong a su mesa. Disponemos de men\u00fas vegetarianos, veganos, sin gluten y para ni\u00f1os, con reserva previa, para garantizar una experiencia gastron\u00f3mica inclusiva para todos.<\/span><\/div><div class=\"qwen-markdown-space\">\u00a0<\/div><h2 class=\"qwen-markdown-heading\"><span class=\"qwen-markdown-text\">Barbacoas privadas en patios: Cenas al aire libre bajo las estrellas<\/span><\/h2><div class=\"qwen-markdown-paragraph\"><span class=\"qwen-markdown-text\">Una de las experiencias m\u00e1s apreciadas de Sumlodol es la <\/span><strong class=\"qwen-markdown-strong\"><span class=\"qwen-markdown-text\">Barbacoa en patio privado<\/span><\/strong><span class=\"qwen-markdown-text\">, Disponible para hu\u00e9spedes alojados en Caba\u00f1as Villas, Contenedores Familiares y alojamientos selectos para autocaravanas. Imag\u00ednese reunirse con familiares o amigos alrededor de su propia parrilla al aire libre mientras el sol se pone sobre el horizonte de Hengqin. Los paquetes de barbacoa preestablecidos incluyen carnes marinadas de primera calidad, mariscos frescos, verduras de temporada, salsas caseras y todos los utensilios necesarios para asar a la parrilla, para que pueda concentrarse en disfrutar, no en la preparaci\u00f3n.<\/span><\/div><div class=\"qwen-markdown-space\">\u00a0<\/div><div class=\"qwen-markdown-paragraph\"><span class=\"qwen-markdown-text\">Mejore su velada con nuestra opci\u00f3n <\/span><strong class=\"qwen-markdown-strong\"><span class=\"qwen-markdown-text\">complemento de hoguera<\/span><\/strong><span class=\"qwen-markdown-text\">, Con kits gourmet para preparar s&#039;mores, malvaviscos artesanales, chocolate caliente de especialidad y listas de reproducci\u00f3n cuidadosamente seleccionadas. Para celebraciones especiales, nuestro equipo puede organizar detalles personalizados como centros de mesa florales, men\u00fas a medida o m\u00fasica ac\u00fastica en vivo. Este formato \u00edntimo y flexible se ha convertido en un sello distintivo de la experiencia Sumlodol: perfecto para cumplea\u00f1os, aniversarios, celebraciones de equipo o simplemente una noche memorable bajo las estrellas.<\/span><\/div><div class=\"qwen-markdown-space\">\u00a0<\/div><h2 class=\"qwen-markdown-heading\"><span class=\"qwen-markdown-text\">Comida disponible todo el d\u00eda y comodidades pensadas para el bienestar de sus clientes.<\/span><\/h2><div class=\"qwen-markdown-paragraph\"><span class=\"qwen-markdown-text\">Comprendiendo que la aventura no se rige por un horario estricto, ofrecemos soluciones gastron\u00f3micas flexibles dise\u00f1adas para el viajero moderno:<\/span><\/div><div class=\"qwen-markdown-space\">\u00a0<\/div><ul class=\"qwen-markdown-list\" dir=\"auto\"><li><strong class=\"qwen-markdown-strong\"><span class=\"qwen-markdown-text\">Servicio de comidas en la habitaci\u00f3n<\/span><\/strong><span class=\"qwen-markdown-text\">Disfrute de una selecci\u00f3n de platos del men\u00fa servidos en su alojamiento para comidas privadas y relajadas.<\/span><\/li><li><strong class=\"qwen-markdown-strong\"><span class=\"qwen-markdown-text\">Rinc\u00f3n de comida para llevar<\/span><\/strong><span class=\"qwen-markdown-text\">S\u00e1ndwiches frescos, ensaladas, compotas de frutas y bebidas para los clientes que est\u00e1n de paso.<\/span><\/li><li><strong class=\"qwen-markdown-strong\"><span class=\"qwen-markdown-text\">Men\u00fa infantil<\/span><\/strong><span class=\"qwen-markdown-text\">Opciones nutritivas y apetitosas dise\u00f1adas para deleitar los paladares m\u00e1s j\u00f3venes, servidas con una presentaci\u00f3n divertida.<\/span><\/li><li><strong class=\"qwen-markdown-strong\"><span class=\"qwen-markdown-text\">Estaci\u00f3n de caf\u00e9 y t\u00e9 especiales<\/span><\/strong><span class=\"qwen-markdown-text\">Cervezas artesanales, t\u00e9s locales y pasteles caseros disponibles durante todo el d\u00eda.<\/span><\/li><li><strong class=\"qwen-markdown-strong\"><span class=\"qwen-markdown-text\">Cenas de temporada y tem\u00e1ticas<\/span><\/strong><span class=\"qwen-markdown-text\">Desde festivales de pasteles de luna hasta noches de mariscos en verano, nuestro equipo culinario crea experiencias por tiempo limitado que celebran la cultura y la estacionalidad.<\/span><\/li><\/ul><div class=\"qwen-markdown-space\">\u00a0<\/div><h2 class=\"qwen-markdown-heading\"><span class=\"qwen-markdown-text\">Abastecimiento sostenible, hosteler\u00eda responsable<\/span><\/h2><div class=\"qwen-markdown-paragraph\"><span class=\"qwen-markdown-text\">En Hengqin Sumlodol Camping Park, el sabor excepcional va de la mano con la responsabilidad ambiental. Nuestra cocina prioriza:<\/span><\/div><div class=\"qwen-markdown-space\">\u00a0<\/div><div class=\"qwen-markdown-paragraph\"><span class=\"qwen-markdown-text\">\ud83c\udf31 <\/span><strong class=\"qwen-markdown-strong\"><span class=\"qwen-markdown-text\">Asociaciones locales<\/span><\/strong><span class=\"qwen-markdown-text\">Ingredientes procedentes de granjas, pesquer\u00edas y artesanos de Zhuhai y la Gran \u00c1rea de la Bah\u00eda.<\/span><br \/><span class=\"qwen-markdown-text\">\ud83c\udf31 <\/span><strong class=\"qwen-markdown-strong\"><span class=\"qwen-markdown-text\">Iniciativas de cero residuos<\/span><\/strong><span class=\"qwen-markdown-text\">Programas de compostaje, vajilla reutilizable para comer al aire libre y planificaci\u00f3n creativa de men\u00fas para minimizar el desperdicio de alimentos.<\/span><br \/><span class=\"qwen-markdown-text\">\ud83c\udf31 <\/span><strong class=\"qwen-markdown-strong\"><span class=\"qwen-markdown-text\">Operaciones con conciencia ecol\u00f3gica<\/span><\/strong><span class=\"qwen-markdown-text\">Equipos de cocina energ\u00e9ticamente eficientes, pr\u00e1cticas de conservaci\u00f3n del agua y envases biodegradables para productos para llevar. <\/span><\/div><div class=\"qwen-markdown-space\">\u00a0<\/div><div class=\"qwen-markdown-paragraph\"><span class=\"qwen-markdown-text\">Creemos que comer de forma responsable realza tanto el sabor como el prop\u00f3sito, permitiendo a los comensales disfrutar con confianza.<\/span><\/div><div class=\"qwen-markdown-space\">\u00a0<\/div><h2 class=\"qwen-markdown-heading\"><span class=\"qwen-markdown-text\">Celebre los momentos de la vida con un servicio de catering personalizado.<\/span><\/h2><div class=\"qwen-markdown-paragraph\"><span class=\"qwen-markdown-text\">M\u00e1s all\u00e1 de las comidas diarias, nuestro equipo culinario se especializa en <\/span><strong class=\"qwen-markdown-strong\"><span class=\"qwen-markdown-text\">servicio de catering a medida para eventos<\/span><\/strong><span class=\"qwen-markdown-text\"> Para reuniones corporativas, bodas, reencuentros familiares y celebraciones especiales. Ya sea que imagine un banquete junto al lago, un fest\u00edn tem\u00e1tico en el parque de aventuras o una elegante cena servida en un pabell\u00f3n privado, colaboramos estrechamente con usted para dise\u00f1ar men\u00fas, ambientes y servicios que reflejen su visi\u00f3n. Desde la personalizaci\u00f3n de la dieta hasta los detalles decorativos, nuestro servicio de catering para eventos garantiza que cada celebraci\u00f3n sea tan impecable como espectacular.<\/span><\/div><div class=\"qwen-markdown-space\">\u00a0<\/div><h2 class=\"qwen-markdown-heading\"><span class=\"qwen-markdown-text\">Por qu\u00e9 a los hu\u00e9spedes les encanta cenar en el parque de camping Sumlodol<\/span><\/h2><div class=\"qwen-markdown-paragraph\"><span class=\"qwen-markdown-text\">\u2728 <\/span><strong class=\"qwen-markdown-strong\"><span class=\"qwen-markdown-text\">Aut\u00e9nticos sabores locales<\/span><\/strong><span class=\"qwen-markdown-text\">Experimente el aut\u00e9ntico sabor de Zhuhai y Guangdong sin salir del complejo.<\/span><br \/><span class=\"qwen-markdown-text\">\u2728 <\/span><strong class=\"qwen-markdown-strong\"><span class=\"qwen-markdown-text\">Formatos de comedor flexibles<\/span><\/strong><span class=\"qwen-markdown-text\">Desde comidas formales en restaurantes hasta parrilladas informales en patios, elige el ambiente que mejor se adapte a tu estado de \u00e1nimo.<\/span><br \/><span class=\"qwen-markdown-text\">\u2728 <\/span><strong class=\"qwen-markdown-strong\"><span class=\"qwen-markdown-text\">Enfoque centrado en la familia<\/span><\/strong><span class=\"qwen-markdown-text\">Men\u00fas infantiles, tronas y un servicio atento hacen que comer con ni\u00f1os sea un placer.<\/span><br \/><span class=\"qwen-markdown-text\">\u2728 <\/span><strong class=\"qwen-markdown-strong\"><span class=\"qwen-markdown-text\">Ambiente pintoresco<\/span><\/strong><span class=\"qwen-markdown-text\">Cene rodeado de naturaleza, ya sea en el interior con vistas al jard\u00edn o al aire libre bajo el cielo abierto.<\/span><br \/><span class=\"qwen-markdown-text\">\u2728 <\/span><strong class=\"qwen-markdown-strong\"><span class=\"qwen-markdown-text\">Servicio atento<\/span><\/strong><span class=\"qwen-markdown-text\">Nuestros equipos culinarios y de servicio est\u00e1n capacitados para anticipar necesidades, atender solicitudes y crear momentos memorables. <\/span><\/div><div class=\"qwen-markdown-space\">\u00a0<\/div><h2 class=\"qwen-markdown-heading\"><span class=\"qwen-markdown-text\">Planifica tu viaje culinario en el Camping Park de Hengqin Sumlodol.<\/span><\/h2><div class=\"qwen-markdown-paragraph\"><span class=\"qwen-markdown-text\">Tanto si eres un amante de la gastronom\u00eda que busca aut\u00e9ntica cocina cantonesa, una familia que busca soluciones de comidas sin estr\u00e9s, una pareja que desea una cena rom\u00e1ntica alrededor de una hoguera o un grupo empresarial que necesita un servicio de catering personalizado, las experiencias gastron\u00f3micas en Hengqin Sumlodol Camping Park est\u00e1n dise\u00f1adas para superar las expectativas. <\/span><\/div><div class=\"qwen-markdown-space\">\u00a0<\/div><div class=\"qwen-markdown-paragraph\"><span class=\"qwen-markdown-text\">Ubicado en el n\u00famero 108 de la calle Hengqin Huandao Norte, distrito de Xiangzhou, Zhuhai, Guangdong, China, nuestro complejo ofrece una combinaci\u00f3n excepcional: la frescura de la cocina costera de Guangdong, la calidez de una hospitalidad personalizada y la magia de cenar inmerso en la naturaleza. <\/span><\/div><div class=\"qwen-markdown-space\">\u00a0<\/div><div class=\"qwen-markdown-paragraph\" data-spm-anchor-id=\"a2ty_o01.29997173.0.i47.578051710XUOvK\"><em><span class=\"qwen-markdown-text\">Reserva tu mesa, contrata tu paquete de barbacoa o contacta con nuestro asesor culinario para crear una experiencia gastron\u00f3mica tan \u00fanica como tu estancia. En Hengqin Sumlodol Camping Park, cada bocado cuenta una historia, y estamos deseando compartir la nuestra contigo.<\/span><\/em><\/div>\t\t\t\t\t\t\t\t<\/div>\n\t\t\t\t\t<\/div>\n\t\t\t\t<\/div>\n\t\t\t\t<\/div>","protected":false},"excerpt":{"rendered":"<p>Savor the Moment: Culinary Excellence at Hengqin Sumlodol Camping Park&#8217;s Signature Dining Experience Nestled within the lush, serene landscape of Hengqin Island at No. 108 Hengqin Huandao North Road, Xiangzhou District, Zhuhai, Guangdong, China, the dining experience at Hengqin Sumlodol Camping Park transcends traditional resort cuisine. Here, every meal is an invitation to connect\u2014with nature, [&hellip;]<\/p>\n","protected":false},"author":1,"featured_media":0,"parent":0,"menu_order":0,"comment_status":"closed","ping_status":"closed","template":"elementor_header_footer","meta":{"footnotes":""},"class_list":["post-612","page","type-page","status-publish","hentry","post-no-thumbnail"],"_links":{"self":[{"href":"https:\/\/sumlodolcampingpark.com\/es\/wp-json\/wp\/v2\/pages\/612","targetHints":{"allow":["GET"]}}],"collection":[{"href":"https:\/\/sumlodolcampingpark.com\/es\/wp-json\/wp\/v2\/pages"}],"about":[{"href":"https:\/\/sumlodolcampingpark.com\/es\/wp-json\/wp\/v2\/types\/page"}],"author":[{"embeddable":true,"href":"https:\/\/sumlodolcampingpark.com\/es\/wp-json\/wp\/v2\/users\/1"}],"replies":[{"embeddable":true,"href":"https:\/\/sumlodolcampingpark.com\/es\/wp-json\/wp\/v2\/comments?post=612"}],"version-history":[{"count":0,"href":"https:\/\/sumlodolcampingpark.com\/es\/wp-json\/wp\/v2\/pages\/612\/revisions"}],"wp:attachment":[{"href":"https:\/\/sumlodolcampingpark.com\/es\/wp-json\/wp\/v2\/media?parent=612"}],"curies":[{"name":"wp","href":"https:\/\/api.w.org\/{rel}","templated":true}]}}