{"id":2109,"date":"2021-03-26T08:35:58","date_gmt":"2021-03-26T08:35:58","guid":{"rendered":"http:\/\/localhost\/nuss\/?page_id=536"},"modified":"2026-04-04T08:43:16","modified_gmt":"2026-04-04T08:43:16","slug":"business-facilities","status":"publish","type":"page","link":"https:\/\/sumlodolcampingpark.com\/es\/business-facilities\/","title":{"rendered":"Instalaciones comerciales"},"content":{"rendered":"<div data-elementor-type=\"wp-page\" data-elementor-id=\"2109\" class=\"elementor elementor-2109\">\n\t\t\t\t\t\t<section class=\"elementor-section elementor-top-section elementor-element elementor-element-bb2901b elementor-section-boxed elementor-section-gap-beside-yes elementor-section-height-default elementor-section-height-default elementor-section-column-vertical-align-stretch\" data-id=\"bb2901b\" data-element_type=\"section\" data-e-type=\"section\">\n\t\t\t\t\t\t<div class=\"elementor-container elementor-column-gap-extended\">\n\t\t\t\t\t<div class=\"elementor-column elementor-col-100 elementor-top-column elementor-element elementor-element-1919db9\" data-id=\"1919db9\" data-element_type=\"column\" data-e-type=\"column\">\n\t\t\t<div class=\"elementor-widget-wrap elementor-element-populated\">\n\t\t\t\t\t\t<div class=\"elementor-element elementor-element-41a7b9c elementor-widget__width-initial elementor-invisible elementor-widget elementor-widget-text-editor\" data-id=\"41a7b9c\" data-element_type=\"widget\" data-e-type=\"widget\" data-settings=\"{&quot;_animation&quot;:&quot;nussFadeInUp&quot;}\" data-widget_type=\"text-editor.default\">\n\t\t\t\t\t\t\t\t\tInstalaciones comerciales del camping Hengqin Sumlodol: Donde el \u00e9xito empresarial se une a la inspiraci\u00f3n natural.\t\t\t\t\t\t\t\t<\/div>\n\t\t\t\t\t<\/div>\n\t\t<\/div>\n\t\t\t\t\t<\/div>\n\t\t<\/section>\n\t\t<div class=\"elementor-element elementor-element-888ec85 e-flex e-con-boxed e-con e-parent\" data-id=\"888ec85\" data-element_type=\"container\" data-e-type=\"container\">\n\t\t\t\t\t<div class=\"e-con-inner\">\n\t\t\t\t<div class=\"elementor-element elementor-element-2fae241 elementor-widget elementor-widget-nuss-image-gallery\" data-id=\"2fae241\" data-element_type=\"widget\" data-e-type=\"widget\" data-widget_type=\"nuss-image-gallery.default\">\n\t\t\t\t<div class=\"elementor-widget-container\">\n\t\t\t\t\t\t\t<div class=\"nuss-grid-wrapper\" data-grid=\"{&quot;type&quot;:&quot;grid&quot;,&quot;ratio&quot;:null,&quot;columns&quot;:3,&quot;gutter&quot;:30}\">\r\n\t\t\t<div class=\"nuss-grid lazy-grid\">\r\n\t\t\t\t<div class=\"grid-sizer\"><\/div>\r\n\r\n\t\t\t\t\t\t\t\t\t\t\t\t<div class=\"grid-item\">\r\n\t\t\t\t\t\t<div class=\"nuss-box\">\t\t<div class=\"nuss-image image\">\r\n\t\t\t<img decoding=\"async\"  src=\"https:\/\/sumlodolcampingpark.com\/wp-content\/uploads\/2026\/04\/business-facilities-9.webp\" alt=\"business facilities (9)\" \/>\t\t<\/div>\r\n\t\t\t\t<\/div>\t\t\t\t\t<\/div>\r\n\t\t\t\t\t\t<div class=\"grid-item\">\r\n\t\t\t\t\t\t<div class=\"nuss-box\">\t\t<div class=\"nuss-image image\">\r\n\t\t\t<img decoding=\"async\"  src=\"https:\/\/sumlodolcampingpark.com\/wp-content\/uploads\/2026\/04\/business-facilities-8.webp\" alt=\"business facilities (8)\" \/>\t\t<\/div>\r\n\t\t\t\t<\/div>\t\t\t\t\t<\/div>\r\n\t\t\t\t\t\t<div class=\"grid-item\">\r\n\t\t\t\t\t\t<div class=\"nuss-box\">\t\t<div class=\"nuss-image image\">\r\n\t\t\t<img decoding=\"async\"  src=\"https:\/\/sumlodolcampingpark.com\/wp-content\/uploads\/2026\/04\/business-facilities-7.webp\" alt=\"business facilities (7)\" \/>\t\t<\/div>\r\n\t\t\t\t<\/div>\t\t\t\t\t<\/div>\r\n\t\t\t\t\t\t<div class=\"grid-item\">\r\n\t\t\t\t\t\t<div class=\"nuss-box\">\t\t<div class=\"nuss-image image\">\r\n\t\t\t<img decoding=\"async\"  src=\"https:\/\/sumlodolcampingpark.com\/wp-content\/uploads\/2026\/04\/business-facilities-5.webp\" alt=\"business facilities (5)\" \/>\t\t<\/div>\r\n\t\t\t\t<\/div>\t\t\t\t\t<\/div>\r\n\t\t\t\t\t\t<div class=\"grid-item\">\r\n\t\t\t\t\t\t<div class=\"nuss-box\">\t\t<div class=\"nuss-image image\">\r\n\t\t\t<img decoding=\"async\"  src=\"https:\/\/sumlodolcampingpark.com\/wp-content\/uploads\/2026\/04\/business-facilities-4.webp\" alt=\"business facilities (4)\" \/>\t\t<\/div>\r\n\t\t\t\t<\/div>\t\t\t\t\t<\/div>\r\n\t\t\t\t\t\t<div class=\"grid-item\">\r\n\t\t\t\t\t\t<div class=\"nuss-box\">\t\t<div class=\"nuss-image image\">\r\n\t\t\t<img decoding=\"async\"  src=\"https:\/\/sumlodolcampingpark.com\/wp-content\/uploads\/2026\/04\/business-facilities-3.webp\" alt=\"business facilities (3)\" \/>\t\t<\/div>\r\n\t\t\t\t<\/div>\t\t\t\t\t<\/div>\r\n\t\t\t\t\t\t<div class=\"grid-item\">\r\n\t\t\t\t\t\t<div class=\"nuss-box\">\t\t<div class=\"nuss-image image\">\r\n\t\t\t<img decoding=\"async\"  src=\"https:\/\/sumlodolcampingpark.com\/wp-content\/uploads\/2026\/04\/business-facilities-2.webp\" alt=\"business facilities (2)\" \/>\t\t<\/div>\r\n\t\t\t\t<\/div>\t\t\t\t\t<\/div>\r\n\t\t\t\t\t\t<div class=\"grid-item\">\r\n\t\t\t\t\t\t<div class=\"nuss-box\">\t\t<div class=\"nuss-image image\">\r\n\t\t\t<img decoding=\"async\"  src=\"https:\/\/sumlodolcampingpark.com\/wp-content\/uploads\/2026\/04\/business-facilities-1.webp\" alt=\"business facilities (1)\" \/>\t\t<\/div>\r\n\t\t\t\t<\/div>\t\t\t\t\t<\/div>\r\n\t\t\t\t\t\t\t\r\n\t\t\t<\/div>\r\n\t\t<\/div>\r\n\t\t\t\t\t\t<\/div>\n\t\t\t\t<\/div>\n\t\t\t\t\t<\/div>\n\t\t\t\t<\/div>\n\t\t<div class=\"elementor-element elementor-element-8a343fb e-flex e-con-boxed e-con e-parent\" data-id=\"8a343fb\" data-element_type=\"container\" data-e-type=\"container\">\n\t\t\t\t\t<div class=\"e-con-inner\">\n\t\t\t\t<div class=\"elementor-element elementor-element-a6e7e24 elementor-widget elementor-widget-text-editor\" data-id=\"a6e7e24\" data-element_type=\"widget\" data-e-type=\"widget\" data-widget_type=\"text-editor.default\">\n\t\t\t\t\t\t\t\t\t<div class=\"qwen-markdown-paragraph\"><span class=\"qwen-markdown-text\">Eleva tu pr\u00f3ximo evento corporativo, conferencia o retiro de formaci\u00f3n de equipos en <\/span><strong class=\"qwen-markdown-strong\"><span class=\"qwen-markdown-text\">Parque de acampada Hengqin Sumlodol<\/span><\/strong><span class=\"qwen-markdown-text\">, Sumlodol Camping Park, el destino de negocios m\u00e1s exclusivo de Zhuhai, ubicado en el n\u00famero 108 de la calle Hengqin Huandao Norte, distrito de Xiangzhou, Zhuhai, Guangdong, China, redefine las reuniones profesionales al combinar servicios empresariales de vanguardia con el poder revitalizador de la naturaleza. Ideal para empresas que buscan una alternativa refrescante a los hoteles de conferencias convencionales, Sumlodol Camping Park ofrece una combinaci\u00f3n perfecta de productividad, creatividad y bienestar, dise\u00f1ada para inspirar la innovaci\u00f3n, fortalecer la din\u00e1mica de equipo y generar resultados medibles.<\/span><\/div><div class=\"qwen-markdown-space\">\u00a0<\/div><h2 class=\"qwen-markdown-heading\"><span class=\"qwen-markdown-text\">Espacios vers\u00e1tiles para reuniones y eventos que se adaptan a todas las necesidades corporativas.<\/span><\/h2><div class=\"qwen-markdown-paragraph\"><span class=\"qwen-markdown-text\">Nuestras instalaciones de negocios, cuidadosamente dise\u00f1adas, se adaptan a grupos de todos los tama\u00f1os y objetivos. El buque insignia del complejo <\/span><strong class=\"qwen-markdown-strong\"><span class=\"qwen-markdown-text\">sala de conferencias multifuncional<\/span><\/strong><span class=\"qwen-markdown-text\"> Cuenta con configuraciones de asientos flexibles, iluminaci\u00f3n natural y vistas panor\u00e1micas serenas para mantener a los asistentes comprometidos y energizados. Para sesiones estrat\u00e9gicas \u00edntimas o reuniones de la junta ejecutiva, nuestro espacio privado <\/span><strong class=\"qwen-markdown-strong\"><span class=\"qwen-markdown-text\">salas de reuniones<\/span><\/strong><span class=\"qwen-markdown-text\"> Ofrecemos entornos tranquilos y profesionales equipados con mobiliario ergon\u00f3mico y aislamiento ac\u00fastico. Los amantes de las actividades al aire libre pueden organizar charlas motivacionales o talleres de lluvia de ideas en nuestras instalaciones. <\/span><strong class=\"qwen-markdown-strong\"><span class=\"qwen-markdown-text\">pabellones al aire libre<\/span><\/strong><span class=\"qwen-markdown-text\">, Donde el aire fresco y el entorno natural estimulan la creatividad. Todos los espacios incluyen Wi-Fi de alta velocidad gratuito, tomas de corriente integradas y climatizaci\u00f3n para garantizar comodidad y conectividad durante todo el evento.<\/span><\/div><div class=\"qwen-markdown-space\">\u00a0<\/div><h2 class=\"qwen-markdown-heading\"><span class=\"qwen-markdown-text\">Servicios avanzados de tecnolog\u00eda y soporte profesional<\/span><\/h2><div class=\"qwen-markdown-paragraph\"><span class=\"qwen-markdown-text\">Entendemos que la tecnolog\u00eda sin fisuras es fundamental para el \u00e9xito empresarial. Por eso, cada espacio para reuniones en Hengqin Sumlodol Camping Park est\u00e1 equipado con sistemas audiovisuales de nivel profesional, que incluyen proyectores HD, capacidades de presentaci\u00f3n inal\u00e1mbrica, sistemas de sonido de alta calidad y herramientas de videoconferencia compatibles con plataformas globales. Nuestro equipo dedicado <\/span><strong class=\"qwen-markdown-strong\"><span class=\"qwen-markdown-text\">equipo de servicios empresariales<\/span><\/strong><span class=\"qwen-markdown-text\"> Ofrecemos asistencia t\u00e9cnica presencial, impresi\u00f3n, fotocopiado y apoyo administrativo para que usted pueda concentrarse en el contenido y la conexi\u00f3n con su p\u00fablico. \u00bfNecesita realizar ajustes de \u00faltima hora? Nuestra recepci\u00f3n y coordinadores de eventos, disponibles las 24 horas, le garantizan un servicio personalizado y eficiente en cada etapa.<\/span><\/div><div class=\"qwen-markdown-space\">\u00a0<\/div><h2 class=\"qwen-markdown-heading\"><span class=\"qwen-markdown-text\">Servicio de catering que impulsa la productividad y la celebraci\u00f3n.<\/span><\/h2><div class=\"qwen-markdown-paragraph\"><span class=\"qwen-markdown-text\">Revitalice a su equipo con opciones de catering personalizadas, dise\u00f1adas para combinar concentraci\u00f3n y celebraci\u00f3n. Nuestro equipo culinario prepara desayunos buffet nutritivos, almuerzos de trabajo y elegantes cenas de gala con ingredientes frescos y locales. Elija entre la cocina cantonesa tradicional, platos internacionales o men\u00fas tem\u00e1ticos de barbacoa servidos en patios privados. Para un encuentro informal o para relajarse despu\u00e9s de una reuni\u00f3n, disfrute de estaciones de caf\u00e9 de especialidad, aperitivos artesanales o reuniones nocturnas alrededor de una hoguera con s&#039;mores gourmet y bebidas artesanales. \u00bfTiene alguna restricci\u00f3n alimentaria? Atendemos solicitudes veganas, vegetarianas, sin gluten y para personas con alergias, con previo aviso.<\/span><\/div><div class=\"qwen-markdown-space\">\u00a0<\/div><h2 class=\"qwen-markdown-heading\"><span class=\"qwen-markdown-text\">Actividades de integraci\u00f3n de equipos que fortalecen la colaboraci\u00f3n<\/span><\/h2><div class=\"qwen-markdown-paragraph\"><span class=\"qwen-markdown-text\">Lo que distingue a Hengqin Sumlodol Camping Park es nuestra capacidad de integrar el desarrollo profesional con experiencias inmersivas al aire libre. Aproveche nuestro acceso exclusivo a la <\/span><strong class=\"qwen-markdown-strong\"><span class=\"qwen-markdown-text\">Parque de aventuras sin motor Xingqita de 65.000 m\u00b2<\/span><\/strong><span class=\"qwen-markdown-text\"> Para actividades din\u00e1micas de integraci\u00f3n de equipos: circuitos de obst\u00e1culos colaborativos, desaf\u00edos de resoluci\u00f3n de problemas en el Laberinto Submarino, ejercicios de liderazgo en redes de escalada o competiciones amistosas en pistas de karts. Dirigidas por nuestros experimentados coordinadores de actividades, estas experiencias fomentan la confianza, la comunicaci\u00f3n y el pensamiento creativo, habilidades que se traducen directamente en \u00e9xito laboral. Para actividades nocturnas, organice barbacoas grupales, sesiones de narraci\u00f3n de cuentos alrededor de una fogata o talleres de observaci\u00f3n de estrellas para fortalecer los lazos en un entorno relajado e inolvidable.<\/span><\/div><div class=\"qwen-markdown-space\">\u00a0<\/div><h2 class=\"qwen-markdown-heading\"><span class=\"qwen-markdown-text\">Ubicaci\u00f3n estrat\u00e9gica con f\u00e1cil acceso.<\/span><\/h2><div class=\"qwen-markdown-paragraph\"><span class=\"qwen-markdown-text\">Ubicado en la isla de Hengqin, un centro de innovaci\u00f3n y turismo en la Gran \u00c1rea de la Bah\u00eda, nuestro resort ofrece una comodidad excepcional para delegados nacionales e internacionales. Estamos a solo:<\/span><\/div><ul class=\"qwen-markdown-list\" dir=\"auto\"><li><span class=\"qwen-markdown-text\">A 12 km de la estaci\u00f3n de tren de Zhuhai<\/span><\/li><li><span class=\"qwen-markdown-text\">A 10 km del Aeropuerto Internacional de Macao<\/span><\/li><li><span class=\"qwen-markdown-text\">A 7 km de Zhuhai Chimelong Ocean Kingdom<\/span><\/li><li><span class=\"qwen-markdown-text\">A pocos minutos del puente Lotus que cruza a Macao.<\/span><\/li><\/ul><div class=\"qwen-markdown-space\">\u00a0<\/div><div class=\"qwen-markdown-paragraph\"><span class=\"qwen-markdown-text\">El aparcamiento gratuito en las instalaciones con estaciones de carga para veh\u00edculos el\u00e9ctricos, el registro de entrada y salida expr\u00e9s, el servicio de consigna de equipaje y la coordinaci\u00f3n de taxis garantizan llegadas y salidas sin contratiempos. Para equipos multinacionales, nuestra proximidad a Macao y Shenzhen facilita la log\u00edstica transfronteriza.<\/span><\/div><div class=\"qwen-markdown-space\">\u00a0<\/div><h2 class=\"qwen-markdown-heading\"><span class=\"qwen-markdown-text\">Planificaci\u00f3n de eventos especializada para una ejecuci\u00f3n impecable.<\/span><\/h2><div class=\"qwen-markdown-paragraph\"><span class=\"qwen-markdown-text\">Desde la consulta inicial hasta el seguimiento posterior al evento, nuestro equipo profesional <\/span><strong class=\"qwen-markdown-strong\"><span class=\"qwen-markdown-text\">Servicio de conserjer\u00eda para la organizaci\u00f3n de eventos<\/span><\/strong><span class=\"qwen-markdown-text\"> Colaboramos contigo para dise\u00f1ar una agenda personalizada que se ajuste a tus objetivos y presupuesto. Nuestros servicios incluyen la personalizaci\u00f3n del espacio, la programaci\u00f3n de actividades, la coordinaci\u00f3n del catering, la log\u00edstica del transporte y la preparaci\u00f3n de material promocional. Ya sea que organices un retiro de liderazgo para 10 personas o una conferencia corporativa para 100 invitados, gestionamos cada detalle con precisi\u00f3n y creatividad.<\/span><\/div><div class=\"qwen-markdown-space\">\u00a0<\/div><h2 class=\"qwen-markdown-heading\"><span class=\"qwen-markdown-text\">\u00bfPor qu\u00e9 elegir el camping Hengqin Sumlodol para su pr\u00f3ximo evento empresarial?<\/span><\/h2><div class=\"qwen-markdown-paragraph\"><span class=\"qwen-markdown-text\">\u2705 Espacios integrados con la naturaleza que potencian la creatividad y reducen la fatiga en las reuniones.<\/span><br \/><span class=\"qwen-markdown-text\">\u2705 Espacios flexibles y equipados con tecnolog\u00eda de punta para presentaciones, talleres y networking.<\/span><br \/><span class=\"qwen-markdown-text\">\u2705 Experiencias \u00fanicas de formaci\u00f3n de equipos que no est\u00e1n disponibles en los hoteles tradicionales.<\/span><br \/><span class=\"qwen-markdown-text\">\u2705 Servicios profesionales de catering y apoyo empresarial<\/span><br \/><span class=\"qwen-markdown-text\">\u2705 Ubicaci\u00f3n privilegiada en el din\u00e1mico distrito de Hengqin de Zhuhai, cerca de Macao y de las principales atracciones.<\/span><br \/><span class=\"qwen-markdown-text\">\u2705 Dise\u00f1o ecol\u00f3gico que se alinea con los objetivos de sostenibilidad corporativa. <\/span><\/div><div class=\"qwen-markdown-space\">\u00a0<\/div><div class=\"qwen-markdown-paragraph\" data-spm-anchor-id=\"a2ty_o01.29997173.0.i28.578051710XUOvK\"><span class=\"qwen-markdown-text\">Transforme su pr\u00f3xima reuni\u00f3n corporativa de rutina a evento extraordinario. En Hengqin Sumlodol Camping Park, no solo organizamos reuniones, sino que creamos experiencias que inspiran, fortalecen equipos y generan un impacto duradero. Contacte hoy mismo con nuestro equipo de eventos empresariales para programar una visita o solicitar una propuesta personalizada. Su retiro empresarial m\u00e1s productivo, memorable y revitalizante comienza aqu\u00ed, en el coraz\u00f3n de la belleza natural de Zhuhai.<\/span><\/div>\t\t\t\t\t\t\t\t<\/div>\n\t\t\t\t\t<\/div>\n\t\t\t\t<\/div>\n\t\t\t\t<\/div>","protected":false},"excerpt":{"rendered":"<p>Hengqin Sumlodol Camping Park Business Facilities: Where Corporate Success Meets Natural Inspiration Elevate your next corporate event, conference, or team-building retreat at Hengqin Sumlodol Camping Park, Zhuhai&#8217;s most distinctive business destination. Located at No. 108 Hengqin Huandao North Road, Xiangzhou District, Zhuhai, Guangdong, China, our resort redefines professional gatherings by merging cutting-edge business amenities with [&hellip;]<\/p>\n","protected":false},"author":1,"featured_media":0,"parent":0,"menu_order":0,"comment_status":"closed","ping_status":"closed","template":"elementor_header_footer","meta":{"footnotes":""},"class_list":["post-2109","page","type-page","status-publish","hentry","post-no-thumbnail"],"_links":{"self":[{"href":"https:\/\/sumlodolcampingpark.com\/es\/wp-json\/wp\/v2\/pages\/2109","targetHints":{"allow":["GET"]}}],"collection":[{"href":"https:\/\/sumlodolcampingpark.com\/es\/wp-json\/wp\/v2\/pages"}],"about":[{"href":"https:\/\/sumlodolcampingpark.com\/es\/wp-json\/wp\/v2\/types\/page"}],"author":[{"embeddable":true,"href":"https:\/\/sumlodolcampingpark.com\/es\/wp-json\/wp\/v2\/users\/1"}],"replies":[{"embeddable":true,"href":"https:\/\/sumlodolcampingpark.com\/es\/wp-json\/wp\/v2\/comments?post=2109"}],"version-history":[{"count":0,"href":"https:\/\/sumlodolcampingpark.com\/es\/wp-json\/wp\/v2\/pages\/2109\/revisions"}],"wp:attachment":[{"href":"https:\/\/sumlodolcampingpark.com\/es\/wp-json\/wp\/v2\/media?parent=2109"}],"curies":[{"name":"wp","href":"https:\/\/api.w.org\/{rel}","templated":true}]}}