{"id":2106,"date":"2021-03-25T04:08:26","date_gmt":"2021-03-25T04:08:26","guid":{"rendered":"http:\/\/localhost\/nuss\/?page_id=298"},"modified":"2026-04-04T08:51:24","modified_gmt":"2026-04-04T08:51:24","slug":"experiences","status":"publish","type":"page","link":"https:\/\/sumlodolcampingpark.com\/es\/experiences\/","title":{"rendered":"Rese\u00f1as del camping Hengqin Sumlodol"},"content":{"rendered":"<div data-elementor-type=\"wp-page\" data-elementor-id=\"2106\" class=\"elementor elementor-2106\">\n\t\t\t\t\t\t<section class=\"elementor-section elementor-top-section elementor-element elementor-element-1954ffc elementor-section-boxed elementor-section-gap-beside-yes elementor-section-height-default elementor-section-height-default elementor-section-column-vertical-align-stretch\" data-id=\"1954ffc\" data-element_type=\"section\" data-e-type=\"section\">\n\t\t\t\t\t\t<div class=\"elementor-container elementor-column-gap-extended\">\n\t\t\t\t\t<div class=\"elementor-column elementor-col-100 elementor-top-column elementor-element elementor-element-86aebc5\" data-id=\"86aebc5\" data-element_type=\"column\" data-e-type=\"column\">\n\t\t\t<div class=\"elementor-widget-wrap elementor-element-populated\">\n\t\t\t\t\t\t<div class=\"elementor-element elementor-element-11803d1 elementor-widget__width-initial elementor-invisible elementor-widget elementor-widget-text-editor\" data-id=\"11803d1\" data-element_type=\"widget\" data-e-type=\"widget\" data-settings=\"{&quot;_animation&quot;:&quot;nussFadeInUp&quot;}\" data-widget_type=\"text-editor.default\">\n\t\t\t\t\t\t\t\t\tHistorias de hu\u00e9spedes al descubierto: Experiencias y rese\u00f1as aut\u00e9nticas de clientes en el camping Hengqin Sumlodol, Zhuhai.\t\t\t\t\t\t\t\t<\/div>\n\t\t\t\t\t<\/div>\n\t\t<\/div>\n\t\t\t\t\t<\/div>\n\t\t<\/section>\n\t\t<div class=\"elementor-element elementor-element-802a12b e-flex e-con-boxed e-con e-parent\" data-id=\"802a12b\" data-element_type=\"container\" data-e-type=\"container\">\n\t\t\t\t\t<div class=\"e-con-inner\">\n\t\t\t\t<div class=\"elementor-element elementor-element-f5a29f4 elementor-widget elementor-widget-image\" data-id=\"f5a29f4\" data-element_type=\"widget\" data-e-type=\"widget\" data-widget_type=\"image.default\">\n\t\t\t\t\t\t\t\t\t\t\t\t\t\t\t<img fetchpriority=\"high\" decoding=\"async\" width=\"1756\" height=\"914\" src=\"https:\/\/sumlodolcampingpark.com\/wp-content\/uploads\/2026\/04\/Hengqin-Sumlodol-Camping-Park-Reviews.png\" class=\"attachment-full size-full wp-image-5750\" alt=\"\" srcset=\"https:\/\/sumlodolcampingpark.com\/wp-content\/uploads\/2026\/04\/Hengqin-Sumlodol-Camping-Park-Reviews.png 1756w, https:\/\/sumlodolcampingpark.com\/wp-content\/uploads\/2026\/04\/Hengqin-Sumlodol-Camping-Park-Reviews-300x156.png 300w, https:\/\/sumlodolcampingpark.com\/wp-content\/uploads\/2026\/04\/Hengqin-Sumlodol-Camping-Park-Reviews-1024x533.png 1024w, https:\/\/sumlodolcampingpark.com\/wp-content\/uploads\/2026\/04\/Hengqin-Sumlodol-Camping-Park-Reviews-768x400.png 768w, https:\/\/sumlodolcampingpark.com\/wp-content\/uploads\/2026\/04\/Hengqin-Sumlodol-Camping-Park-Reviews-1536x799.png 1536w\" sizes=\"(max-width: 1756px) 100vw, 1756px\" \/>\t\t\t\t\t\t\t\t\t\t\t\t\t\t\t<\/div>\n\t\t\t\t\t<\/div>\n\t\t\t\t<\/div>\n\t\t<div class=\"elementor-element elementor-element-52a5837 e-flex e-con-boxed e-con e-parent\" data-id=\"52a5837\" data-element_type=\"container\" data-e-type=\"container\">\n\t\t\t\t\t<div class=\"e-con-inner\">\n\t\t\t\t<div class=\"elementor-element elementor-element-dfb0da2 elementor-widget elementor-widget-text-editor\" data-id=\"dfb0da2\" data-element_type=\"widget\" data-e-type=\"widget\" data-widget_type=\"text-editor.default\">\n\t\t\t\t\t\t\t\t\t<div class=\"qwen-markdown-paragraph\"><span class=\"qwen-markdown-text\">Cuando los viajeros buscan una escapada \u00fanica en la vibrante Gran \u00c1rea de la Bah\u00eda de Guangdong, <\/span><strong class=\"qwen-markdown-strong\"><span class=\"qwen-markdown-text\">Parque de acampada Hengqin Sumlodol<\/span><\/strong><span class=\"qwen-markdown-text\"> Este innovador resort, ubicado en el n\u00famero 108 de la calle Hengqin Huandao Norte, distrito de Xiangzhou, Zhuhai, se ha consolidado como una opci\u00f3n excepcional. Ha conquistado a familias, parejas, grupos corporativos y amantes de la aventura por igual. Pero, \u00bfqu\u00e9 opinan los hu\u00e9spedes sobre su estancia? Este completo art\u00edculo recopila experiencias y rese\u00f1as aut\u00e9nticas para ayudarte a planificar tu propia escapada inolvidable.<\/span><\/div><div class=\"qwen-markdown-space\">\u00a0<\/div><h2 class=\"qwen-markdown-heading\"><span class=\"qwen-markdown-text\">Una c\u00e1lida bienvenida: las primeras impresiones que marcan la pauta<\/span><\/h2><div class=\"qwen-markdown-paragraph\"><span class=\"qwen-markdown-text\">Desde el momento en que llegan los hu\u00e9spedes, la experiencia Sumlodol comienza con detalles bien pensados. Los cr\u00edticos frecuentemente destacan la <\/span><strong class=\"qwen-markdown-strong\"><span class=\"qwen-markdown-text\">proceso de registro sin problemas<\/span><\/strong><span class=\"qwen-markdown-text\">, El amable personal de recepci\u00f3n y el impresionante entorno natural del complejo son algunos de los atractivos. \u201cConducir a trav\u00e9s de la exuberante vegetaci\u00f3n para llegar a nuestra caba\u00f1a fue como entrar en un para\u00edso secreto\u201d, comenta una familia que viajaba. Muchos aprecian la clara se\u00f1alizaci\u00f3n, el amplio aparcamiento con estaciones de carga para veh\u00edculos el\u00e9ctricos y la \u00fatil orientaci\u00f3n que ofrece el servicio \u201cParadise Butler\u201d, un servicio de conserjer\u00eda personalizado que se anticipa a las necesidades antes de que se expresen.<\/span><\/div><div class=\"qwen-markdown-space\">\u00a0<\/div><h2 class=\"qwen-markdown-heading\"><span class=\"qwen-markdown-text\">Magia para toda la familia: donde los ni\u00f1os (y los padres) prosperan.<\/span><\/h2><div class=\"qwen-markdown-paragraph\"><span class=\"qwen-markdown-text\">Para las familias, el parque de acampada Hengqin Sumlodol recibe constantemente una calificaci\u00f3n de <\/span><strong class=\"qwen-markdown-strong\"><span class=\"qwen-markdown-text\">destino de primer nivel<\/span><\/strong><span class=\"qwen-markdown-text\">. Los padres est\u00e1n encantados con el lugar contiguo. <\/span><strong class=\"qwen-markdown-strong\"><span class=\"qwen-markdown-text\">Parque de aventuras sin motor Xingqita<\/span><\/strong><span class=\"qwen-markdown-text\">, Lo describen como \u201cel sue\u00f1o de un ni\u00f1o hecho realidad\u201d. Las rese\u00f1as mencionan que los ni\u00f1os pasan horas explorando las 12 zonas tem\u00e1ticas, desde el encantador Laberinto de las Profundidades Marinas hasta las imponentes redes para escalar y las estructuras de juego con tem\u00e1tica pirata, mientras los adultos se relajan cerca con un caf\u00e9 y vistas panor\u00e1micas.<\/span><\/div><div class=\"qwen-markdown-space\">\u00a0<\/div><div class=\"qwen-markdown-paragraph\"><em><span class=\"qwen-markdown-text\">\u201cMi hijo de 6 a\u00f1os no quer\u00eda irse de la zona de juegos con reliquias del arenero, \u00a1y mi hijo adolescente incluso dej\u00f3 el tel\u00e9fono para probar la tirolesa! Como padres, nos encant\u00f3 que todo se sintiera seguro, limpio y bien supervisado.\u201d<\/span><\/em><span class=\"qwen-markdown-text\"> \u2014 Invitado familiar verificado<\/span><\/div><div class=\"qwen-markdown-space\">\u00a0<\/div><div class=\"qwen-markdown-paragraph\"><span class=\"qwen-markdown-text\">Los alojamientos reciben grandes elogios por su <\/span><strong class=\"qwen-markdown-strong\"><span class=\"qwen-markdown-text\">dise\u00f1o centrado en la familia<\/span><\/strong><span class=\"qwen-markdown-text\">. Los hu\u00e9spedes que se alojan en las suites Family Container aprecian la zona de descanso infantil independiente, la decoraci\u00f3n divertida y las comodidades pensadas para los ni\u00f1os, como albornoces infantiles y cuentos para la hora de dormir. Los hu\u00e9spedes de las autocaravanas y las caba\u00f1as disfrutan de los patios privados, que se convierten en el escenario perfecto para barbacoas nocturnas y sesiones de observaci\u00f3n de estrellas.<\/span><\/div><div class=\"qwen-markdown-space\">\u00a0<\/div><h2 class=\"qwen-markdown-heading\"><span class=\"qwen-markdown-text\">Estancias \u00fanicas, noches memorables: Rese\u00f1as de alojamientos<\/span><\/h2><div class=\"qwen-markdown-paragraph\"><span class=\"qwen-markdown-text\">Las diversas opciones de alojamiento de Sumlodol se adaptan a todos los estilos de viaje, y los hu\u00e9spedes expresan abiertamente cu\u00e1les son sus favoritas:<\/span><\/div><div class=\"qwen-markdown-space\">\u00a0<\/div><ul class=\"qwen-markdown-list\" dir=\"auto\"><li><strong class=\"qwen-markdown-strong\"><span class=\"qwen-markdown-text\">Autocaravanas Starry Sky<\/span><\/strong><span class=\"qwen-markdown-text\">\u201cDespertar con la luz del sol entrando por la claraboya panor\u00e1mica fue m\u00e1gico. La cama era incre\u00edblemente c\u00f3moda y tener una peque\u00f1a cocina hizo que las ma\u00f1anas fueran muy pr\u00e1cticas.\u201d<\/span><\/li><li><strong class=\"qwen-markdown-strong\"><span class=\"qwen-markdown-text\">Pabell\u00f3n Qinfan con vistas al lago<\/span><\/strong><span class=\"qwen-markdown-text\">\u201cLa tranquilidad de la vista al lago, junto con la elegante decoraci\u00f3n r\u00fastica, cre\u00f3 el refugio rom\u00e1ntico perfecto. Disfrutamos del t\u00e9 de la ma\u00f1ana en nuestra terraza privada mientras observ\u00e1bamos a los p\u00e1jaros revolotear.\u201d<\/span><\/li><li><strong class=\"qwen-markdown-strong\"><span class=\"qwen-markdown-text\">Caba\u00f1as de 1 dormitorio<\/span><\/strong><span class=\"qwen-markdown-text\">\u201cEspaciosa, impecable y con un dise\u00f1o precioso. La ducha exterior fue un detalle muy original, y la barbacoa en el patio hizo que la cena se sintiera como un evento especial.\u201d<\/span><\/li><\/ul><div class=\"qwen-markdown-space\">\u00a0<\/div><div class=\"qwen-markdown-paragraph\"><span class=\"qwen-markdown-text\">En todos los tipos de habitaciones, los hu\u00e9spedes destacan constantemente lo siguiente: <\/span><strong class=\"qwen-markdown-strong\"><span class=\"qwen-markdown-text\">Ropa de cama de alta calidad, climatizaci\u00f3n eficaz, conexi\u00f3n Wi-Fi fiable y atenci\u00f3n a la limpieza.<\/span><\/strong><span class=\"qwen-markdown-text\">\u2014comodidades esenciales que elevan la experiencia de acampar a la categor\u00eda de lujo.<\/span><\/div><div class=\"qwen-markdown-space\">\u00a0<\/div><h2 class=\"qwen-markdown-heading\"><span class=\"qwen-markdown-text\">Excelencia en el servicio: Personal que se esfuerza al m\u00e1ximo.<\/span><\/h2><div class=\"qwen-markdown-paragraph\"><span class=\"qwen-markdown-text\">Quiz\u00e1s el aspecto m\u00e1s mencionado en las rese\u00f1as de los hu\u00e9spedes es el <\/span><strong class=\"qwen-markdown-strong\"><span class=\"qwen-markdown-text\">cultura de servicio excepcional<\/span><\/strong><span class=\"qwen-markdown-text\">. Desde los equipos de limpieza que dejan toallas con motivos de origami como detalle, hasta los coordinadores de actividades que ense\u00f1an pacientemente a los ni\u00f1os a recorrer el circuito de aventuras, los miembros del personal son descritos como &quot;genuinamente c\u00e1lidos&quot;, &quot;proactivos&quot; y &quot;dedicados a hacer que cada momento sea especial&quot;.\u201c<\/span><\/div><div class=\"qwen-markdown-space\">\u00a0<\/div><div class=\"qwen-markdown-paragraph\"><em><span class=\"qwen-markdown-text\">\u201cCuando nuestra hija olvid\u00f3 su peluche favorito, el equipo no solo lo encontr\u00f3, sino que lo envi\u00f3 a nuestra casa en Shenzhen con una nota escrita a mano. Ese nivel de atenci\u00f3n es excepcional y lo agradecemos enormemente.\u201d<\/span><\/em><span class=\"qwen-markdown-text\"> \u2014 Cliente habitual<\/span><\/div><div class=\"qwen-markdown-space\">\u00a0<\/div><div class=\"qwen-markdown-paragraph\"><span class=\"qwen-markdown-text\">La recepci\u00f3n, abierta las 24 horas, merece un reconocimiento especial por gestionar con eficiencia y amabilidad las llegadas tard\u00edas, las solicitudes de transporte y las celebraciones especiales.<\/span><\/div><div class=\"qwen-markdown-space\">\u00a0<\/div><h2 class=\"qwen-markdown-heading\"><span class=\"qwen-markdown-text\">Delicias culinarias: Experiencias gastron\u00f3micas que superan las expectativas<\/span><\/h2><div class=\"qwen-markdown-paragraph\"><span class=\"qwen-markdown-text\">Las experiencias gastron\u00f3micas en Sumlodol Camping Park reciben cr\u00edticas entusiastas. Los hu\u00e9spedes del establecimiento en el lugar <\/span><strong class=\"qwen-markdown-strong\"><span class=\"qwen-markdown-text\">Restaurante Xinglv<\/span><\/strong><span class=\"qwen-markdown-text\"> Elogiamos los ingredientes frescos y de origen local, as\u00ed como la flexibilidad del servicio de desayuno (disponible hasta las 14:00, una ventaja muy apreciada por los viajeros de ocio). <\/span><\/div><div class=\"qwen-markdown-space\">\u00a0<\/div><div class=\"qwen-markdown-paragraph\"><em><span class=\"qwen-markdown-text\">\u201cEl congee fue el mejor que he probado en Zhuhai: cremoso, sabroso y servido con una variedad de deliciosos acompa\u00f1amientos. \u00bfY el paquete de barbacoa para nuestro patio? \u00a1Carnes perfectamente marinadas, verduras frescas e incluso kits para hacer s&#039;mores de postre!\u201d<\/span><\/em><span class=\"qwen-markdown-text\"> \u2014 Viajero gastron\u00f3mico<\/span><\/div><div class=\"qwen-markdown-space\">\u00a0<\/div><div class=\"qwen-markdown-paragraph\"><span class=\"qwen-markdown-text\">Se atienden con esmero las necesidades diet\u00e9ticas, y varios comensales destacan la excelente atenci\u00f3n a las solicitudes vegetarianas, sin gluten y para ni\u00f1os. La opci\u00f3n de cenar al aire libre bajo las estrellas a\u00f1ade un toque memorable a cada comida.<\/span><\/div><div class=\"qwen-markdown-space\">\u00a0<\/div><h2 class=\"qwen-markdown-heading\"><span class=\"qwen-markdown-text\">Ubicaci\u00f3n y accesibilidad: la comodidad se une a la belleza natural.<\/span><\/h2><div class=\"qwen-markdown-paragraph\"><span class=\"qwen-markdown-text\">Situado en la isla de Hengqin, la ubicaci\u00f3n del complejo se cita con frecuencia como una gran ventaja. Los hu\u00e9spedes aprecian la <\/span><strong class=\"qwen-markdown-strong\"><span class=\"qwen-markdown-text\">Entorno tranquilo y verde<\/span><\/strong><span class=\"qwen-markdown-text\"> mientras que quedan minutos de las principales atracciones:<\/span><\/div><div class=\"qwen-markdown-space\">\u00a0<\/div><ul class=\"qwen-markdown-list\" dir=\"auto\"><li><em><span class=\"qwen-markdown-text\">\u201cA tan solo 10 minutos en coche de Chimelong Ocean Kingdom, perfecto para combinar la emoci\u00f3n del parque tem\u00e1tico con la relajaci\u00f3n del resort.\u201d<\/span><\/em><\/li><li><em><span class=\"qwen-markdown-text\">\u201cEl f\u00e1cil acceso a Macao a trav\u00e9s del Puente del Loto hizo que nuestro itinerario transfronterizo fuera perfecto.\u201d<\/span><\/em><\/li><li><em><span class=\"qwen-markdown-text\">\u201cA pesar de estar cerca de todo, el complejo ofrece una maravillosa sensaci\u00f3n de aislamiento. O\u00edamos el canto de los p\u00e1jaros, no el ruido del tr\u00e1fico.\u201d<\/span><\/em><\/li><\/ul><div class=\"qwen-markdown-space\">\u00a0<\/div><div class=\"qwen-markdown-paragraph\"><span class=\"qwen-markdown-text\">Las familias que llegan en coche valoran el amplio aparcamiento y la posibilidad de recargar los veh\u00edculos el\u00e9ctricos; quienes utilizan el transporte p\u00fablico destacan la \u00fatil coordinaci\u00f3n de taxis del complejo y las claras indicaciones desde la estaci\u00f3n de tren de Zhuhai.<\/span><\/div><div class=\"qwen-markdown-space\">\u00a0<\/div><h2 class=\"qwen-markdown-heading\"><span class=\"qwen-markdown-text\">Reuniones corporativas y de grupo: Productividad en el para\u00edso<\/span><\/h2><div class=\"qwen-markdown-paragraph\"><span class=\"qwen-markdown-text\">Los viajeros de negocios y los organizadores de eventos comparten testimonios convincentes sobre la celebraci\u00f3n de reuniones exitosas en Sumlodol. La combinaci\u00f3n de <\/span><strong class=\"qwen-markdown-strong\"><span class=\"qwen-markdown-text\">instalaciones profesionales e inspiraci\u00f3n natural<\/span><\/strong><span class=\"qwen-markdown-text\"> demuestra ser transformador:<\/span><\/div><div class=\"qwen-markdown-space\">\u00a0<\/div><div class=\"qwen-markdown-paragraph\"><em><span class=\"qwen-markdown-text\">\u201cNuestro retiro de equipo combin\u00f3 sesiones estrat\u00e9gicas matutinas en la sala de conferencias con actividades de integraci\u00f3n por la tarde en el parque de aventuras. El cambio de ambiente despert\u00f3 una creatividad que no hab\u00edamos visto en a\u00f1os. Adem\u00e1s, la cena alrededor de la hoguera fue la oportunidad perfecta para establecer contactos de forma informal.\u201d<\/span><\/em><span class=\"qwen-markdown-text\"> \u2014 Organizador de eventos corporativos<\/span><\/div><div class=\"qwen-markdown-space\">\u00a0<\/div><div class=\"qwen-markdown-paragraph\"><span class=\"qwen-markdown-text\">Los cr\u00edticos destacan la fiabilidad de la infraestructura tecnol\u00f3gica, la capacidad de respuesta del equipo de planificaci\u00f3n del evento y el valor \u00fanico de ofrecer a los asistentes una experiencia revitalizante y orientada al bienestar.<\/span><\/div><div class=\"qwen-markdown-space\">\u00a0<\/div><h2 class=\"qwen-markdown-heading\"><span class=\"qwen-markdown-text\">Valor y satisfacci\u00f3n general: Vale la pena cada momento.<\/span><\/h2><div class=\"qwen-markdown-paragraph\"><span class=\"qwen-markdown-text\">Cuando se les pregunta sobre el valor, el consenso general es claro: <\/span><strong class=\"qwen-markdown-strong\"><span class=\"qwen-markdown-text\">El camping Hengqin Sumlodol ofrece una rentabilidad excepcional.<\/span><\/strong><span class=\"qwen-markdown-text\">. Los hu\u00e9spedes reconocen que, si bien las tarifas reflejan la naturaleza pr\u00e9mium de la experiencia, la combinaci\u00f3n de alojamientos \u00fanicos, actividades incluidas, servicio de alta calidad y momentos memorables justifica el costo.<\/span><\/div><div class=\"qwen-markdown-space\">\u00a0<\/div><div class=\"qwen-markdown-paragraph\"><em><span class=\"qwen-markdown-text\">\u201cNos hemos alojado en muchos resorts de \u2018glamping\u2019, pero Sumlodol establece un nuevo est\u00e1ndar. No se trata solo de dormir al aire libre, sino de una experiencia placentera y cuidada al detalle, un servicio impecable y la creaci\u00f3n de historias que contaremos durante a\u00f1os.\u201d<\/span><\/em><span class=\"qwen-markdown-text\"> \u2014 Bloguera de viajes de lujo<\/span><\/div><div class=\"qwen-markdown-space\">\u00a0<\/div><div class=\"qwen-markdown-paragraph\"><span class=\"qwen-markdown-text\">En ocasiones, algunos comentarios constructivos mencionan que las actividades m\u00e1s populares se agotan r\u00e1pidamente durante la temporada alta (recomendando reservar con antelaci\u00f3n) y que algunos hu\u00e9spedes desean que el restaurante tenga un horario m\u00e1s amplio. El equipo directivo responde activamente a estas sugerencias, demostrando su compromiso con la mejora continua.<\/span><\/div><div class=\"qwen-markdown-space\">\u00a0<\/div><h2 class=\"qwen-markdown-heading\"><span class=\"qwen-markdown-text\">Por qu\u00e9 los clientes siguen regresando: La diferencia de Sumlodol<\/span><\/h2><div class=\"qwen-markdown-paragraph\"><span class=\"qwen-markdown-text\">\u00bfQu\u00e9 transforma una estancia \u00fanica en una clientela fiel? Los cr\u00edticos se\u00f1alan varios factores determinantes:<\/span><\/div><div class=\"qwen-markdown-space\">\u00a0<\/div><div class=\"qwen-markdown-paragraph\"><span class=\"qwen-markdown-text\">\u2728 <\/span><strong class=\"qwen-markdown-strong\"><span class=\"qwen-markdown-text\">Autenticidad<\/span><\/strong><span class=\"qwen-markdown-text\">Una aut\u00e9ntica conexi\u00f3n con la naturaleza sin sacrificar la comodidad.<\/span><br \/><span class=\"qwen-markdown-text\">\u2728 <\/span><strong class=\"qwen-markdown-strong\"><span class=\"qwen-markdown-text\">Personalizaci\u00f3n<\/span><\/strong><span class=\"qwen-markdown-text\">Personal que recuerda nombres, preferencias y ocasiones especiales.<\/span><br \/><span class=\"qwen-markdown-text\">\u2728 <\/span><strong class=\"qwen-markdown-strong\"><span class=\"qwen-markdown-text\">Innovaci\u00f3n<\/span><\/strong><span class=\"qwen-markdown-text\">Conceptos \u00fanicos como el parque de aventuras sin electricidad y el servicio Paradise Butler.<\/span><br \/><span class=\"qwen-markdown-text\">\u2728 <\/span><strong class=\"qwen-markdown-strong\"><span class=\"qwen-markdown-text\">Consistencia<\/span><\/strong><span class=\"qwen-markdown-text\">: Se mantienen altos est\u00e1ndares en alojamiento, restauraci\u00f3n y actividades.<\/span><br \/><span class=\"qwen-markdown-text\">\u2728 <\/span><strong class=\"qwen-markdown-strong\"><span class=\"qwen-markdown-text\">Resonancia emocional<\/span><\/strong><span class=\"qwen-markdown-text\">Experiencias que crean recuerdos duraderos, no solo transacciones. <\/span><\/div><div class=\"qwen-markdown-space\">\u00a0<\/div><h2 class=\"qwen-markdown-heading\"><span class=\"qwen-markdown-text\">Planifica tu estancia inolvidable en el Camping Park de Hengqin Sumlodol.<\/span><\/h2><div class=\"qwen-markdown-paragraph\"><span class=\"qwen-markdown-text\">Con miles de rese\u00f1as entusiastas y una reputaci\u00f3n de excelencia en viajes familiares, escapadas rom\u00e1nticas y retiros corporativos, Hengqin Sumlodol Camping Park se erige como el principal destino de hospitalidad en plena naturaleza de Zhuhai. Tanto si busca aventura, relajaci\u00f3n, conexi\u00f3n o inspiraci\u00f3n, las experiencias de nuestros hu\u00e9spedes lo confirman: este es m\u00e1s que un lugar para dormir, es un lugar para prosperar.<\/span><\/div><div class=\"qwen-markdown-space\">\u00a0<\/div><div class=\"qwen-markdown-paragraph\" data-spm-anchor-id=\"a2ty_o01.29997173.0.i36.578051710XUOvK\"><span class=\"qwen-markdown-text\">\u00bfListo para escribir tu propia historia en Sumlodol? Reserva tu estancia en el n\u00famero 108 de la calle Hengqin Huandao Norte, distrito de Xiangzhou, Zhuhai, Guangdong, China, y descubre por qu\u00e9 los viajeros califican constantemente este resort como una de las experiencias m\u00e1s memorables en la Gran \u00c1rea de la Bah\u00eda. Te espera un viaje lleno de alegr\u00eda, comodidad y maravillas naturales.<\/span><\/div>\t\t\t\t\t\t\t\t<\/div>\n\t\t\t\t\t<\/div>\n\t\t\t\t<\/div>\n\t\t\t\t<\/div>","protected":false},"excerpt":{"rendered":"<p>Guest Stories Unveiled: Authentic Customer Experiences &#038; Reviews at Hengqin Sumlodol Camping Park, Zhuhai When travelers search for a unique getaway in Guangdong&#8217;s vibrant Greater Bay Area, Hengqin Sumlodol Camping Park consistently emerges as a standout choice. Nestled at No. 108 Hengqin Huandao North Road, Xiangzhou District, Zhuhai, this innovative nature-integrated resort has captured the [&hellip;]<\/p>\n","protected":false},"author":1,"featured_media":0,"parent":0,"menu_order":0,"comment_status":"closed","ping_status":"closed","template":"","meta":{"footnotes":""},"class_list":["post-2106","page","type-page","status-publish","hentry","post-no-thumbnail"],"_links":{"self":[{"href":"https:\/\/sumlodolcampingpark.com\/es\/wp-json\/wp\/v2\/pages\/2106","targetHints":{"allow":["GET"]}}],"collection":[{"href":"https:\/\/sumlodolcampingpark.com\/es\/wp-json\/wp\/v2\/pages"}],"about":[{"href":"https:\/\/sumlodolcampingpark.com\/es\/wp-json\/wp\/v2\/types\/page"}],"author":[{"embeddable":true,"href":"https:\/\/sumlodolcampingpark.com\/es\/wp-json\/wp\/v2\/users\/1"}],"replies":[{"embeddable":true,"href":"https:\/\/sumlodolcampingpark.com\/es\/wp-json\/wp\/v2\/comments?post=2106"}],"version-history":[{"count":0,"href":"https:\/\/sumlodolcampingpark.com\/es\/wp-json\/wp\/v2\/pages\/2106\/revisions"}],"wp:attachment":[{"href":"https:\/\/sumlodolcampingpark.com\/es\/wp-json\/wp\/v2\/media?parent=2106"}],"curies":[{"name":"wp","href":"https:\/\/api.w.org\/{rel}","templated":true}]}}