{"id":2103,"date":"2021-03-23T04:33:54","date_gmt":"2021-03-23T04:33:54","guid":{"rendered":"http:\/\/localhost\/nuss\/?page_id=103"},"modified":"2026-04-04T08:38:35","modified_gmt":"2026-04-04T08:38:35","slug":"about-us","status":"publish","type":"page","link":"https:\/\/sumlodolcampingpark.com\/es\/about-us\/","title":{"rendered":"Sobre nosotros"},"content":{"rendered":"<div data-elementor-type=\"wp-page\" data-elementor-id=\"2103\" class=\"elementor elementor-2103\">\n\t\t\t\t\t\t<section class=\"elementor-section elementor-top-section elementor-element elementor-element-8f5bb9d elementor-section-boxed elementor-section-gap-beside-yes elementor-section-height-default elementor-section-height-default elementor-section-column-vertical-align-stretch\" data-id=\"8f5bb9d\" data-element_type=\"section\" data-e-type=\"section\">\n\t\t\t\t\t\t<div class=\"elementor-container elementor-column-gap-extended\">\n\t\t\t\t\t<div class=\"elementor-column elementor-col-100 elementor-top-column elementor-element elementor-element-7ec4215\" data-id=\"7ec4215\" data-element_type=\"column\" data-e-type=\"column\">\n\t\t\t<div class=\"elementor-widget-wrap elementor-element-populated\">\n\t\t\t\t\t\t<div class=\"elementor-element elementor-element-edd9d03 elementor-widget__width-initial elementor-invisible elementor-widget elementor-widget-text-editor\" data-id=\"edd9d03\" data-element_type=\"widget\" data-e-type=\"widget\" data-settings=\"{&quot;_animation&quot;:&quot;nussFadeInUp&quot;}\" data-widget_type=\"text-editor.default\">\n\t\t\t\t\t\t\t\t\t<p class=\"qwen-markdown-heading\"><span class=\"qwen-markdown-text\" data-spm-anchor-id=\"a2ty_o01.29997173.0.i20.578051710XUOvK\">Descubre el parque de acampada Hengqin Sumlodol: la mejor experiencia de resort en plena naturaleza de Zhuhai.<\/span><\/p>\t\t\t\t\t\t\t\t<\/div>\n\t\t\t\t\t<\/div>\n\t\t<\/div>\n\t\t\t\t\t<\/div>\n\t\t<\/section>\n\t\t\t\t<section class=\"elementor-section elementor-top-section elementor-element elementor-element-22f368b elementor-section-boxed elementor-section-gap-beside-yes elementor-section-height-default elementor-section-height-default elementor-section-column-vertical-align-stretch\" data-id=\"22f368b\" data-element_type=\"section\" data-e-type=\"section\">\n\t\t\t\t\t\t<div class=\"elementor-container elementor-column-gap-extended\">\n\t\t\t\t\t<div class=\"elementor-column elementor-col-50 elementor-top-column elementor-element elementor-element-cd50ecf\" data-id=\"cd50ecf\" data-element_type=\"column\" data-e-type=\"column\">\n\t\t\t<div class=\"elementor-widget-wrap elementor-element-populated\">\n\t\t\t\t\t\t<div class=\"elementor-element elementor-element-e8c92e2 elementor-invisible elementor-widget elementor-widget-text-editor\" data-id=\"e8c92e2\" data-element_type=\"widget\" data-e-type=\"widget\" data-settings=\"{&quot;_animation&quot;:&quot;nussFadeInUp&quot;}\" data-widget_type=\"text-editor.default\">\n\t\t\t\t\t\t\t\t\t<p><span class=\"qwen-markdown-text\">Ubicado a lo largo de la pintoresca carretera Hengqin Huandao Norte en el vibrante distrito de Xiangzhou de Zhuhai, <\/span><strong class=\"qwen-markdown-strong\"><span class=\"qwen-markdown-text\">Parque de acampada Hengqin Sumlodol<\/span><\/strong><span class=\"qwen-markdown-text\" data-spm-anchor-id=\"a2ty_o01.29997173.0.i21.578051710XUOvK\"> Este complejo redefine la hospitalidad de lujo al aire libre al combinar a la perfecci\u00f3n aventuras de acampada inmersivas con el confort de un hotel de cinco estrellas. Como destino innovador de Guangdong que combina &quot;autoconducci\u00f3n + acampada + para\u00edso&quot;, este galardonado resort invita a los viajeros a escapar de la vida urbana sin renunciar a la comodidad, ofreciendo un santuario cuidadosamente dise\u00f1ado donde familias, parejas y grupos corporativos crean recuerdos inolvidables en medio de exuberantes paisajes y cielos estrellados.<\/span><\/p>\t\t\t\t\t\t\t\t<\/div>\n\t\t\t\t\t<\/div>\n\t\t<\/div>\n\t\t\t\t<div class=\"elementor-column elementor-col-50 elementor-top-column elementor-element elementor-element-414be75\" data-id=\"414be75\" data-element_type=\"column\" data-e-type=\"column\">\n\t\t\t<div class=\"elementor-widget-wrap elementor-element-populated\">\n\t\t\t\t\t\t<div class=\"elementor-element elementor-element-08a0728 elementor-widget elementor-widget-image\" data-id=\"08a0728\" data-element_type=\"widget\" data-e-type=\"widget\" data-widget_type=\"image.default\">\n\t\t\t\t\t\t\t\t\t\t\t\t\t\t\t<img fetchpriority=\"high\" decoding=\"async\" width=\"1024\" height=\"682\" src=\"https:\/\/sumlodolcampingpark.com\/wp-content\/uploads\/2026\/04\/Hengqin-Sumlodol-Camping-Park-44-1024x682.webp\" class=\"attachment-large size-large wp-image-5714\" alt=\"\" srcset=\"https:\/\/sumlodolcampingpark.com\/wp-content\/uploads\/2026\/04\/Hengqin-Sumlodol-Camping-Park-44-1024x682.webp 1024w, https:\/\/sumlodolcampingpark.com\/wp-content\/uploads\/2026\/04\/Hengqin-Sumlodol-Camping-Park-44-300x200.webp 300w, https:\/\/sumlodolcampingpark.com\/wp-content\/uploads\/2026\/04\/Hengqin-Sumlodol-Camping-Park-44-768x512.webp 768w, https:\/\/sumlodolcampingpark.com\/wp-content\/uploads\/2026\/04\/Hengqin-Sumlodol-Camping-Park-44.webp 1280w\" sizes=\"(max-width: 1024px) 100vw, 1024px\" \/>\t\t\t\t\t\t\t\t\t\t\t\t\t\t\t<\/div>\n\t\t\t\t\t<\/div>\n\t\t<\/div>\n\t\t\t\t\t<\/div>\n\t\t<\/section>\n\t\t\t\t<section class=\"elementor-section elementor-top-section elementor-element elementor-element-2393bc4 elementor-section-height-min-height elementor-section-stretched elementor-section-full_width elementor-section-items-stretch elementor-section-height-default elementor-section-column-vertical-align-stretch\" data-id=\"2393bc4\" data-element_type=\"section\" data-e-type=\"section\" data-settings=\"{&quot;stretch_section&quot;:&quot;section-stretched&quot;}\">\n\t\t\t\t\t\t<div class=\"elementor-container elementor-column-gap-no\">\n\t\t\t\t\t<div class=\"elementor-column elementor-col-50 elementor-top-column elementor-element elementor-element-41b487e\" data-id=\"41b487e\" data-element_type=\"column\" data-e-type=\"column\">\n\t\t\t<div class=\"elementor-widget-wrap elementor-element-populated\">\n\t\t\t\t\t\t<div class=\"elementor-element elementor-element-97ea2a5 elementor-widget elementor-widget-image\" data-id=\"97ea2a5\" data-element_type=\"widget\" data-e-type=\"widget\" data-widget_type=\"image.default\">\n\t\t\t\t\t\t\t\t\t\t\t\t\t\t\t<img decoding=\"async\" width=\"1024\" height=\"682\" src=\"https:\/\/sumlodolcampingpark.com\/wp-content\/uploads\/2026\/04\/Hengqin-Sumlodol-Camping-Park-19-1024x682.webp\" class=\"attachment-large size-large wp-image-5689\" alt=\"\" srcset=\"https:\/\/sumlodolcampingpark.com\/wp-content\/uploads\/2026\/04\/Hengqin-Sumlodol-Camping-Park-19-1024x682.webp 1024w, https:\/\/sumlodolcampingpark.com\/wp-content\/uploads\/2026\/04\/Hengqin-Sumlodol-Camping-Park-19-300x200.webp 300w, https:\/\/sumlodolcampingpark.com\/wp-content\/uploads\/2026\/04\/Hengqin-Sumlodol-Camping-Park-19-768x512.webp 768w, https:\/\/sumlodolcampingpark.com\/wp-content\/uploads\/2026\/04\/Hengqin-Sumlodol-Camping-Park-19.webp 1280w\" sizes=\"(max-width: 1024px) 100vw, 1024px\" \/>\t\t\t\t\t\t\t\t\t\t\t\t\t\t\t<\/div>\n\t\t\t\t\t<\/div>\n\t\t<\/div>\n\t\t\t\t<div class=\"elementor-column elementor-col-50 elementor-top-column elementor-element elementor-element-281747b\" data-id=\"281747b\" data-element_type=\"column\" data-e-type=\"column\">\n\t\t\t<div class=\"elementor-widget-wrap elementor-element-populated\">\n\t\t\t\t\t\t<div class=\"elementor-element elementor-element-2ba7908 elementor-invisible elementor-widget elementor-widget-text-editor\" data-id=\"2ba7908\" data-element_type=\"widget\" data-e-type=\"widget\" data-settings=\"{&quot;_animation&quot;:&quot;nussFadeInUp&quot;}\" data-widget_type=\"text-editor.default\">\n\t\t\t\t\t\t\t\t\t<p><span class=\"qwen-markdown-text\">El alojamiento en Sumlodol Camping Park se adapta a todas las preferencias y tama\u00f1os de grupo. Elija entre encantadores <\/span><strong class=\"qwen-markdown-strong\"><span class=\"qwen-markdown-text\">Autocaravanas Starry Sky<\/span><\/strong><span class=\"qwen-markdown-text\"> con tragaluces panor\u00e1micos para contemplar el firmamento, espacioso <\/span><strong class=\"qwen-markdown-strong\"><span class=\"qwen-markdown-text\">Caba\u00f1as de 1 dormitorio<\/span><\/strong><span class=\"qwen-markdown-text\"> con patios privados perfectos para barbacoas al atardecer, caprichosos <\/span><strong class=\"qwen-markdown-strong\"><span class=\"qwen-markdown-text\">Contenedores familiares<\/span><\/strong><span class=\"qwen-markdown-text\"> con habitaciones dedicadas a los ni\u00f1os o serenos <\/span><strong class=\"qwen-markdown-strong\"><span class=\"qwen-markdown-text\">Pabell\u00f3n Qinfan con vistas al lago<\/span><\/strong><span class=\"qwen-markdown-text\"> Suites dise\u00f1adas para la tranquilidad. Cada unidad est\u00e1 cuidadosamente equipada con ropa de cama de primera calidad, climatizaci\u00f3n moderna, wifi de alta velocidad gratuito y una decoraci\u00f3n elegante que armoniza el encanto r\u00fastico con las comodidades contempor\u00e1neas, garantizando noches de descanso reparador tras d\u00edas de exploraci\u00f3n.<\/span><\/p>\t\t\t\t\t\t\t\t<\/div>\n\t\t\t\t\t<\/div>\n\t\t<\/div>\n\t\t\t\t\t<\/div>\n\t\t<\/section>\n\t\t\t\t<section class=\"elementor-section elementor-top-section elementor-element elementor-element-d811d9d elementor-section-height-min-height elementor-section-stretched elementor-section-full_width elementor-section-items-stretch elementor-section-height-default elementor-section-column-vertical-align-stretch\" data-id=\"d811d9d\" data-element_type=\"section\" data-e-type=\"section\" data-settings=\"{&quot;stretch_section&quot;:&quot;section-stretched&quot;}\">\n\t\t\t\t\t\t<div class=\"elementor-container elementor-column-gap-no\">\n\t\t\t\t\t<div class=\"elementor-column elementor-col-50 elementor-top-column elementor-element elementor-element-b484a83\" data-id=\"b484a83\" data-element_type=\"column\" data-e-type=\"column\">\n\t\t\t<div class=\"elementor-widget-wrap elementor-element-populated\">\n\t\t\t\t\t\t<div class=\"elementor-element elementor-element-3cc5ad9 elementor-invisible elementor-widget elementor-widget-text-editor\" data-id=\"3cc5ad9\" data-element_type=\"widget\" data-e-type=\"widget\" data-settings=\"{&quot;_animation&quot;:&quot;nussFadeInUp&quot;}\" data-widget_type=\"text-editor.default\">\n\t\t\t\t\t\t\t\t\t<p><span class=\"qwen-markdown-text\">La joya de la corona del complejo es el adyacente <\/span><strong class=\"qwen-markdown-strong\"><span class=\"qwen-markdown-text\">Mundo sin energ\u00eda de Xingqita<\/span><\/strong><span class=\"qwen-markdown-text\">, El parque de aventuras sin electricidad m\u00e1s grande de Asia, con 65.000 metros cuadrados. Las familias se divierten en doce zonas tem\u00e1ticas, incluyendo el fascinante Laberinto de las Profundidades Marinas, imponentes redes para escalar, emocionantes tirolinas, estructuras de juego con tem\u00e1tica pirata y reliquias interactivas en el arenero. Ni\u00f1os de todas las edades disfrutan de juegos seguros e imaginativos mientras los padres se relajan cerca, creando momentos inolvidables de conexi\u00f3n y alegr\u00eda. Para el entretenimiento nocturno, re\u00fananse alrededor de las fogatas privadas en el patio para asar malvaviscos, \u00fananse a animadas fiestas alrededor de la fogata o saboreen la aut\u00e9ntica cocina cantonesa y el congee especial en el restaurante Xinglv, donde el servicio de desayuno se extiende hasta las 14:00 para que disfruten de ma\u00f1anas tranquilas.<\/span><\/p>\t\t\t\t\t\t\t\t<\/div>\n\t\t\t\t\t<\/div>\n\t\t<\/div>\n\t\t\t\t<div class=\"elementor-column elementor-col-50 elementor-top-column elementor-element elementor-element-4e60e52\" data-id=\"4e60e52\" data-element_type=\"column\" data-e-type=\"column\">\n\t\t\t<div class=\"elementor-widget-wrap elementor-element-populated\">\n\t\t\t\t\t\t<div class=\"elementor-element elementor-element-66d4d5e elementor-widget elementor-widget-image\" data-id=\"66d4d5e\" data-element_type=\"widget\" data-e-type=\"widget\" data-widget_type=\"image.default\">\n\t\t\t\t\t\t\t\t\t\t\t\t\t\t\t<img decoding=\"async\" width=\"1024\" height=\"682\" src=\"https:\/\/sumlodolcampingpark.com\/wp-content\/uploads\/2026\/04\/Hengqin-Sumlodol-Camping-Park-35-1024x682.webp\" class=\"attachment-large size-large wp-image-5705\" alt=\"\" srcset=\"https:\/\/sumlodolcampingpark.com\/wp-content\/uploads\/2026\/04\/Hengqin-Sumlodol-Camping-Park-35-1024x682.webp 1024w, https:\/\/sumlodolcampingpark.com\/wp-content\/uploads\/2026\/04\/Hengqin-Sumlodol-Camping-Park-35-300x200.webp 300w, https:\/\/sumlodolcampingpark.com\/wp-content\/uploads\/2026\/04\/Hengqin-Sumlodol-Camping-Park-35-768x512.webp 768w, https:\/\/sumlodolcampingpark.com\/wp-content\/uploads\/2026\/04\/Hengqin-Sumlodol-Camping-Park-35.webp 1280w\" sizes=\"(max-width: 1024px) 100vw, 1024px\" \/>\t\t\t\t\t\t\t\t\t\t\t\t\t\t\t<\/div>\n\t\t\t\t\t<\/div>\n\t\t<\/div>\n\t\t\t\t\t<\/div>\n\t\t<\/section>\n\t\t\t\t<section class=\"elementor-section elementor-top-section elementor-element elementor-element-85b8b94 elementor-section-height-min-height elementor-section-stretched elementor-section-full_width elementor-section-items-stretch elementor-section-height-default elementor-section-column-vertical-align-stretch\" data-id=\"85b8b94\" data-element_type=\"section\" data-e-type=\"section\" data-settings=\"{&quot;stretch_section&quot;:&quot;section-stretched&quot;}\">\n\t\t\t\t\t\t<div class=\"elementor-container elementor-column-gap-no\">\n\t\t\t\t\t<div class=\"elementor-column elementor-col-50 elementor-top-column elementor-element elementor-element-303d617\" data-id=\"303d617\" data-element_type=\"column\" data-e-type=\"column\">\n\t\t\t<div class=\"elementor-widget-wrap elementor-element-populated\">\n\t\t\t\t\t\t<div class=\"elementor-element elementor-element-86d4fd5 elementor-widget elementor-widget-image\" data-id=\"86d4fd5\" data-element_type=\"widget\" data-e-type=\"widget\" data-widget_type=\"image.default\">\n\t\t\t\t\t\t\t\t\t\t\t\t\t\t\t<img loading=\"lazy\" decoding=\"async\" width=\"1024\" height=\"682\" src=\"https:\/\/sumlodolcampingpark.com\/wp-content\/uploads\/2026\/04\/business-facilities-9-1024x682.webp\" class=\"attachment-large size-large wp-image-5804\" alt=\"\" srcset=\"https:\/\/sumlodolcampingpark.com\/wp-content\/uploads\/2026\/04\/business-facilities-9-1024x682.webp 1024w, https:\/\/sumlodolcampingpark.com\/wp-content\/uploads\/2026\/04\/business-facilities-9-300x200.webp 300w, https:\/\/sumlodolcampingpark.com\/wp-content\/uploads\/2026\/04\/business-facilities-9-768x512.webp 768w, https:\/\/sumlodolcampingpark.com\/wp-content\/uploads\/2026\/04\/business-facilities-9.webp 1280w\" sizes=\"(max-width: 1024px) 100vw, 1024px\" \/>\t\t\t\t\t\t\t\t\t\t\t\t\t\t\t<\/div>\n\t\t\t\t\t<\/div>\n\t\t<\/div>\n\t\t\t\t<div class=\"elementor-column elementor-col-50 elementor-top-column elementor-element elementor-element-89778f5\" data-id=\"89778f5\" data-element_type=\"column\" data-e-type=\"column\">\n\t\t\t<div class=\"elementor-widget-wrap elementor-element-populated\">\n\t\t\t\t\t\t<div class=\"elementor-element elementor-element-3d17902 elementor-invisible elementor-widget elementor-widget-text-editor\" data-id=\"3d17902\" data-element_type=\"widget\" data-e-type=\"widget\" data-settings=\"{&quot;_animation&quot;:&quot;nussFadeInUp&quot;}\" data-widget_type=\"text-editor.default\">\n\t\t\t\t\t\t\t\t\t<p><span class=\"qwen-markdown-text\">Los viajeros de negocios y los organizadores de eventos descubren una alternativa refrescante a los espacios de conferencias convencionales. Nuestras vers\u00e1tiles instalaciones <\/span><strong class=\"qwen-markdown-strong\"><span class=\"qwen-markdown-text\">espacios para eventos multifuncionales<\/span><\/strong><span class=\"qwen-markdown-text\"> Las salas de conferencias exclusivas, con servicios de secretar\u00eda profesional y conexi\u00f3n a internet fiable, ofrecen un entorno inspirador para sesiones de estrategia, retiros de trabajo en equipo o reuniones corporativas \u00edntimas. Imag\u00ednese sesiones de lluvia de ideas con vistas a un lago sereno, seguidas de desaf\u00edos colaborativos en el parque de aventuras y cenas de celebraci\u00f3n bajo las estrellas: una f\u00f3rmula que potencia la creatividad, la moral y los resultados.<\/span><\/p>\t\t\t\t\t\t\t\t<\/div>\n\t\t\t\t\t<\/div>\n\t\t<\/div>\n\t\t\t\t\t<\/div>\n\t\t<\/section>\n\t\t\t\t<section class=\"elementor-section elementor-top-section elementor-element elementor-element-2b9162a elementor-section-height-min-height elementor-section-stretched elementor-section-full_width elementor-section-items-stretch elementor-section-height-default elementor-section-column-vertical-align-stretch\" data-id=\"2b9162a\" data-element_type=\"section\" data-e-type=\"section\" data-settings=\"{&quot;stretch_section&quot;:&quot;section-stretched&quot;}\">\n\t\t\t\t\t\t<div class=\"elementor-container elementor-column-gap-no\">\n\t\t\t\t\t<div class=\"elementor-column elementor-col-50 elementor-top-column elementor-element elementor-element-b96241f\" data-id=\"b96241f\" data-element_type=\"column\" data-e-type=\"column\">\n\t\t\t<div class=\"elementor-widget-wrap elementor-element-populated\">\n\t\t\t\t\t\t<div class=\"elementor-element elementor-element-f9ab13d elementor-invisible elementor-widget elementor-widget-text-editor\" data-id=\"f9ab13d\" data-element_type=\"widget\" data-e-type=\"widget\" data-settings=\"{&quot;_animation&quot;:&quot;nussFadeInUp&quot;}\" data-widget_type=\"text-editor.default\">\n\t\t\t\t\t\t\t\t\t<p><span class=\"qwen-markdown-text\">La comodidad define la experiencia Sumlodol. Disfrute de estacionamiento gratuito con estaciones de carga para veh\u00edculos el\u00e9ctricos, recepci\u00f3n 24 horas, registro de entrada y salida expr\u00e9s, consigna de equipaje y reserva de taxis sin complicaciones. La excelente ubicaci\u00f3n del resort en la isla de Hengqin lo sit\u00faa a pocos minutos de atracciones de primer nivel. <\/span><a href=\"https:\/\/chimelongoceankingdom.com\/\" target=\"_blank\" rel=\"noopener\"><strong class=\"qwen-markdown-strong\"><span class=\"qwen-markdown-text\">Reino Oce\u00e1nico de Zhuhai Chimelong<\/span><\/strong><\/a><span class=\"qwen-markdown-text\"> (7 kil\u00f3metros), <a href=\"https:\/\/chimelongspaceshiphotel.com\/\" target=\"_blank\" rel=\"noopener\">Nave espacial Chimelong<\/a>, Descubra los lugares emblem\u00e1ticos de Macao a trav\u00e9s del Puente del Loto y los senderos panor\u00e1micos de Hengqin. Ya sea que llegue en coche, en tren desde la estaci\u00f3n de tren de Zhuhai (12 km) o a trav\u00e9s del Aeropuerto Internacional de Macao (10 km), su viaje hacia la relajaci\u00f3n comienza en el momento de su llegada.<\/span><\/p>\t\t\t\t\t\t\t\t<\/div>\n\t\t\t\t\t<\/div>\n\t\t<\/div>\n\t\t\t\t<div class=\"elementor-column elementor-col-50 elementor-top-column elementor-element elementor-element-2b0dfbc\" data-id=\"2b0dfbc\" data-element_type=\"column\" data-e-type=\"column\">\n\t\t\t<div class=\"elementor-widget-wrap elementor-element-populated\">\n\t\t\t\t\t\t<div class=\"elementor-element elementor-element-47467ed elementor-widget elementor-widget-image\" data-id=\"47467ed\" data-element_type=\"widget\" data-e-type=\"widget\" data-widget_type=\"image.default\">\n\t\t\t\t\t\t\t\t\t\t\t\t\t\t\t<img loading=\"lazy\" decoding=\"async\" width=\"639\" height=\"853\" src=\"https:\/\/sumlodolcampingpark.com\/wp-content\/uploads\/2026\/04\/Hengqin-Sumlodol-Camping-Park-57.webp\" class=\"attachment-large size-large wp-image-5728\" alt=\"\" srcset=\"https:\/\/sumlodolcampingpark.com\/wp-content\/uploads\/2026\/04\/Hengqin-Sumlodol-Camping-Park-57.webp 639w, https:\/\/sumlodolcampingpark.com\/wp-content\/uploads\/2026\/04\/Hengqin-Sumlodol-Camping-Park-57-225x300.webp 225w\" sizes=\"(max-width: 639px) 100vw, 639px\" \/>\t\t\t\t\t\t\t\t\t\t\t\t\t\t\t<\/div>\n\t\t\t\t\t<\/div>\n\t\t<\/div>\n\t\t\t\t\t<\/div>\n\t\t<\/section>\n\t\t<div class=\"elementor-element elementor-element-f876359 e-flex e-con-boxed e-con e-parent\" data-id=\"f876359\" data-element_type=\"container\" data-e-type=\"container\">\n\t\t\t\t\t<div class=\"e-con-inner\">\n\t\t\t\t<div class=\"elementor-element elementor-element-d8d7694 elementor-widget elementor-widget-text-editor\" data-id=\"d8d7694\" data-element_type=\"widget\" data-e-type=\"widget\" data-widget_type=\"text-editor.default\">\n\t\t\t\t\t\t\t\t\t<div class=\"qwen-markdown-paragraph\" data-spm-anchor-id=\"a2ty_o01.29997173.0.i25.578051710XUOvK\"><span class=\"qwen-markdown-text\">En Hengqin Sumlodol Camping Park, creemos que viajar debe revitalizar el alma. Nuestro servicio &quot;Paradise Butler&quot; se anticipa a sus necesidades, mientras que nuestro dise\u00f1o ecol\u00f3gico preserva la belleza natural que le rodea. Desde yoga al amanecer en su terraza privada hasta aventuras para observar las estrellas, desde risas en familia en el parque infantil hasta reuniones productivas en la sala de juntas de la naturaleza, cada detalle est\u00e1 pensado para ofrecerle autenticidad, comodidad y asombro.<\/span><\/div><div class=\"qwen-markdown-space\">\u00a0<\/div><div class=\"qwen-markdown-paragraph\"><strong class=\"qwen-markdown-strong\"><span class=\"qwen-markdown-text\">Reserva tu escapada hoy mismo.<\/span><\/strong><span class=\"qwen-markdown-text\"> Descubra por qu\u00e9 Sumlodol Camping Park es uno de los alojamientos m\u00e1s singulares de Zhuhai. Ya sea que busque una aventura en familia, una escapada rom\u00e1ntica, inspiraci\u00f3n para su negocio o un descanso en solitario, su refugio perfecto al aire libre le espera en el n\u00famero 108 de la calle Hengqin Huandao Norte, donde cada estancia se convierte en una historia inolvidable.<\/span><\/div>\t\t\t\t\t\t\t\t<\/div>\n\t\t\t\t\t<\/div>\n\t\t\t\t<\/div>\n\t\t\t\t<\/div>","protected":false},"excerpt":{"rendered":"<p>Discover Hengqin Sumlodol Camping Park: Zhuhai&#8217;s Premier Nature-Integrated Resort Experience Nestled along the scenic Hengqin Huandao North Road in Zhuhai&#8217;s vibrant Xiangzhou District, Hengqin Sumlodol Camping Park redefines luxury outdoor hospitality by seamlessly blending immersive camping adventures with five-star comfort. As Guangdong&#8217;s innovative &#8220;self-driving + camping + paradise&#8221; destination, this award-winning resort invites travelers to [&hellip;]<\/p>\n","protected":false},"author":1,"featured_media":0,"parent":0,"menu_order":0,"comment_status":"closed","ping_status":"closed","template":"elementor_header_footer","meta":{"footnotes":""},"class_list":["post-2103","page","type-page","status-publish","hentry","post-no-thumbnail"],"_links":{"self":[{"href":"https:\/\/sumlodolcampingpark.com\/es\/wp-json\/wp\/v2\/pages\/2103","targetHints":{"allow":["GET"]}}],"collection":[{"href":"https:\/\/sumlodolcampingpark.com\/es\/wp-json\/wp\/v2\/pages"}],"about":[{"href":"https:\/\/sumlodolcampingpark.com\/es\/wp-json\/wp\/v2\/types\/page"}],"author":[{"embeddable":true,"href":"https:\/\/sumlodolcampingpark.com\/es\/wp-json\/wp\/v2\/users\/1"}],"replies":[{"embeddable":true,"href":"https:\/\/sumlodolcampingpark.com\/es\/wp-json\/wp\/v2\/comments?post=2103"}],"version-history":[{"count":0,"href":"https:\/\/sumlodolcampingpark.com\/es\/wp-json\/wp\/v2\/pages\/2103\/revisions"}],"wp:attachment":[{"href":"https:\/\/sumlodolcampingpark.com\/es\/wp-json\/wp\/v2\/media?parent=2103"}],"curies":[{"name":"wp","href":"https:\/\/api.w.org\/{rel}","templated":true}]}}