{"id":2103,"date":"2021-03-23T04:33:54","date_gmt":"2021-03-23T04:33:54","guid":{"rendered":"http:\/\/localhost\/nuss\/?page_id=103"},"modified":"2026-04-04T08:38:35","modified_gmt":"2026-04-04T08:38:35","slug":"about-us","status":"publish","type":"page","link":"https:\/\/sumlodolcampingpark.com\/de\/about-us\/","title":{"rendered":"\u00dcber uns"},"content":{"rendered":"<div data-elementor-type=\"wp-page\" data-elementor-id=\"2103\" class=\"elementor elementor-2103\">\n\t\t\t\t\t\t<section class=\"elementor-section elementor-top-section elementor-element elementor-element-8f5bb9d elementor-section-boxed elementor-section-gap-beside-yes elementor-section-height-default elementor-section-height-default elementor-section-column-vertical-align-stretch\" data-id=\"8f5bb9d\" data-element_type=\"section\" data-e-type=\"section\">\n\t\t\t\t\t\t<div class=\"elementor-container elementor-column-gap-extended\">\n\t\t\t\t\t<div class=\"elementor-column elementor-col-100 elementor-top-column elementor-element elementor-element-7ec4215\" data-id=\"7ec4215\" data-element_type=\"column\" data-e-type=\"column\">\n\t\t\t<div class=\"elementor-widget-wrap elementor-element-populated\">\n\t\t\t\t\t\t<div class=\"elementor-element elementor-element-edd9d03 elementor-widget__width-initial elementor-invisible elementor-widget elementor-widget-text-editor\" data-id=\"edd9d03\" data-element_type=\"widget\" data-e-type=\"widget\" data-settings=\"{&quot;_animation&quot;:&quot;nussFadeInUp&quot;}\" data-widget_type=\"text-editor.default\">\n\t\t\t\t\t\t\t\t\t<p class=\"qwen-markdown-heading\"><span class=\"qwen-markdown-text\" data-spm-anchor-id=\"a2ty_o01.29997173.0.i20.578051710XUOvK\">Entdecken Sie den Hengqin Sumlodol Camping Park: Zhuhais erstklassiges Natur-Resort-Erlebnis<\/span><\/p>\t\t\t\t\t\t\t\t<\/div>\n\t\t\t\t\t<\/div>\n\t\t<\/div>\n\t\t\t\t\t<\/div>\n\t\t<\/section>\n\t\t\t\t<section class=\"elementor-section elementor-top-section elementor-element elementor-element-22f368b elementor-section-boxed elementor-section-gap-beside-yes elementor-section-height-default elementor-section-height-default elementor-section-column-vertical-align-stretch\" data-id=\"22f368b\" data-element_type=\"section\" data-e-type=\"section\">\n\t\t\t\t\t\t<div class=\"elementor-container elementor-column-gap-extended\">\n\t\t\t\t\t<div class=\"elementor-column elementor-col-50 elementor-top-column elementor-element elementor-element-cd50ecf\" data-id=\"cd50ecf\" data-element_type=\"column\" data-e-type=\"column\">\n\t\t\t<div class=\"elementor-widget-wrap elementor-element-populated\">\n\t\t\t\t\t\t<div class=\"elementor-element elementor-element-e8c92e2 elementor-invisible elementor-widget elementor-widget-text-editor\" data-id=\"e8c92e2\" data-element_type=\"widget\" data-e-type=\"widget\" data-settings=\"{&quot;_animation&quot;:&quot;nussFadeInUp&quot;}\" data-widget_type=\"text-editor.default\">\n\t\t\t\t\t\t\t\t\t<p><span class=\"qwen-markdown-text\">Eingebettet in die malerische Hengqin Huandao North Road im pulsierenden Xiangzhou-Bezirk von Zhuhai, <\/span><strong class=\"qwen-markdown-strong\"><span class=\"qwen-markdown-text\">Hengqin Sumlodol Campingpark<\/span><\/strong><span class=\"qwen-markdown-text\" data-spm-anchor-id=\"a2ty_o01.29997173.0.i21.578051710XUOvK\"> Dieses Resort definiert luxuri\u00f6se Outdoor-Gastfreundschaft neu, indem es unvergessliche Campingabenteuer mit F\u00fcnf-Sterne-Komfort verbindet. Als innovatives Reiseziel in Guangdong, das Selbstfahren, Camping und Paradies vereint, l\u00e4dt dieses preisgekr\u00f6nte Resort Reisende ein, dem Stadtleben zu entfliehen, ohne auf Komfort verzichten zu m\u00fcssen. Es bietet eine sorgf\u00e4ltig gestaltete Oase, in der Familien, Paare und Firmengruppen inmitten \u00fcppiger Landschaften und unter sternenklarem Himmel unvergessliche Erinnerungen schaffen.<\/span><\/p>\t\t\t\t\t\t\t\t<\/div>\n\t\t\t\t\t<\/div>\n\t\t<\/div>\n\t\t\t\t<div class=\"elementor-column elementor-col-50 elementor-top-column elementor-element elementor-element-414be75\" data-id=\"414be75\" data-element_type=\"column\" data-e-type=\"column\">\n\t\t\t<div class=\"elementor-widget-wrap elementor-element-populated\">\n\t\t\t\t\t\t<div class=\"elementor-element elementor-element-08a0728 elementor-widget elementor-widget-image\" data-id=\"08a0728\" data-element_type=\"widget\" data-e-type=\"widget\" data-widget_type=\"image.default\">\n\t\t\t\t\t\t\t\t\t\t\t\t\t\t\t<img fetchpriority=\"high\" decoding=\"async\" width=\"1024\" height=\"682\" src=\"https:\/\/sumlodolcampingpark.com\/wp-content\/uploads\/2026\/04\/Hengqin-Sumlodol-Camping-Park-44-1024x682.webp\" class=\"attachment-large size-large wp-image-5714\" alt=\"\" srcset=\"https:\/\/sumlodolcampingpark.com\/wp-content\/uploads\/2026\/04\/Hengqin-Sumlodol-Camping-Park-44-1024x682.webp 1024w, https:\/\/sumlodolcampingpark.com\/wp-content\/uploads\/2026\/04\/Hengqin-Sumlodol-Camping-Park-44-300x200.webp 300w, https:\/\/sumlodolcampingpark.com\/wp-content\/uploads\/2026\/04\/Hengqin-Sumlodol-Camping-Park-44-768x512.webp 768w, https:\/\/sumlodolcampingpark.com\/wp-content\/uploads\/2026\/04\/Hengqin-Sumlodol-Camping-Park-44.webp 1280w\" sizes=\"(max-width: 1024px) 100vw, 1024px\" \/>\t\t\t\t\t\t\t\t\t\t\t\t\t\t\t<\/div>\n\t\t\t\t\t<\/div>\n\t\t<\/div>\n\t\t\t\t\t<\/div>\n\t\t<\/section>\n\t\t\t\t<section class=\"elementor-section elementor-top-section elementor-element elementor-element-2393bc4 elementor-section-height-min-height elementor-section-stretched elementor-section-full_width elementor-section-items-stretch elementor-section-height-default elementor-section-column-vertical-align-stretch\" data-id=\"2393bc4\" data-element_type=\"section\" data-e-type=\"section\" data-settings=\"{&quot;stretch_section&quot;:&quot;section-stretched&quot;}\">\n\t\t\t\t\t\t<div class=\"elementor-container elementor-column-gap-no\">\n\t\t\t\t\t<div class=\"elementor-column elementor-col-50 elementor-top-column elementor-element elementor-element-41b487e\" data-id=\"41b487e\" data-element_type=\"column\" data-e-type=\"column\">\n\t\t\t<div class=\"elementor-widget-wrap elementor-element-populated\">\n\t\t\t\t\t\t<div class=\"elementor-element elementor-element-97ea2a5 elementor-widget elementor-widget-image\" data-id=\"97ea2a5\" data-element_type=\"widget\" data-e-type=\"widget\" data-widget_type=\"image.default\">\n\t\t\t\t\t\t\t\t\t\t\t\t\t\t\t<img decoding=\"async\" width=\"1024\" height=\"682\" src=\"https:\/\/sumlodolcampingpark.com\/wp-content\/uploads\/2026\/04\/Hengqin-Sumlodol-Camping-Park-19-1024x682.webp\" class=\"attachment-large size-large wp-image-5689\" alt=\"\" srcset=\"https:\/\/sumlodolcampingpark.com\/wp-content\/uploads\/2026\/04\/Hengqin-Sumlodol-Camping-Park-19-1024x682.webp 1024w, https:\/\/sumlodolcampingpark.com\/wp-content\/uploads\/2026\/04\/Hengqin-Sumlodol-Camping-Park-19-300x200.webp 300w, https:\/\/sumlodolcampingpark.com\/wp-content\/uploads\/2026\/04\/Hengqin-Sumlodol-Camping-Park-19-768x512.webp 768w, https:\/\/sumlodolcampingpark.com\/wp-content\/uploads\/2026\/04\/Hengqin-Sumlodol-Camping-Park-19.webp 1280w\" sizes=\"(max-width: 1024px) 100vw, 1024px\" \/>\t\t\t\t\t\t\t\t\t\t\t\t\t\t\t<\/div>\n\t\t\t\t\t<\/div>\n\t\t<\/div>\n\t\t\t\t<div class=\"elementor-column elementor-col-50 elementor-top-column elementor-element elementor-element-281747b\" data-id=\"281747b\" data-element_type=\"column\" data-e-type=\"column\">\n\t\t\t<div class=\"elementor-widget-wrap elementor-element-populated\">\n\t\t\t\t\t\t<div class=\"elementor-element elementor-element-2ba7908 elementor-invisible elementor-widget elementor-widget-text-editor\" data-id=\"2ba7908\" data-element_type=\"widget\" data-e-type=\"widget\" data-settings=\"{&quot;_animation&quot;:&quot;nussFadeInUp&quot;}\" data-widget_type=\"text-editor.default\">\n\t\t\t\t\t\t\t\t\t<p><span class=\"qwen-markdown-text\">Die Unterk\u00fcnfte im Sumlodol Camping Park bieten f\u00fcr jeden Geschmack und jede Gruppengr\u00f6\u00dfe das Richtige. W\u00e4hlen Sie aus charmanten Unterk\u00fcnften. <\/span><strong class=\"qwen-markdown-strong\"><span class=\"qwen-markdown-text\">Starry Sky Wohnmobile<\/span><\/strong><span class=\"qwen-markdown-text\"> mit Panorama-Oberlichtern f\u00fcr den Blick in den Himmel, ger\u00e4umig <\/span><strong class=\"qwen-markdown-strong\"><span class=\"qwen-markdown-text\">1-Schlafzimmer-Blockh\u00fctten-Villen<\/span><\/strong><span class=\"qwen-markdown-text\"> mit privaten Innenh\u00f6fen, die sich perfekt f\u00fcr Grillabende bei Sonnenuntergang eignen, skurril <\/span><strong class=\"qwen-markdown-strong\"><span class=\"qwen-markdown-text\">Familienbeh\u00e4lter<\/span><\/strong><span class=\"qwen-markdown-text\"> mit separaten Kinderzimmern oder ruhiger <\/span><strong class=\"qwen-markdown-strong\"><span class=\"qwen-markdown-text\">Qinfan-Pavillon mit Seeblick<\/span><\/strong><span class=\"qwen-markdown-text\"> Suiten, die auf Ruhe und Entspannung ausgelegt sind. Jede Wohneinheit ist liebevoll mit hochwertiger Bettw\u00e4sche, moderner Klimaanlage, kostenlosem Highspeed-WLAN und stilvollem Dekor ausgestattet, das rustikalen Charme mit zeitgem\u00e4\u00dfem Komfort verbindet \u2013 f\u00fcr erholsame N\u00e4chte nach erlebnisreichen Tagen.<\/span><\/p>\t\t\t\t\t\t\t\t<\/div>\n\t\t\t\t\t<\/div>\n\t\t<\/div>\n\t\t\t\t\t<\/div>\n\t\t<\/section>\n\t\t\t\t<section class=\"elementor-section elementor-top-section elementor-element elementor-element-d811d9d elementor-section-height-min-height elementor-section-stretched elementor-section-full_width elementor-section-items-stretch elementor-section-height-default elementor-section-column-vertical-align-stretch\" data-id=\"d811d9d\" data-element_type=\"section\" data-e-type=\"section\" data-settings=\"{&quot;stretch_section&quot;:&quot;section-stretched&quot;}\">\n\t\t\t\t\t\t<div class=\"elementor-container elementor-column-gap-no\">\n\t\t\t\t\t<div class=\"elementor-column elementor-col-50 elementor-top-column elementor-element elementor-element-b484a83\" data-id=\"b484a83\" data-element_type=\"column\" data-e-type=\"column\">\n\t\t\t<div class=\"elementor-widget-wrap elementor-element-populated\">\n\t\t\t\t\t\t<div class=\"elementor-element elementor-element-3cc5ad9 elementor-invisible elementor-widget elementor-widget-text-editor\" data-id=\"3cc5ad9\" data-element_type=\"widget\" data-e-type=\"widget\" data-settings=\"{&quot;_animation&quot;:&quot;nussFadeInUp&quot;}\" data-widget_type=\"text-editor.default\">\n\t\t\t\t\t\t\t\t\t<p><span class=\"qwen-markdown-text\">Das Kronjuwel des Resorts ist das angrenzende <\/span><strong class=\"qwen-markdown-strong\"><span class=\"qwen-markdown-text\">Xingqita \u2013 Die stromlose Welt<\/span><\/strong><span class=\"qwen-markdown-text\">, Asiens gr\u00f6\u00dfter Abenteuerpark ohne Stromanschluss erstreckt sich \u00fcber 65.000 Quadratmeter. Familien k\u00f6nnen sich in zw\u00f6lf Themenbereichen austoben, darunter das faszinierende Tiefsee-Labyrinth, hoch aufragende Kletternetze, aufregende Seilrutschen, Piratenspielpl\u00e4tze und interaktive Sandkasten-Relikte. Kinder jeden Alters k\u00f6nnen sicher und fantasievoll spielen, w\u00e4hrend die Eltern in der N\u00e4he entspannen und so unvergessliche Momente der Verbundenheit und Freude erleben. Abends laden private Feuerstellen im Innenhof zum Marshmallow-Grillen ein, und stimmungsvolle Lagerfeuerpartys bieten die perfekte Unterhaltung. Im hauseigenen Restaurant Xinglv genie\u00dfen Sie authentische kantonesische K\u00fcche und den Spezial-Congee. Das Fr\u00fchst\u00fcck wird hier bis 14:00 Uhr serviert \u2013 ideal f\u00fcr einen entspannten Start in den Tag.<\/span><\/p>\t\t\t\t\t\t\t\t<\/div>\n\t\t\t\t\t<\/div>\n\t\t<\/div>\n\t\t\t\t<div class=\"elementor-column elementor-col-50 elementor-top-column elementor-element elementor-element-4e60e52\" data-id=\"4e60e52\" data-element_type=\"column\" data-e-type=\"column\">\n\t\t\t<div class=\"elementor-widget-wrap elementor-element-populated\">\n\t\t\t\t\t\t<div class=\"elementor-element elementor-element-66d4d5e elementor-widget elementor-widget-image\" data-id=\"66d4d5e\" data-element_type=\"widget\" data-e-type=\"widget\" data-widget_type=\"image.default\">\n\t\t\t\t\t\t\t\t\t\t\t\t\t\t\t<img decoding=\"async\" width=\"1024\" height=\"682\" src=\"https:\/\/sumlodolcampingpark.com\/wp-content\/uploads\/2026\/04\/Hengqin-Sumlodol-Camping-Park-35-1024x682.webp\" class=\"attachment-large size-large wp-image-5705\" alt=\"\" srcset=\"https:\/\/sumlodolcampingpark.com\/wp-content\/uploads\/2026\/04\/Hengqin-Sumlodol-Camping-Park-35-1024x682.webp 1024w, https:\/\/sumlodolcampingpark.com\/wp-content\/uploads\/2026\/04\/Hengqin-Sumlodol-Camping-Park-35-300x200.webp 300w, https:\/\/sumlodolcampingpark.com\/wp-content\/uploads\/2026\/04\/Hengqin-Sumlodol-Camping-Park-35-768x512.webp 768w, https:\/\/sumlodolcampingpark.com\/wp-content\/uploads\/2026\/04\/Hengqin-Sumlodol-Camping-Park-35.webp 1280w\" sizes=\"(max-width: 1024px) 100vw, 1024px\" \/>\t\t\t\t\t\t\t\t\t\t\t\t\t\t\t<\/div>\n\t\t\t\t\t<\/div>\n\t\t<\/div>\n\t\t\t\t\t<\/div>\n\t\t<\/section>\n\t\t\t\t<section class=\"elementor-section elementor-top-section elementor-element elementor-element-85b8b94 elementor-section-height-min-height elementor-section-stretched elementor-section-full_width elementor-section-items-stretch elementor-section-height-default elementor-section-column-vertical-align-stretch\" data-id=\"85b8b94\" data-element_type=\"section\" data-e-type=\"section\" data-settings=\"{&quot;stretch_section&quot;:&quot;section-stretched&quot;}\">\n\t\t\t\t\t\t<div class=\"elementor-container elementor-column-gap-no\">\n\t\t\t\t\t<div class=\"elementor-column elementor-col-50 elementor-top-column elementor-element elementor-element-303d617\" data-id=\"303d617\" data-element_type=\"column\" data-e-type=\"column\">\n\t\t\t<div class=\"elementor-widget-wrap elementor-element-populated\">\n\t\t\t\t\t\t<div class=\"elementor-element elementor-element-86d4fd5 elementor-widget elementor-widget-image\" data-id=\"86d4fd5\" data-element_type=\"widget\" data-e-type=\"widget\" data-widget_type=\"image.default\">\n\t\t\t\t\t\t\t\t\t\t\t\t\t\t\t<img loading=\"lazy\" decoding=\"async\" width=\"1024\" height=\"682\" src=\"https:\/\/sumlodolcampingpark.com\/wp-content\/uploads\/2026\/04\/business-facilities-9-1024x682.webp\" class=\"attachment-large size-large wp-image-5804\" alt=\"\" srcset=\"https:\/\/sumlodolcampingpark.com\/wp-content\/uploads\/2026\/04\/business-facilities-9-1024x682.webp 1024w, https:\/\/sumlodolcampingpark.com\/wp-content\/uploads\/2026\/04\/business-facilities-9-300x200.webp 300w, https:\/\/sumlodolcampingpark.com\/wp-content\/uploads\/2026\/04\/business-facilities-9-768x512.webp 768w, https:\/\/sumlodolcampingpark.com\/wp-content\/uploads\/2026\/04\/business-facilities-9.webp 1280w\" sizes=\"(max-width: 1024px) 100vw, 1024px\" \/>\t\t\t\t\t\t\t\t\t\t\t\t\t\t\t<\/div>\n\t\t\t\t\t<\/div>\n\t\t<\/div>\n\t\t\t\t<div class=\"elementor-column elementor-col-50 elementor-top-column elementor-element elementor-element-89778f5\" data-id=\"89778f5\" data-element_type=\"column\" data-e-type=\"column\">\n\t\t\t<div class=\"elementor-widget-wrap elementor-element-populated\">\n\t\t\t\t\t\t<div class=\"elementor-element elementor-element-3d17902 elementor-invisible elementor-widget elementor-widget-text-editor\" data-id=\"3d17902\" data-element_type=\"widget\" data-e-type=\"widget\" data-settings=\"{&quot;_animation&quot;:&quot;nussFadeInUp&quot;}\" data-widget_type=\"text-editor.default\">\n\t\t\t\t\t\t\t\t\t<p><span class=\"qwen-markdown-text\">Gesch\u00e4ftsreisende und Veranstaltungsplaner entdecken eine erfrischende Alternative zu herk\u00f6mmlichen Konferenzzentren. Unsere vielseitigen <\/span><strong class=\"qwen-markdown-strong\"><span class=\"qwen-markdown-text\">multifunktionale Veranstaltungsr\u00e4ume<\/span><\/strong><span class=\"qwen-markdown-text\"> Speziell ausgestattete Konferenzr\u00e4ume mit professionellem Sekretariatsservice und zuverl\u00e4ssiger Internetverbindung bieten den idealen Rahmen f\u00fcr Strategiebesprechungen, Teambuilding-Events oder exklusive Firmenveranstaltungen. Stellen Sie sich Brainstorming-Sitzungen mit Blick auf den idyllischen See vor, gefolgt von gemeinsamen Herausforderungen im Abenteuerpark und festlichen Abendessen unter freiem Himmel \u2013 eine Kombination, die Kreativit\u00e4t, Motivation und Ergebnisse f\u00f6rdert.<\/span><\/p>\t\t\t\t\t\t\t\t<\/div>\n\t\t\t\t\t<\/div>\n\t\t<\/div>\n\t\t\t\t\t<\/div>\n\t\t<\/section>\n\t\t\t\t<section class=\"elementor-section elementor-top-section elementor-element elementor-element-2b9162a elementor-section-height-min-height elementor-section-stretched elementor-section-full_width elementor-section-items-stretch elementor-section-height-default elementor-section-column-vertical-align-stretch\" data-id=\"2b9162a\" data-element_type=\"section\" data-e-type=\"section\" data-settings=\"{&quot;stretch_section&quot;:&quot;section-stretched&quot;}\">\n\t\t\t\t\t\t<div class=\"elementor-container elementor-column-gap-no\">\n\t\t\t\t\t<div class=\"elementor-column elementor-col-50 elementor-top-column elementor-element elementor-element-b96241f\" data-id=\"b96241f\" data-element_type=\"column\" data-e-type=\"column\">\n\t\t\t<div class=\"elementor-widget-wrap elementor-element-populated\">\n\t\t\t\t\t\t<div class=\"elementor-element elementor-element-f9ab13d elementor-invisible elementor-widget elementor-widget-text-editor\" data-id=\"f9ab13d\" data-element_type=\"widget\" data-e-type=\"widget\" data-settings=\"{&quot;_animation&quot;:&quot;nussFadeInUp&quot;}\" data-widget_type=\"text-editor.default\">\n\t\t\t\t\t\t\t\t\t<p><span class=\"qwen-markdown-text\">Komfort steht im Mittelpunkt des Sumlodol-Erlebnisses. Genie\u00dfen Sie kostenlose Parkpl\u00e4tze mit Ladestationen f\u00fcr Elektrofahrzeuge, eine 24-Stunden-Rezeption, Express-Check-in\/Check-out, Gep\u00e4ckaufbewahrung und unkomplizierte Taxibuchung. Dank der erstklassigen Lage des Resorts auf der Insel Hengqin erreichen Sie weltbekannte Sehensw\u00fcrdigkeiten in wenigen Minuten. <\/span><a href=\"https:\/\/chimelongoceankingdom.com\/\" target=\"_blank\" rel=\"noopener\"><strong class=\"qwen-markdown-strong\"><span class=\"qwen-markdown-text\">Zhuhai Chimelong Ozeank\u00f6nigreich<\/span><\/strong><\/a><span class=\"qwen-markdown-text\"> (7 km), <a href=\"https:\/\/chimelongspaceshiphotel.com\/\" target=\"_blank\" rel=\"noopener\">Chimelong-Raumschiff<\/a>, Entdecken Sie Macaus ber\u00fchmte Wahrzeichen \u00fcber die Lotusbr\u00fccke und die malerischen Wanderwege von Hengqin. Ob Sie mit dem Auto, dem Zug vom Bahnhof Zhuhai (12 km) oder \u00fcber den internationalen Flughafen Macau (10 km) anreisen \u2013 Ihre Reise zur Entspannung beginnt mit Ihrer Ankunft.<\/span><\/p>\t\t\t\t\t\t\t\t<\/div>\n\t\t\t\t\t<\/div>\n\t\t<\/div>\n\t\t\t\t<div class=\"elementor-column elementor-col-50 elementor-top-column elementor-element elementor-element-2b0dfbc\" data-id=\"2b0dfbc\" data-element_type=\"column\" data-e-type=\"column\">\n\t\t\t<div class=\"elementor-widget-wrap elementor-element-populated\">\n\t\t\t\t\t\t<div class=\"elementor-element elementor-element-47467ed elementor-widget elementor-widget-image\" data-id=\"47467ed\" data-element_type=\"widget\" data-e-type=\"widget\" data-widget_type=\"image.default\">\n\t\t\t\t\t\t\t\t\t\t\t\t\t\t\t<img loading=\"lazy\" decoding=\"async\" width=\"639\" height=\"853\" src=\"https:\/\/sumlodolcampingpark.com\/wp-content\/uploads\/2026\/04\/Hengqin-Sumlodol-Camping-Park-57.webp\" class=\"attachment-large size-large wp-image-5728\" alt=\"\" srcset=\"https:\/\/sumlodolcampingpark.com\/wp-content\/uploads\/2026\/04\/Hengqin-Sumlodol-Camping-Park-57.webp 639w, https:\/\/sumlodolcampingpark.com\/wp-content\/uploads\/2026\/04\/Hengqin-Sumlodol-Camping-Park-57-225x300.webp 225w\" sizes=\"(max-width: 639px) 100vw, 639px\" \/>\t\t\t\t\t\t\t\t\t\t\t\t\t\t\t<\/div>\n\t\t\t\t\t<\/div>\n\t\t<\/div>\n\t\t\t\t\t<\/div>\n\t\t<\/section>\n\t\t<div class=\"elementor-element elementor-element-f876359 e-flex e-con-boxed e-con e-parent\" data-id=\"f876359\" data-element_type=\"container\" data-e-type=\"container\">\n\t\t\t\t\t<div class=\"e-con-inner\">\n\t\t\t\t<div class=\"elementor-element elementor-element-d8d7694 elementor-widget elementor-widget-text-editor\" data-id=\"d8d7694\" data-element_type=\"widget\" data-e-type=\"widget\" data-widget_type=\"text-editor.default\">\n\t\t\t\t\t\t\t\t\t<div class=\"qwen-markdown-paragraph\" data-spm-anchor-id=\"a2ty_o01.29997173.0.i25.578051710XUOvK\"><span class=\"qwen-markdown-text\">Im Hengqin Sumlodol Camping Park glauben wir, dass Reisen die Seele erfrischen sollte. Unser \u201cParadies-Butler\u201d-Service erf\u00fcllt Ihnen jeden Wunsch, w\u00e4hrend umweltbewusstes Design die nat\u00fcrliche Sch\u00f6nheit der Umgebung bewahrt. Von Yoga bei Sonnenaufgang auf Ihrer privaten Terrasse bis hin zu Sternenbeobachtungen, von fr\u00f6hlichem Familienspa\u00df auf dem Spielplatz bis zu produktiven Meetings inmitten der Natur \u2013 jedes Detail ist darauf ausgerichtet, Ihnen Authentizit\u00e4t, Komfort und unvergessliche Momente zu schenken.<\/span><\/div><div class=\"qwen-markdown-space\">\u00a0<\/div><div class=\"qwen-markdown-paragraph\"><strong class=\"qwen-markdown-strong\"><span class=\"qwen-markdown-text\">Buchen Sie noch heute Ihre Auszeit!<\/span><\/strong><span class=\"qwen-markdown-text\"> Erleben Sie selbst, warum Reisende den Sumlodol Camping Park zu den au\u00dfergew\u00f6hnlichsten Unterk\u00fcnften in Zhuhai z\u00e4hlen. Ob Familienabenteuer, romantischer Kurzurlaub, Inspiration f\u00fcr Gesch\u00e4ftstreffen oder Erholung f\u00fcr sich allein \u2013 Ihr perfekter R\u00fcckzugsort in der Natur erwartet Sie in der Hengqin Huandao North Road 108. Hier wird jeder Aufenthalt zu einer unvergesslichen Geschichte.<\/span><\/div>\t\t\t\t\t\t\t\t<\/div>\n\t\t\t\t\t<\/div>\n\t\t\t\t<\/div>\n\t\t\t\t<\/div>","protected":false},"excerpt":{"rendered":"<p>Discover Hengqin Sumlodol Camping Park: Zhuhai&#8217;s Premier Nature-Integrated Resort Experience Nestled along the scenic Hengqin Huandao North Road in Zhuhai&#8217;s vibrant Xiangzhou District, Hengqin Sumlodol Camping Park redefines luxury outdoor hospitality by seamlessly blending immersive camping adventures with five-star comfort. As Guangdong&#8217;s innovative &#8220;self-driving + camping + paradise&#8221; destination, this award-winning resort invites travelers to [&hellip;]<\/p>\n","protected":false},"author":1,"featured_media":0,"parent":0,"menu_order":0,"comment_status":"closed","ping_status":"closed","template":"elementor_header_footer","meta":{"footnotes":""},"class_list":["post-2103","page","type-page","status-publish","hentry","post-no-thumbnail"],"_links":{"self":[{"href":"https:\/\/sumlodolcampingpark.com\/de\/wp-json\/wp\/v2\/pages\/2103","targetHints":{"allow":["GET"]}}],"collection":[{"href":"https:\/\/sumlodolcampingpark.com\/de\/wp-json\/wp\/v2\/pages"}],"about":[{"href":"https:\/\/sumlodolcampingpark.com\/de\/wp-json\/wp\/v2\/types\/page"}],"author":[{"embeddable":true,"href":"https:\/\/sumlodolcampingpark.com\/de\/wp-json\/wp\/v2\/users\/1"}],"replies":[{"embeddable":true,"href":"https:\/\/sumlodolcampingpark.com\/de\/wp-json\/wp\/v2\/comments?post=2103"}],"version-history":[{"count":0,"href":"https:\/\/sumlodolcampingpark.com\/de\/wp-json\/wp\/v2\/pages\/2103\/revisions"}],"wp:attachment":[{"href":"https:\/\/sumlodolcampingpark.com\/de\/wp-json\/wp\/v2\/media?parent=2103"}],"curies":[{"name":"wp","href":"https:\/\/api.w.org\/{rel}","templated":true}]}}